{"id":145,"date":"2017-10-11T09:48:19","date_gmt":"2017-10-11T02:48:19","guid":{"rendered":"http:\/\/localhost\/theme\/?page_id=145"},"modified":"2020-11-05T00:44:06","modified_gmt":"2020-11-04T17:44:06","slug":"gioi-thieu","status":"publish","type":"page","link":"https:\/\/khachhang4.web3b.com\/rocketbattery\/gioi-thieu\/","title":{"rendered":"Gi\u1edbi thi\u1ec7u"},"content":{"rendered":"<p>[vc_row][vc_column][vc_tta_accordion][vc_tta_section title=&#8221;Th\u00f4ng tin c\u00f4ng ty&#8221; tab_id=&#8221;1543465075296-0131ce91-e566&#8243;][vc_column_text]<\/p>\n<p style=\"text-align: justify;\"><strong>ROCKET &#8211; D\u1eabn \u0111\u1ea7u ng\u00e0nh c\u00f4ng nghi\u1ec7p \u1eafc quy<\/strong><strong>\u00a0<\/strong><\/p>\n<p style=\"text-align: justify;\"><strong>Th\u01b0\u01a1ng hi\u1ec7u ROCKET \u0111\u00e3 d\u1eabn \u0111\u1ea7u ng\u00e0nh c\u00f4ng nghi\u1ec7p \u1eafc quy \u1edf H\u00e0n Qu\u1ed1c trong h\u01a1n n\u1eeda th\u1ebf k\u1ef7 k\u1ec3 t\u1eeb k\u1ec3 t\u1eeb khi th\u00e0nh l\u1eadp v\u00e0o n\u0103m 1952.<\/strong><\/p>\n<p style=\"text-align: justify;\">ROCKET li\u00ean t\u1ee5c \u0111\u1ed5i m\u1edbi \u0111\u1ec3 ph\u00f9 h\u1ee3p v\u1edbi nhu c\u1ea7u th\u1ecb tr\u01b0\u1eddng lu\u00f4n thay \u0111\u1ed5i, v\u00e0 \u0111\u00e3 t\u1eadp trung n\u1ed7 l\u1ef1c kh\u00f4ng ng\u1eebng \u0111\u1ec3 ph\u00e1t tri\u1ec3n c\u00f4ng ngh\u1ec7 \u0111\u1ec3 s\u1ea3n xu\u1ea5t <span style=\"color: #333333;\"><a style=\"color: #333333;\" href=\"https:\/\/dienmaygiare.net\/mua\/\">s\u1ea3n ph\u1ea9m<\/a><\/span> t\u1ed1t nh\u1ea5t. Ch\u1ea5t l\u01b0\u1ee3ng ROCKET \u0111\u01b0\u1ee3c ch\u1ee9ng nh\u1eadn b\u1edfi nhi\u1ec1u t\u1ed5 ch\u1ee9c trong v\u00e0 ngo\u00e0i n\u01b0\u1edbc nh\u01b0 UL, JIS, ISO9000, ISO14000, certification of Atomic Energy and TS16949\u2026<\/p>\n<p style=\"text-align: justify;\">K\u1ebft qu\u1ea3 l\u00e0, ROCKET \u0111\u00e3 ph\u00e1t tri\u1ec3n kh\u00f4ng ch\u1ec9 l\u00e0 th\u01b0\u01a1ng hi\u1ec7u \u0111\u1ea1i di\u1ec7n cho H\u00e0n Qu\u1ed1c m\u00e0 c\u00f2n l\u00e0 m\u1ed9t trong n\u0103m th\u01b0\u01a1ng hi\u1ec7u h\u00e0ng \u0111\u1ea7u xu\u1ea5t kh\u1ea9u sang h\u01a1n 130 qu\u1ed1c gia tr\u00ean th\u1ebf gi\u1edbi.<\/p>\n<p style=\"text-align: justify;\">B\u00e2y gi\u1edd, ROCKET \u0111ang t\u1eadp trung n\u1ed7 l\u1ef1c \u0111\u1ec3 tr\u1edf th\u00e0nh th\u01b0\u01a1ng hi\u1ec7u \u1eafc quy h\u00e0ng \u0111\u1ea7u tr\u00ean th\u1ebf gi\u1edbi.<\/p>\n<p style=\"text-align: justify;\">V\u00e0 ch\u00fang t\u00f4i, ROCKET, s\u1ebd c\u1ed1 g\u1eafng h\u1ebft m\u00ecnh \u0111\u1ec3 ph\u00e1t tri\u1ec3n n\u0103ng l\u01b0\u1ee3ng s\u1ea1ch c\u00f4ng ngh\u1ec7 cao, cho ph\u00e9p ch\u00fang ta t\u1eadn h\u01b0\u1edfng v\u00e0 tho\u1ea3i m\u00e1i trong m\u00f4i tr\u01b0\u1eddng trong s\u1ea1ch.<\/p>\n<p style=\"text-align: justify;\"><strong>Website:\u00a0<\/strong><a href=\"https:\/\/www.Rocketbattery.com\"><strong>https:\/\/www.Rocketbattery.com<\/strong><\/a><strong>\u00a0 <\/strong><\/p>\n<p style=\"text-align: justify;\"><strong>R\u1ea5t mong nh\u1eadn \u0111\u01b0\u1ee3c s\u1ef1 quan t\u00e2m, h\u1ee3p t\u00e1c t\u1eeb Qu\u00fd kh\u00e1ch h\u00e0ng!<\/strong><\/p>\n<p style=\"text-align: justify;\"><strong>Tr\u00e2n tr\u1ecdng c\u1ea3m \u01a1n!<\/strong><\/p>\n<p>[\/vc_column_text][\/vc_tta_section][\/vc_tta_accordion][\/vc_column][\/vc_row]<\/p>\n","protected":false},"excerpt":{"rendered":"<p>[vc_row][vc_column][vc_tta_accordion][vc_tta_section title=&#8221;Th\u00f4ng tin c\u00f4ng ty&#8221; tab_id=&#8221;1543465075296-0131ce91-e566&#8243;][vc_column_text] ROCKET &#8211; D\u1eabn \u0111\u1ea7u ng\u00e0nh c\u00f4ng nghi\u1ec7p \u1eafc quy\u00a0 Th\u01b0\u01a1ng hi\u1ec7u ROCKET \u0111\u00e3 d\u1eabn \u0111\u1ea7u ng\u00e0nh c\u00f4ng nghi\u1ec7p \u1eafc quy \u1edf H\u00e0n Qu\u1ed1c trong h\u01a1n n\u1eeda th\u1ebf k\u1ef7 k\u1ec3 t\u1eeb k\u1ec3 t\u1eeb khi th\u00e0nh l\u1eadp v\u00e0o n\u0103m 1952. ROCKET li\u00ean t\u1ee5c \u0111\u1ed5i m\u1edbi \u0111\u1ec3 ph\u00f9 h\u1ee3p v\u1edbi nhu c\u1ea7u [&hellip;]<\/p>\n","protected":false},"author":1,"featured_media":0,"parent":0,"menu_order":0,"comment_status":"closed","ping_status":"closed","template":"page-fullwidth.php","meta":[],"yoast_head":"<!-- This site is optimized with the Yoast SEO plugin v16.0.2 - https:\/\/yoast.com\/wordpress\/plugins\/seo\/ -->\n<title>Gi\u1edbi thi\u1ec7u - Rocket Battery<\/title>\n<meta property=\"og:locale\" content=\"vi_VN\" \/>\n<meta property=\"og:type\" content=\"article\" \/>\n<meta property=\"og:title\" content=\"Gi\u1edbi thi\u1ec7u - Rocket Battery\" \/>\n<meta property=\"og:description\" content=\"[vc_row][vc_column][vc_tta_accordion][vc_tta_section title=&#8221;Th\u00f4ng tin c\u00f4ng ty&#8221; tab_id=&#8221;1543465075296-0131ce91-e566&#8243;][vc_column_text] ROCKET &#8211; D\u1eabn \u0111\u1ea7u ng\u00e0nh c\u00f4ng nghi\u1ec7p \u1eafc quy\u00a0 Th\u01b0\u01a1ng hi\u1ec7u ROCKET \u0111\u00e3 d\u1eabn \u0111\u1ea7u ng\u00e0nh c\u00f4ng nghi\u1ec7p \u1eafc quy \u1edf H\u00e0n Qu\u1ed1c trong h\u01a1n n\u1eeda th\u1ebf k\u1ef7 k\u1ec3 t\u1eeb k\u1ec3 t\u1eeb khi th\u00e0nh l\u1eadp v\u00e0o n\u0103m 1952. ROCKET li\u00ean t\u1ee5c \u0111\u1ed5i m\u1edbi \u0111\u1ec3 ph\u00f9 h\u1ee3p v\u1edbi nhu c\u1ea7u [&hellip;]\" \/>\n<meta property=\"og:url\" content=\"https:\/\/khachhang4.web3b.com\/rocketbattery\/gioi-thieu\/\" \/>\n<meta property=\"og:site_name\" content=\"Rocket Battery\" \/>\n<meta property=\"article:modified_time\" content=\"2020-11-04T17:44:06+00:00\" \/>\n<meta name=\"twitter:card\" content=\"summary_large_image\" \/>\n<meta name=\"twitter:label1\" content=\"\u01af\u1edbc t\u00ednh th\u1eddi gian \u0111\u1ecdc\">\n\t<meta name=\"twitter:data1\" content=\"2 ph\u00fat\">\n<script type=\"application\/ld+json\" class=\"yoast-schema-graph\">{\"@context\":\"https:\/\/schema.org\",\"@graph\":[{\"@type\":\"WebSite\",\"@id\":\"https:\/\/khachhang4.web3b.com\/rocketbattery\/#website\",\"url\":\"https:\/\/khachhang4.web3b.com\/rocketbattery\/\",\"name\":\"Rocket Battery\",\"description\":\"\",\"potentialAction\":[{\"@type\":\"SearchAction\",\"target\":\"https:\/\/khachhang4.web3b.com\/rocketbattery\/?s={search_term_string}\",\"query-input\":\"required name=search_term_string\"}],\"inLanguage\":\"vi\"},{\"@type\":\"WebPage\",\"@id\":\"https:\/\/khachhang4.web3b.com\/rocketbattery\/gioi-thieu\/#webpage\",\"url\":\"https:\/\/khachhang4.web3b.com\/rocketbattery\/gioi-thieu\/\",\"name\":\"Gi\\u1edbi thi\\u1ec7u - Rocket Battery\",\"isPartOf\":{\"@id\":\"https:\/\/khachhang4.web3b.com\/rocketbattery\/#website\"},\"datePublished\":\"2017-10-11T02:48:19+00:00\",\"dateModified\":\"2020-11-04T17:44:06+00:00\",\"breadcrumb\":{\"@id\":\"https:\/\/khachhang4.web3b.com\/rocketbattery\/gioi-thieu\/#breadcrumb\"},\"inLanguage\":\"vi\",\"potentialAction\":[{\"@type\":\"ReadAction\",\"target\":[\"https:\/\/khachhang4.web3b.com\/rocketbattery\/gioi-thieu\/\"]}]},{\"@type\":\"BreadcrumbList\",\"@id\":\"https:\/\/khachhang4.web3b.com\/rocketbattery\/gioi-thieu\/#breadcrumb\",\"itemListElement\":[{\"@type\":\"ListItem\",\"position\":1,\"item\":{\"@type\":\"WebPage\",\"@id\":\"https:\/\/khachhang4.web3b.com\/rocketbattery\/\",\"url\":\"https:\/\/khachhang4.web3b.com\/rocketbattery\/\",\"name\":\"Trang ch\\u1ee7\"}},{\"@type\":\"ListItem\",\"position\":2,\"item\":{\"@type\":\"WebPage\",\"@id\":\"https:\/\/khachhang4.web3b.com\/rocketbattery\/gioi-thieu\/\",\"url\":\"https:\/\/khachhang4.web3b.com\/rocketbattery\/gioi-thieu\/\",\"name\":\"Gi\\u1edbi thi\\u1ec7u\"}}]}]}<\/script>\n<!-- \/ Yoast SEO plugin. -->","_links":{"self":[{"href":"https:\/\/khachhang4.web3b.com\/rocketbattery\/wp-json\/wp\/v2\/pages\/145"}],"collection":[{"href":"https:\/\/khachhang4.web3b.com\/rocketbattery\/wp-json\/wp\/v2\/pages"}],"about":[{"href":"https:\/\/khachhang4.web3b.com\/rocketbattery\/wp-json\/wp\/v2\/types\/page"}],"author":[{"embeddable":true,"href":"https:\/\/khachhang4.web3b.com\/rocketbattery\/wp-json\/wp\/v2\/users\/1"}],"replies":[{"embeddable":true,"href":"https:\/\/khachhang4.web3b.com\/rocketbattery\/wp-json\/wp\/v2\/comments?post=145"}],"version-history":[{"count":0,"href":"https:\/\/khachhang4.web3b.com\/rocketbattery\/wp-json\/wp\/v2\/pages\/145\/revisions"}],"wp:attachment":[{"href":"https:\/\/khachhang4.web3b.com\/rocketbattery\/wp-json\/wp\/v2\/media?parent=145"}],"curies":[{"name":"wp","href":"https:\/\/api.w.org\/{rel}","templated":true}]}}