{"id":237,"date":"2018-11-28T17:33:09","date_gmt":"2018-11-28T10:33:09","guid":{"rendered":"http:\/\/localhost\/web3b\/rocketbattery\/?page_id=237"},"modified":"2018-12-28T09:33:13","modified_gmt":"2018-12-28T02:33:13","slug":"lich-su-hinh-thanh-phat-trien","status":"publish","type":"page","link":"https:\/\/khachhang4.web3b.com\/rocketbattery\/lich-su-hinh-thanh-phat-trien\/","title":{"rendered":"L\u1ecbch s\u1eed h\u00ecnh th\u00e0nh &#8211; ph\u00e1t tri\u1ec3n"},"content":{"rendered":"<p><span style=\"font-size: 24px; color: #ff9900;\"><strong>2010&#8217;s<\/strong><\/span><\/p>\n<p><span style=\"color: #339966;\"><strong>2010.11<\/strong><\/span><\/p>\n<p>Nh\u1eadn gi\u1ea3i th\u01b0\u1edfng TOP xu\u1ea5t kh\u1ea9u 400,000,000 USD<\/p>\n<p><span style=\"color: #339966;\"><strong>2013.03<\/strong><\/span><\/p>\n<p>\u00d4ng Lim Dong Joon nh\u1eadm ch\u1ee9c gi\u00e1m \u0111\u1ed1c chi nh\u00e1nh<\/p>\n<p><span style=\"color: #339966;\"><strong>2014.12<\/strong><\/span><\/p>\n<p>Nh\u1eadn gi\u1ea3i th\u01b0\u01a1ng TOP xu\u1ea5t kh\u1ea9u 600,000,000 USD<\/p>\n<p><span style=\"color: #339966;\"><strong>2015.02<\/strong><\/span><\/p>\n<p>7 n\u0103m li\u00ean ti\u1ebfp \u0111\u1ea1t \u0111\u01b0\u1ee3c v\u1ecb tr\u00ed s\u1ed1 1 danh hi\u1ec7u Brand Power.<\/p>\n<p><span style=\"color: #339966;\"><strong>2015.03<\/strong><\/span><\/p>\n<p>Park Kwang Hee, Lee Young Joon c\u00f9ng nh\u1eadm ch\u1ee9c gi\u00e1m \u0111\u1ed1c chi nh\u00e1nh<\/p>\n<p><span style=\"color: #339966;\"><strong>2015.10<\/strong><\/span><\/p>\n<p>Nh\u1eadn gi\u1ea3i th\u01b0\u1edfng cao nh\u1ea5t v\u1ec1 ch\u1ea5t l\u01b0\u1ee3ng kinh doanh do Vi\u1ec7n nghi\u00ean c\u1ee9u ch\u1ea5t l\u01b0\u1ee3ng kinh doanh- tr\u00e1ch nhi\u1ec7m x\u00e3 h\u1ed9i trao t\u1eb7ng.<\/p>\n<p><span style=\"font-size: 24px;\"><strong><span style=\"color: #ff9900;\">2000&#8217;s<\/span><\/strong><\/span><\/p>\n<p><span style=\"color: #339966;\"><strong>2004.02<\/strong><\/span><\/p>\n<p>\u0110\u1ed5i sang t\u00ean ti\u1ebfng anh l\u00e0 GLOBAL Battery Co., Ltd<\/p>\n<p><span style=\"color: #339966;\"><strong>2004.06<\/strong><\/span><\/p>\n<p>c\u00f4ng ty li\u00ean doanh Nh\u1eadt B\u1ea3n \u0111\u1ed5i th\u00e0nh GS Yuasa international Ltd<\/p>\n<p><span style=\"color: #339966;\"><strong>2005.09<\/strong><\/span><\/p>\n<p>C\u1ed5 \u0111\u00f4ng l\u1edbn nh\u1ea5t \u0111\u1ed5i t\u00ean th\u00e0nh Sebang<\/p>\n<p><span style=\"color: #339966;\"><strong>2006.03<\/strong><\/span><\/p>\n<p>Ho\u00e0n c\u00f4ng nh\u00e0 m\u00e1y pin Ni-MH t\u1ea1i GwangJu<\/p>\n<p><span style=\"color: #339966;\"><strong>2008.02<\/strong><\/span><\/p>\n<p>T\u1eeb \u0111\u1ed3ng \u00a02 gi\u00e1m \u0111\u1ed1c th\u00e0nh 1 gi\u00e1m \u0111\u1ed1c (Gi\u00e1m \u0111\u1ed1c Kim Song Kyu)<\/p>\n<p><span style=\"font-size: 24px; color: #ff9900;\"><strong>1990&#8217;s<\/strong><\/span><\/p>\n<p><span style=\"color: #339966;\"><strong>1992.10<\/strong><\/span><\/p>\n<p>H\u1ee3p t\u00e1c k\u1ef9 thu\u1eadt v\u1edbi SAFT c\u1ee7a Ph\u00e1p<\/p>\n<p><span style=\"color: #339966;\"><strong>1993.01<\/strong><\/span><\/p>\n<p>B\u01b0\u1edbc v\u00e0o giai \u0111o\u1ea1n ho\u00e0n c\u00f4ng th\u1ee9 2 c\u1ee7a APT Sawon<\/p>\n<p><span style=\"color: #339966;\"><strong>1993.05<\/strong><\/span><\/p>\n<p>Di chuy\u1ec3n tr\u1ee5 s\u1edf ch\u00ednh (Yeoksam-dong, Gangnam-gu, Seoul)<\/p>\n<p><span style=\"color: #339966;\"><strong>1994.11<\/strong><\/span><\/p>\n<p>Ho\u00e0n th\u00e0nh nh\u00e0 m\u00e1y s\u1ed1 2 t\u1ea1i Gwangju<\/p>\n<p><span style=\"color: #339966;\"><strong>1996.01<\/strong><\/span><\/p>\n<p>\u0110\u1ed5i t\u00ean nh\u00e0 m\u00e1y Hanam th\u00e0nh nh\u00e0 m\u00e1y Gwangju<\/p>\n<p><span style=\"color: #339966;\"><strong>1998.01<\/strong><\/span><\/p>\n<p>Ti\u1ebfn h\u00e0nh \u0111\u00e1nh gi\u00e1 t\u00e0i s\u1ea3n<\/p>\n<p><strong><span style=\"font-size: 24px; color: #ff9900;\">1980&#8217;s<\/span><\/strong><\/p>\n<p><span style=\"color: #339966;\"><strong>1983.03<\/strong><\/span><\/p>\n<p>Ch\u1ec9 \u0111\u1ecbnh nh\u00e0 m\u00e1y c\u1ea5p 1 th\u1ea9m \u0111\u1ecbnh qu\u1ea3n l\u00fd ch\u1ea5t l\u01b0\u1ee3ng (Th\u1ea9m \u0111\u1ecbnh s\u1ed1 B 1-8)<\/p>\n<p><span style=\"color: #339966;\"><strong>1984.01<\/strong><\/span><\/p>\n<p>Ti\u1ebfn h\u00e0nh \u0111\u00e1nh gi\u00e1 t\u00e0i s\u1ea3n<\/p>\n<p><span style=\"color: #339966;\"><strong>1985.07<\/strong><\/span><\/p>\n<p>Mua tr\u1ee5 s\u1edf ch\u00ednh ( Bangbae-dong, Seocho-gu, Seoul)<\/p>\n<p><span style=\"color: #339966;\"><strong>1985.10<\/strong><\/span><\/p>\n<p>1985.10 Kh\u1edfi c\u00f4ng x\u00e2y d\u1ef1ng nh\u00e0 m\u00e1y s\u1ed1 3 t\u1ea1i Changwon giai \u0111o\u1ea1n 1.<\/p>\n<p><span style=\"color: #339966;\"><strong>1986.03<\/strong><\/span><\/p>\n<p>T\u0103ng v\u1ed1n \u0111\u1ea7u t\u01b0 gi\u00e1n ti\u1ebfp l\u00ean th\u00e0nh 3.000.000.000 Won<\/p>\n<p><span style=\"color: #339966;\"><strong>1987.06<\/strong><\/span><\/p>\n<p>Kh\u1edfi c\u00f4ng x\u00e2y d\u1ef1ng nh\u00e0 m\u00e1y s\u1ed1 3 t\u1ea1i nh\u00e0 m\u00e1y Changwon giai \u0111o\u1ea1n 2<\/p>\n<p><span style=\"color: #339966;\"><strong>1987.09<\/strong><\/span><\/p>\n<p>T\u0103ng v\u1ed1n \u0111\u1ea7u t\u01b0 gi\u00e1n ti\u1ebfp l\u00ean th\u00e0nh 4.000.000.000.<\/p>\n<p><span style=\"color: #339966;\"><strong>1987.11<\/strong><\/span><\/p>\n<p>C\u00f4ng khai doanh nghi\u1ec7p v\u00e0 ni\u00eam y\u1ebft c\u1ed5 ph\u1ea7n ( V\u1ed1n \u0111\u1ea7u t\u01b0 7.000.000.000 Won)<\/p>\n<p><span style=\"color: #339966;\"><strong>1988.07<\/strong><\/span><\/p>\n<p>H\u1ee3p t\u00e1c k\u1ef9 thu\u1eadt v\u1edbi HAGEN c\u1ee7a \u0110\u1ee9c .<\/p>\n<p><span style=\"color: #339966;\"><strong>1989.11<\/strong><\/span><\/p>\n<p>Kh\u1edfi c\u00f4ng x\u00e2y d\u1ef1ng nh\u00e0 m\u00e1y KwangJu<\/p>\n<p><span style=\"font-size: 24px; color: #ff9900;\"><strong>1970&#8217;s<\/strong><\/span><\/p>\n<p><span style=\"color: #339966;\"><strong>1975.11<\/strong><\/span><\/p>\n<p>Chuy\u1ec3n \u0111\u1ebfn nh\u00e0 m\u00e1y hi\u1ec7n t\u1ea1i \u1edf KCN Changwon, 601-9 Namsandong t\u1ec9nh Changwon<\/p>\n<p><span style=\"color: #339966;\"><strong>1975.04<\/strong><\/span><\/p>\n<p>\u0110\u0103ng k\u00ed doanh nghi\u1ec7p \u0111\u1ea7u t\u01b0 n\u01b0\u1edbc ngo\u00e0i (Ban k\u1ebf ho\u1ea1ch Kinh T\u1ebf s\u1ed1 698).<\/p>\n<p><span style=\"color: #339966;\"><strong>1976.04<\/strong><\/span><\/p>\n<p>H\u1ee3p t\u00e1c v\u1edbi c\u00f4ng ty n\u0103ng l\u01b0\u1ee3ng YUASA Nh\u1eadt B\u1ea3n v\u1ec1 k\u0129 thu\u1eadt v\u00e0 v\u1ed1n<\/p>\n<p><span style=\"color: #339966;\"><strong>1978.07<\/strong><\/span><\/p>\n<p>Mua l\u1ea1i c\u00f4ng ty c\u1ed5 ph\u1ea7n Sebang H\u00e0n Qu\u1ed1c<\/p>\n<p><span style=\"color: #339966;\"><strong>1978.09<\/strong><\/span><\/p>\n<p>\u0110\u1ed5i t\u00ean th\u00e0nh c\u00f4ng ty c\u1ed5 ph\u1ea7n n\u0103ng l\u01b0\u1ee3ng Sebang<\/p>\n<p><span style=\"color: #339966;\"><strong>1978.12<\/strong><\/span><\/p>\n<p>T\u0103ng v\u1ed1n tr\u1ef1c ti\u1ebfp l\u00ean \u0111\u1ebfn 1,383,600,000won.<\/p>\n<p><span style=\"color: #339966;\"><strong>1979.04<\/strong><\/span><\/p>\n<p>T\u0103ng v\u1ed1n tr\u1ef1c ti\u1ebfp l\u00ean \u0111\u1ebfn 1,447,420,000won.<\/p>\n<p><span style=\"color: #339966;\"><strong>1979.11<\/strong><\/span><\/p>\n<p>Kh\u1edfi c\u00f4ng x\u00e2y d\u1ef1ng nh\u00e0 m\u00e1y s\u1ed1 2 c\u1ee7a nh\u00e0 m\u00e1y Changwon.<\/p>\n<p><strong><span style=\"font-size: 24px; color: #ff9900;\">1952&#8217;s<\/span><\/strong><\/p>\n<p><span style=\"color: #339966;\"><strong>1952.09<\/strong><\/span><\/p>\n<p>Th\u00e0nh l\u1eadp vi\u1ec7n nghi\u00ean c\u1ee9u k\u1ef9 thu\u1eadt h\u1ea3i qu\u00e2n<\/p>\n<p><span style=\"color: #339966;\"><strong>1961.07<\/strong><\/span><\/p>\n<p>\u0110\u1ed5i t\u00ean th\u00e0nh vi\u1ec7n c\u00f4ng nghi\u1ec7p n\u0103ng l\u01b0\u1ee3ng Jinhae<\/p>\n<p><span style=\"color: #339966;\"><strong>1966.02<\/strong><\/span><\/p>\n<p>Th\u00e0nh l\u1eadp c\u00f4ng ty c\u1ed5 ph\u1ea7n n\u0103ng l\u01b0\u1ee3ng Jinhae<\/p>\n<p><span style=\"color: #339966;\"><strong>1969.04<\/strong><\/span><\/p>\n<p>T\u0103ng v\u1ed1n tr\u1ef1c ti\u1ebfp l\u00ean \u0111\u1ebfn 234,000,000won<\/p>\n<p>&nbsp;<\/p>\n<p>&nbsp;<\/p>\n<p>&nbsp;<\/p>\n<p>&nbsp;<\/p>\n<p>&nbsp;<\/p>\n<p>&nbsp;<\/p>\n<p>&nbsp;<\/p>\n<p>&nbsp;<\/p>\n<p>&nbsp;<\/p>\n<p>&nbsp;<\/p>\n","protected":false},"excerpt":{"rendered":"<p>2010&#8217;s 2010.11 Nh\u1eadn gi\u1ea3i th\u01b0\u1edfng TOP xu\u1ea5t kh\u1ea9u 400,000,000 USD 2013.03 \u00d4ng Lim Dong Joon nh\u1eadm ch\u1ee9c gi\u00e1m \u0111\u1ed1c chi nh\u00e1nh 2014.12 Nh\u1eadn gi\u1ea3i th\u01b0\u01a1ng TOP xu\u1ea5t kh\u1ea9u 600,000,000 USD 2015.02 7 n\u0103m li\u00ean ti\u1ebfp \u0111\u1ea1t \u0111\u01b0\u1ee3c v\u1ecb tr\u00ed s\u1ed1 1 danh hi\u1ec7u Brand Power. 2015.03 Park Kwang Hee, Lee Young Joon c\u00f9ng nh\u1eadm ch\u1ee9c [&hellip;]<\/p>\n","protected":false},"author":1,"featured_media":0,"parent":0,"menu_order":0,"comment_status":"closed","ping_status":"closed","template":"page-fullwidth.php","meta":[],"yoast_head":"<!-- This site is optimized with the Yoast SEO plugin v16.0.2 - https:\/\/yoast.com\/wordpress\/plugins\/seo\/ -->\n<title>L\u1ecbch s\u1eed h\u00ecnh th\u00e0nh - ph\u00e1t tri\u1ec3n - Rocket Battery<\/title>\n<meta property=\"og:locale\" content=\"vi_VN\" \/>\n<meta property=\"og:type\" content=\"article\" \/>\n<meta property=\"og:title\" content=\"L\u1ecbch s\u1eed h\u00ecnh th\u00e0nh - ph\u00e1t tri\u1ec3n - Rocket Battery\" \/>\n<meta property=\"og:description\" content=\"2010&#8217;s 2010.11 Nh\u1eadn gi\u1ea3i th\u01b0\u1edfng TOP xu\u1ea5t kh\u1ea9u 400,000,000 USD 2013.03 \u00d4ng Lim Dong Joon nh\u1eadm ch\u1ee9c gi\u00e1m \u0111\u1ed1c chi nh\u00e1nh 2014.12 Nh\u1eadn gi\u1ea3i th\u01b0\u01a1ng TOP xu\u1ea5t kh\u1ea9u 600,000,000 USD 2015.02 7 n\u0103m li\u00ean ti\u1ebfp \u0111\u1ea1t \u0111\u01b0\u1ee3c v\u1ecb tr\u00ed s\u1ed1 1 danh hi\u1ec7u Brand Power. 2015.03 Park Kwang Hee, Lee Young Joon c\u00f9ng nh\u1eadm ch\u1ee9c [&hellip;]\" \/>\n<meta property=\"og:url\" content=\"https:\/\/khachhang4.web3b.com\/rocketbattery\/lich-su-hinh-thanh-phat-trien\/\" \/>\n<meta property=\"og:site_name\" content=\"Rocket Battery\" \/>\n<meta property=\"article:modified_time\" content=\"2018-12-28T02:33:13+00:00\" \/>\n<meta name=\"twitter:card\" content=\"summary_large_image\" \/>\n<meta name=\"twitter:label1\" content=\"\u01af\u1edbc t\u00ednh th\u1eddi gian \u0111\u1ecdc\">\n\t<meta name=\"twitter:data1\" content=\"3 ph\u00fat\">\n<script type=\"application\/ld+json\" class=\"yoast-schema-graph\">{\"@context\":\"https:\/\/schema.org\",\"@graph\":[{\"@type\":\"WebSite\",\"@id\":\"https:\/\/khachhang4.web3b.com\/rocketbattery\/#website\",\"url\":\"https:\/\/khachhang4.web3b.com\/rocketbattery\/\",\"name\":\"Rocket Battery\",\"description\":\"\",\"potentialAction\":[{\"@type\":\"SearchAction\",\"target\":\"https:\/\/khachhang4.web3b.com\/rocketbattery\/?s={search_term_string}\",\"query-input\":\"required name=search_term_string\"}],\"inLanguage\":\"vi\"},{\"@type\":\"WebPage\",\"@id\":\"https:\/\/khachhang4.web3b.com\/rocketbattery\/lich-su-hinh-thanh-phat-trien\/#webpage\",\"url\":\"https:\/\/khachhang4.web3b.com\/rocketbattery\/lich-su-hinh-thanh-phat-trien\/\",\"name\":\"L\\u1ecbch s\\u1eed h\\u00ecnh th\\u00e0nh - ph\\u00e1t tri\\u1ec3n - Rocket Battery\",\"isPartOf\":{\"@id\":\"https:\/\/khachhang4.web3b.com\/rocketbattery\/#website\"},\"datePublished\":\"2018-11-28T10:33:09+00:00\",\"dateModified\":\"2018-12-28T02:33:13+00:00\",\"breadcrumb\":{\"@id\":\"https:\/\/khachhang4.web3b.com\/rocketbattery\/lich-su-hinh-thanh-phat-trien\/#breadcrumb\"},\"inLanguage\":\"vi\",\"potentialAction\":[{\"@type\":\"ReadAction\",\"target\":[\"https:\/\/khachhang4.web3b.com\/rocketbattery\/lich-su-hinh-thanh-phat-trien\/\"]}]},{\"@type\":\"BreadcrumbList\",\"@id\":\"https:\/\/khachhang4.web3b.com\/rocketbattery\/lich-su-hinh-thanh-phat-trien\/#breadcrumb\",\"itemListElement\":[{\"@type\":\"ListItem\",\"position\":1,\"item\":{\"@type\":\"WebPage\",\"@id\":\"https:\/\/khachhang4.web3b.com\/rocketbattery\/\",\"url\":\"https:\/\/khachhang4.web3b.com\/rocketbattery\/\",\"name\":\"Trang ch\\u1ee7\"}},{\"@type\":\"ListItem\",\"position\":2,\"item\":{\"@type\":\"WebPage\",\"@id\":\"https:\/\/khachhang4.web3b.com\/rocketbattery\/lich-su-hinh-thanh-phat-trien\/\",\"url\":\"https:\/\/khachhang4.web3b.com\/rocketbattery\/lich-su-hinh-thanh-phat-trien\/\",\"name\":\"L\\u1ecbch s\\u1eed h\\u00ecnh th\\u00e0nh &#8211; ph\\u00e1t tri\\u1ec3n\"}}]}]}<\/script>\n<!-- \/ Yoast SEO plugin. -->","_links":{"self":[{"href":"https:\/\/khachhang4.web3b.com\/rocketbattery\/wp-json\/wp\/v2\/pages\/237"}],"collection":[{"href":"https:\/\/khachhang4.web3b.com\/rocketbattery\/wp-json\/wp\/v2\/pages"}],"about":[{"href":"https:\/\/khachhang4.web3b.com\/rocketbattery\/wp-json\/wp\/v2\/types\/page"}],"author":[{"embeddable":true,"href":"https:\/\/khachhang4.web3b.com\/rocketbattery\/wp-json\/wp\/v2\/users\/1"}],"replies":[{"embeddable":true,"href":"https:\/\/khachhang4.web3b.com\/rocketbattery\/wp-json\/wp\/v2\/comments?post=237"}],"version-history":[{"count":0,"href":"https:\/\/khachhang4.web3b.com\/rocketbattery\/wp-json\/wp\/v2\/pages\/237\/revisions"}],"wp:attachment":[{"href":"https:\/\/khachhang4.web3b.com\/rocketbattery\/wp-json\/wp\/v2\/media?parent=237"}],"curies":[{"name":"wp","href":"https:\/\/api.w.org\/{rel}","templated":true}]}}