{"id":327,"date":"2018-11-30T10:49:19","date_gmt":"2018-11-30T03:49:19","guid":{"rendered":"http:\/\/localhost\/web3b\/rocketbattery\/?page_id=327"},"modified":"2018-11-30T14:24:57","modified_gmt":"2018-11-30T07:24:57","slug":"hoi-dap","status":"publish","type":"page","link":"https:\/\/khachhang4.web3b.com\/rocketbattery\/dich-vu\/hoi-dap\/","title":{"rendered":"H\u1ecfi \u0111\u00e1p"},"content":{"rendered":"<p>[vc_row][vc_column][vc_tta_accordion][vc_tta_section title=&#8221;N\u00ean l\u00e0m g\u00ec khi binh \u1eafc quy b\u1ecb hi\u1ec7n t\u01b0\u1ee3ng s\u1ea1c qu\u00e1 ?&#8221; tab_id=&#8221;1543465075296-0131ce91-e566&#8243;][vc_column_text]<\/p>\n<div class=\"faq-item active\">\n<div class=\"answer\">Ki\u1ec3m tra l\u1ea1i b\u1ed9 s\u1ea1c tr\u00ean xe, n\u1ebfu \u0111\u00e3 b\u1ecb h\u01b0 n\u00ean thay b\u1ed9 s\u1ea1c m\u1edbi \u0111\u00fang ti\u00eau chu\u1ea9n c\u1ee7a nh\u00e0 s\u1ea3n xu\u1ea5t \u0111\u1ec3 ng\u0103n ng\u1eeba d\u00f2ng s\u1ea1c qu\u00e1 cao.<\/div>\n<\/div>\n<div class=\"faq-item\"><\/div>\n<p>[\/vc_column_text][\/vc_tta_section][vc_tta_section title=&#8221;T\u1ea1i sao n\u00ean s\u1eed d\u1ee5ng \u1eafc quy mi\u1ec5n b\u1ea3o d\u01b0\u1ee1ng ?&#8221; tab_id=&#8221;1543465075312-ace68753-aab1&#8243;][vc_column_text]<\/p>\n<div class=\"faq-item active\">\n<div class=\"answer\">B\u00ecnh mi\u1ec5n b\u1ea3o d\u01b0\u1ee1ng r\u1ea5t ti\u1ec7n l\u1ee3i, ng\u01b0\u1eddi d\u00f9ng kh\u00f4ng c\u1ea7n ph\u1ea3i ch\u00e2m th\u00eam n\u01b0\u1edbc trong su\u1ed1t qu\u00e1 tr\u00ecnh s\u1eed d\u1ee5ng. Lo\u1ea1i b\u00ecnh n\u00e0y \u0111\u01b0\u1ee3c thi\u1ebft k\u1ebf v\u1edbi ki\u1ec3u d\u00e1ng nh\u1ecf g\u1ecdn, m\u1ea1nh m\u1ebd, b\u1ec1n b\u1ec9, th\u00edch h\u1ee3p cho t\u1ea5t c\u1ea3 c\u00e1c lo\u1ea1i xe, \u0111\u1eb7c bi\u1ec7t l\u00e0 c\u00e1c xe \u0111\u1eddi m\u1edbi s\u1eed d\u1ee5ng c\u00f4ng ngh\u1ec7 Idling stop, FI\u2026.\u00a0 V\u1edbi c\u00f4ng ngh\u1ec7 v\u01b0\u1ee3t tr\u1ed9i, \u1eafc quy mi\u1ec5n b\u1ea3o d\u01b0\u1ee1ng GS c\u00f3 dung l\u01b0\u1ee3ng cao, l\u01b0\u1ee3ng n\u01b0\u1edbc ti\u00eau hao \u00edt h\u01a1n nhi\u1ec1u l\u1ea7n so v\u1edbi c\u00e1c s\u1ea3n ph\u1ea9m c\u00f9ng lo\u1ea1i kh\u00e1c tr\u00ean th\u1ecb tr\u01b0\u1eddng, \u0111\u1ea3m b\u1ea3o tu\u1ed5i th\u1ecd g\u1ea5p\u00a0 2 l\u1ea7n c\u00e1c s\u1ea3n ph\u1ea9m c\u00f9ng lo\u1ea1i kh\u00e1c.<\/div>\n<\/div>\n<div class=\"faq-item\"><\/div>\n<p>[\/vc_column_text][\/vc_tta_section][vc_tta_section title=&#8221;T\u1ea1i sao n\u00ean s\u1eed d\u1ee5ng \u1eafc quy truy\u1ec1n th\u1ed1ng (\u1eafc quy ch\u00ec Acid)?&#8221; tab_id=&#8221;1543465999955-36255da9-bfff&#8221;][vc_column_text]<\/p>\n<div class=\"faq-item active\">\n<div class=\"answer\">C\u00e1c ph\u01b0\u01a1ng ti\u1ec7n c\u00f3 th\u1eddi gian s\u1eed d\u1ee5ng nhi\u1ec1u, ch\u1ea1y \u0111\u01b0\u1eddng d\u00e0i nh\u01b0: xe kh\u00e1ch, taxi, xe t\u1ea3i\u2026 s\u1ebd c\u00f3 t\u1ea7n su\u1ea5t s\u1eed d\u1ee5ng \u1eafc quy nhi\u1ec1u, \u1eafc quy d\u1ec5 b\u1ecb n\u00f3ng l\u00ean do nhi\u1ec7t \u0111\u1ed9 cao l\u00e0m l\u01b0\u1ee3ng n\u01b0\u1edbc trong \u1eafc quy b\u1ecb b\u1ed1c h\u01a1i nhanh h\u01a1n. Do \u0111\u00f3 nh\u1eefng lo\u1ea1i ph\u01b0\u01a1ng ti\u00ean tr\u00ean n\u00ean s\u1eed d\u1ee5ng \u1eafc quy ki\u1ec3u truy\u1ec1n th\u1ed1ng (\u1eafc quy ch\u00ec Acid) \u0111\u1ec3 c\u00f3 th\u1ec3 k\u1ecbp th\u1eddi b\u1ed5 sung l\u01b0\u1ee3ng n\u01b0\u1edbc hao h\u1ee5t.<\/div>\n<\/div>\n<div class=\"faq-item\"><\/div>\n<p>[\/vc_column_text][\/vc_tta_section][vc_tta_section title=&#8221;B\u1ea3o d\u01b0\u1ee1ng \u1eafc quy truy\u1ec1n th\u1ed1ng nh\u01b0 th\u1ebf n\u00e0o?&#8221; tab_id=&#8221;1543466315184-a057163f-6556&#8243;][vc_column_text]<\/p>\n<ul>\n<li>Th\u01b0\u1eddng xuy\u00ean ki\u1ec3m tra m\u1ee9c dung d\u1ecbch trong \u1eafc quy, gi\u1eef m\u1ee9c dung d\u1ecbch \u1edf gi\u1eefa v\u1ea1ch Upper v\u00e0 Lower.<\/li>\n<li>Ki\u1ec3m tra b\u1ed9 n\u1ea1p cho \u1eafc quy, tr\u00e1nh vi\u1ec7c n\u1ea1p qu\u00e1 d\u00f2ng v\u00e0 qu\u00e1 \u00e1p d\u1eabn \u0111\u1ebfn \u1eafc quy b\u1ecb hao n\u01b0\u1edbc nhi\u1ec1u v\u00e0 tu\u1ed5i th\u1ecd gi\u1ea3m. Trong m\u1ecdi ch\u1ebf \u0111\u1ed9 n\u1ea1p th\u00ec c\u1ea7n gi\u1eef nhi\u1ec7t \u0111\u1ed9 \u1eafc quy d\u01b0\u1edbi 50\u00baC.<\/li>\n<\/ul>\n<p>[\/vc_column_text][\/vc_tta_section][vc_tta_section title=&#8221;L\u00e0m th\u1ebf n\u00e0o \u0111\u1ec3 ng\u0103n ch\u1eb7n Sulfat h\u00f3a ( chai l\u1eafc)?&#8221; tab_id=&#8221;1543562491979-c844c674-7843&#8243;][vc_column_text]- Kh\u00f4ng \u0111\u1ec3 \u1eafc quy trong t\u00ecnh tr\u1ea1ng y\u1ebfu ho\u1eb7c h\u1ebft \u0111i\u1ec7n trong th\u1eddi gian d\u00e0i.<br \/>\n&#8211; N\u1ebfu kh\u00f4ng s\u1eed d\u1ee5ng xe trong th\u1eddi gian d\u00e0i, ph\u1ea3i s\u1ea1c l\u1ea1i \u0111\u1ecbnh k\u1ef3\u00a0 \u1eafc quy m\u1ed9t th\u00e1ng \/ 1 l\u1ea7n.[\/vc_column_text][\/vc_tta_section][vc_tta_section title=&#8221;T\u1ea1i sao \u1eafc quy kh\u00f4ng c\u1ea7m h\u01a1i (t\u1ef1 m\u1ea5t \u0111i\u1ec7n sau m\u1ed9t th\u1eddi gian ng\u1eafn)?&#8221; tab_id=&#8221;1543562576461-4e563a12-db7b&#8221;][vc_column_text]<\/p>\n<div class=\"faq-item active\">\n<div class=\"answer\">Sau m\u1ed9t th\u1eddi gian d\u00e0i s\u1eed d\u1ee5ng, c\u00e1c t\u1ea5m c\u00e1ch b\u1ecb \u0103n m\u00f2n d\u1eabn \u0111\u1ebfn \u1eafc quy b\u1ecb ng\u1eafn m\u1ea1ch, l\u1eafc d\u01b0\u01a1ng v\u00e0 l\u1eafc \u00e2m ti\u1ebfp x\u00fac nhau l\u00e0m cho \u1eafc quy t\u1ef1 ph\u00f3ng h\u1ebft \u0111i\u1ec7n. N\u00ean \u0111em \u1eafc quy \u0111\u1ebfn \u0111\u1ea1i l\u00fd g\u1ea7n nh\u1ea5t \u0111\u1ec3 ki\u1ec3m tra th\u00eam.<\/div>\n<\/div>\n<div class=\"faq-item\"><\/div>\n<p>[\/vc_column_text][\/vc_tta_section][vc_tta_section title=&#8221;T\u1ea1i sao ch\u1ec9 n\u00ean s\u1ea1c \u1eafc quy v\u1edbi d\u00f2ng \u0111i\u1ec7n b\u1eb1ng 1\/10 dung l\u01b0\u1ee3ng \u1eafc quy?&#8221; tab_id=&#8221;1543562605242-2a7c3171-5f53&#8243;][vc_column_text]<\/p>\n<div class=\"faq-item active\">\n<div class=\"answer\">M\u1ee5c \u0111\u00edch \u0111\u1ec3 \u1eafc quy \u0111\u01b0\u1ee3c s\u1ea1c \u0111\u1ea7y \u0111\u1ee7 v\u00e0 b\u1ea3o \u0111\u1ea3m kh\u00f4ng b\u1ecb s\u1ea1c qu\u00e1 d\u00f2ng d\u1eabn \u0111\u1ebfn gi\u1ea3m tu\u1ed5i th\u1ecd \u1eafc quy.<\/div>\n<\/div>\n<div class=\"faq-item\"><\/div>\n<p>[\/vc_column_text][\/vc_tta_section][vc_tta_section title=&#8221;N\u1ebfu \u1eafc quy \u0111\u00e3 b\u1ecb c\u1ea1n \u0111i\u1ec7n d\u1ecbch (th\u1ea5p h\u01a1n m\u1ee9c lower) th\u00ec c\u00f3 th\u1ec3 ch\u00e2m n\u01b0\u1edbc \u0111\u1ec3 s\u1eed d\u1ee5ng ti\u1ebfp \u0111\u01b0\u1ee3c kh\u00f4ng?&#8221; tab_id=&#8221;1543562624166-c2c30e74-8f92&#8243;][vc_column_text]<\/p>\n<div class=\"faq-item active\">\n<div class=\"answer\">Trong tr\u01b0\u1eddng h\u1ee3p b\u1ea5t kh\u1ea3 kh\u00e1ng, c\u00f3 th\u1ec3 s\u1eed d\u1ee5ng \u0111\u01b0\u1ee3c nh\u1eefng lo\u1ea1i n\u01b0\u1edbc tinh khi\u1ebft (kh\u00f4ng ch\u1ee9a kho\u00e1ng ch\u1ea5t) \u0111\u1ec3 ch\u00e2m th\u00eam cho \u1eafc quy nh\u01b0ng ch\u1ea5t l\u01b0\u1ee3ng v\u00e0 tu\u1ed5i th\u1ecd \u1eafc quy \u0111\u00e3 b\u1ecb gi\u1ea3m nhi\u1ec1u so v\u1edbi \u1eafc quy th\u01b0\u1eddng. V\u00ec v\u1eady c\u1ea7n \u0111\u1ea3m b\u1ea3o kh\u00f4ng \u0111\u1ec3 tr\u01b0\u1eddng h\u1ee3p n\u00e0y x\u1ea3y ra.<\/div>\n<\/div>\n<div class=\"faq-item\"><\/div>\n<p>[\/vc_column_text][\/vc_tta_section][vc_tta_section title=&#8221;T\u1ea1i sao \u1eafc quy t\u1ed1t ( k\u00e8n, \u0111\u00e8n xi-nhan, \u0111\u00e8n stop, \u0111\u00e8n \u0111\u1ed3ng h\u1ed3 \u0111\u1ec1u s\u1eed d\u1ee5ng \u0111\u01b0\u1ee3c) nh\u01b0ng kh\u00f4ng kh\u1edfi \u0111\u1ed9ng \u0111\u01b0\u1ee3c.?&#8221; tab_id=&#8221;1543562646181-8adc8ebf-1d81&#8243;][vc_column_text]Tr\u01b0\u1eddng h\u1ee3p n\u00e0y ch\u00fang ta c\u1ea7n ki\u1ec3m tra l\u1ea1i:<br \/>\n&#8211; C\u1ea7u ch\u00ec xe c\u00f3 b\u1ecb \u0111\u1ee9t hay kh\u00f4ng.<br \/>\n&#8211; D\u00e2y d\u1eabn \u0111i\u1ec7n k\u1ebft n\u1ed1i v\u1edbi \u1eafc quy c\u00f3 ch\u1eafc ch\u1eafn v\u00e0 ti\u1ebfp x\u00fac t\u1ed1t hay kh\u00f4ng.<br \/>\n&#8211; R\u01a1-le \u0111\u1ec1 b\u1ecb h\u01b0.[\/vc_column_text][\/vc_tta_section][vc_tta_section title=&#8221;G\u1eafn th\u00eam thi\u1ebft b\u1ecb \u0111i\u1ec7n kh\u00e1c v\u00e0o xe th\u00ec c\u00f3 \u1ea3nh h\u01b0\u1edfng \u0111\u1ebfn \u1eafc quy kh\u00f4ng?&#8221; tab_id=&#8221;1543562671830-5b5d08ce-ab32&#8243;][vc_column_text]<\/p>\n<div class=\"faq-item active\">\n<div class=\"answer\">C\u00f3. V\u00ec thi\u1ebft b\u1ecb \u0111\u00f3 ti\u00eau th\u1ee5 \u0111i\u1ec7n nhi\u1ec1u h\u01a1n l\u00e0m cho \u1eafc quy mau h\u1ebft \u0111i\u1ec7n.<\/div>\n<\/div>\n<div class=\"frame-question\"><\/div>\n<p>[\/vc_column_text][\/vc_tta_section][\/vc_tta_accordion][\/vc_column][\/vc_row]<\/p>\n","protected":false},"excerpt":{"rendered":"<p>[vc_row][vc_column][vc_tta_accordion][vc_tta_section title=&#8221;N\u00ean l\u00e0m g\u00ec khi binh \u1eafc quy b\u1ecb hi\u1ec7n t\u01b0\u1ee3ng s\u1ea1c qu\u00e1 ?&#8221; tab_id=&#8221;1543465075296-0131ce91-e566&#8243;][vc_column_text] Ki\u1ec3m tra l\u1ea1i b\u1ed9 s\u1ea1c tr\u00ean xe, n\u1ebfu \u0111\u00e3 b\u1ecb h\u01b0 n\u00ean thay b\u1ed9 s\u1ea1c m\u1edbi \u0111\u00fang ti\u00eau chu\u1ea9n c\u1ee7a nh\u00e0 s\u1ea3n xu\u1ea5t \u0111\u1ec3 ng\u0103n ng\u1eeba d\u00f2ng s\u1ea1c qu\u00e1 cao. [\/vc_column_text][\/vc_tta_section][vc_tta_section title=&#8221;T\u1ea1i sao n\u00ean s\u1eed d\u1ee5ng \u1eafc quy mi\u1ec5n b\u1ea3o [&hellip;]<\/p>\n","protected":false},"author":1,"featured_media":0,"parent":275,"menu_order":0,"comment_status":"closed","ping_status":"closed","template":"","meta":[],"yoast_head":"<!-- This site is optimized with the Yoast SEO plugin v16.0.2 - https:\/\/yoast.com\/wordpress\/plugins\/seo\/ -->\n<title>H\u1ecfi \u0111\u00e1p - Rocket Battery<\/title>\n<meta property=\"og:locale\" content=\"vi_VN\" \/>\n<meta property=\"og:type\" content=\"article\" \/>\n<meta property=\"og:title\" content=\"H\u1ecfi \u0111\u00e1p - Rocket Battery\" \/>\n<meta property=\"og:description\" content=\"[vc_row][vc_column][vc_tta_accordion][vc_tta_section title=&#8221;N\u00ean l\u00e0m g\u00ec khi binh \u1eafc quy b\u1ecb hi\u1ec7n t\u01b0\u1ee3ng s\u1ea1c qu\u00e1 ?&#8221; tab_id=&#8221;1543465075296-0131ce91-e566&#8243;][vc_column_text] Ki\u1ec3m tra l\u1ea1i b\u1ed9 s\u1ea1c tr\u00ean xe, n\u1ebfu \u0111\u00e3 b\u1ecb h\u01b0 n\u00ean thay b\u1ed9 s\u1ea1c m\u1edbi \u0111\u00fang ti\u00eau chu\u1ea9n c\u1ee7a nh\u00e0 s\u1ea3n xu\u1ea5t \u0111\u1ec3 ng\u0103n ng\u1eeba d\u00f2ng s\u1ea1c qu\u00e1 cao. [\/vc_column_text][\/vc_tta_section][vc_tta_section title=&#8221;T\u1ea1i sao n\u00ean s\u1eed d\u1ee5ng \u1eafc quy mi\u1ec5n b\u1ea3o [&hellip;]\" \/>\n<meta property=\"og:url\" content=\"https:\/\/khachhang4.web3b.com\/rocketbattery\/dich-vu\/hoi-dap\/\" \/>\n<meta property=\"og:site_name\" content=\"Rocket Battery\" \/>\n<meta property=\"article:modified_time\" content=\"2018-11-30T07:24:57+00:00\" \/>\n<meta name=\"twitter:card\" content=\"summary_large_image\" \/>\n<meta name=\"twitter:label1\" content=\"\u01af\u1edbc t\u00ednh th\u1eddi gian \u0111\u1ecdc\">\n\t<meta name=\"twitter:data1\" content=\"6 ph\u00fat\">\n<script type=\"application\/ld+json\" class=\"yoast-schema-graph\">{\"@context\":\"https:\/\/schema.org\",\"@graph\":[{\"@type\":\"WebSite\",\"@id\":\"https:\/\/khachhang4.web3b.com\/rocketbattery\/#website\",\"url\":\"https:\/\/khachhang4.web3b.com\/rocketbattery\/\",\"name\":\"Rocket Battery\",\"description\":\"\",\"potentialAction\":[{\"@type\":\"SearchAction\",\"target\":\"https:\/\/khachhang4.web3b.com\/rocketbattery\/?s={search_term_string}\",\"query-input\":\"required name=search_term_string\"}],\"inLanguage\":\"vi\"},{\"@type\":\"WebPage\",\"@id\":\"https:\/\/khachhang4.web3b.com\/rocketbattery\/dich-vu\/hoi-dap\/#webpage\",\"url\":\"https:\/\/khachhang4.web3b.com\/rocketbattery\/dich-vu\/hoi-dap\/\",\"name\":\"H\\u1ecfi \\u0111\\u00e1p - Rocket Battery\",\"isPartOf\":{\"@id\":\"https:\/\/khachhang4.web3b.com\/rocketbattery\/#website\"},\"datePublished\":\"2018-11-30T03:49:19+00:00\",\"dateModified\":\"2018-11-30T07:24:57+00:00\",\"breadcrumb\":{\"@id\":\"https:\/\/khachhang4.web3b.com\/rocketbattery\/dich-vu\/hoi-dap\/#breadcrumb\"},\"inLanguage\":\"vi\",\"potentialAction\":[{\"@type\":\"ReadAction\",\"target\":[\"https:\/\/khachhang4.web3b.com\/rocketbattery\/dich-vu\/hoi-dap\/\"]}]},{\"@type\":\"BreadcrumbList\",\"@id\":\"https:\/\/khachhang4.web3b.com\/rocketbattery\/dich-vu\/hoi-dap\/#breadcrumb\",\"itemListElement\":[{\"@type\":\"ListItem\",\"position\":1,\"item\":{\"@type\":\"WebPage\",\"@id\":\"https:\/\/khachhang4.web3b.com\/rocketbattery\/\",\"url\":\"https:\/\/khachhang4.web3b.com\/rocketbattery\/\",\"name\":\"Trang ch\\u1ee7\"}},{\"@type\":\"ListItem\",\"position\":2,\"item\":{\"@type\":\"WebPage\",\"@id\":\"https:\/\/khachhang4.web3b.com\/rocketbattery\/dich-vu\/\",\"url\":\"https:\/\/khachhang4.web3b.com\/rocketbattery\/dich-vu\/\",\"name\":\"D\\u1ecbch v\\u1ee5\"}},{\"@type\":\"ListItem\",\"position\":3,\"item\":{\"@type\":\"WebPage\",\"@id\":\"https:\/\/khachhang4.web3b.com\/rocketbattery\/dich-vu\/hoi-dap\/\",\"url\":\"https:\/\/khachhang4.web3b.com\/rocketbattery\/dich-vu\/hoi-dap\/\",\"name\":\"H\\u1ecfi \\u0111\\u00e1p\"}}]}]}<\/script>\n<!-- \/ Yoast SEO plugin. -->","_links":{"self":[{"href":"https:\/\/khachhang4.web3b.com\/rocketbattery\/wp-json\/wp\/v2\/pages\/327"}],"collection":[{"href":"https:\/\/khachhang4.web3b.com\/rocketbattery\/wp-json\/wp\/v2\/pages"}],"about":[{"href":"https:\/\/khachhang4.web3b.com\/rocketbattery\/wp-json\/wp\/v2\/types\/page"}],"author":[{"embeddable":true,"href":"https:\/\/khachhang4.web3b.com\/rocketbattery\/wp-json\/wp\/v2\/users\/1"}],"replies":[{"embeddable":true,"href":"https:\/\/khachhang4.web3b.com\/rocketbattery\/wp-json\/wp\/v2\/comments?post=327"}],"version-history":[{"count":0,"href":"https:\/\/khachhang4.web3b.com\/rocketbattery\/wp-json\/wp\/v2\/pages\/327\/revisions"}],"up":[{"embeddable":true,"href":"https:\/\/khachhang4.web3b.com\/rocketbattery\/wp-json\/wp\/v2\/pages\/275"}],"wp:attachment":[{"href":"https:\/\/khachhang4.web3b.com\/rocketbattery\/wp-json\/wp\/v2\/media?parent=327"}],"curies":[{"name":"wp","href":"https:\/\/api.w.org\/{rel}","templated":true}]}}