{"id":335,"date":"2018-11-30T11:45:03","date_gmt":"2018-11-30T04:45:03","guid":{"rendered":"http:\/\/localhost\/web3b\/rocketbattery\/?page_id=335"},"modified":"2018-11-30T11:47:49","modified_gmt":"2018-11-30T04:47:49","slug":"thong-tin-ve-ac-quy","status":"publish","type":"page","link":"https:\/\/khachhang4.web3b.com\/rocketbattery\/dich-vu\/thong-tin-ve-ac-quy\/","title":{"rendered":"Th\u00f4ng tin v\u1ec1 \u1eafc quy"},"content":{"rendered":"<div id=\"ctl00_divCenter\" class=\"col-sm-8 col-md-9 art-layout-cell art-content center-rightmargin cmszone\">\n<div class=\"Module Module-147\">\n<div class=\"ModuleContent\">\n<div id=\"ctl00_mainContent_ctl00_ctl00_pnlInnerWrap\">\n<div class=\"news_live\">\n<div class=\"newstext\">\n<p>\u1eaec quy kh\u00f4ng ch\u1ec9 d\u00f9ng \u0111\u1ec3 kh\u1edfi \u0111\u1ed9ng \u0111\u1ed9ng c\u01a1 xe m\u00e1y hay \u00f4 t\u00f4, m\u00e0 \u1eafc quy c\u00f2n cung c\u1ea5p \u0111i\u1ec7n cho \u0111\u00e8n, EFI (H\u1ec7 th\u1ed1ng phun x\u0103ng), h\u1ec7 th\u1ed1ng \u0111\u00e1nh l\u1eeda v\u00e0 c\u00e1c thi\u1ebft b\u1ecb \u0111i\u1ec7n kh\u00e1c. \u0110\u1ed3ng th\u1eddi, \u1eafc quy c\u00f2n ph\u1ee5c v\u1ee5 nh\u01b0 l\u00e0 h\u1ec7 th\u1ed1ng \u0111i\u1ec7n d\u1ef1 ph\u00f2ng cho b\u1ed9 \u0111i\u1ec1u khi\u1ec3n v\u00e0 c\u00e1c h\u1ec7 th\u1ed1ng t\u00edn hi\u1ec7u kh\u00e1c.<\/p>\n<p><img class=\"aligncenter\" src=\"http:\/\/www.gsbattery.vn\/Data\/Sites\/1\/media\/services\/batteryinfoauto-vn.jpg\" alt=\"\" \/><br \/>\n<em>H\u1ec7 th\u1ed1ng \u0111i\u1ec7n \u00f4 t\u00f4<\/em><\/p>\n<div><img src=\"http:\/\/www.gsbattery.vn\/Data\/Sites\/1\/media\/services\/batteryinfomotor-vn.jpg\" alt=\"\" \/><br \/>\n<em>H\u1ec7 th\u1ed1ng \u0111i\u1ec7n xe m\u00e1y<\/em><\/div>\n<\/div>\n<\/div>\n<\/div>\n<\/div>\n<\/div>\n<\/div>\n<div id=\"ctl00_divRight\" class=\"col-sm-4 col-md-3 right-content art-layout-cell art-sidebar2 rightside right2column cmszone\">\n<div class=\"Module Module-137\">\n<div class=\"ModuleContent\">\n<div class=\"right_nav\"><\/div>\n<\/div>\n<\/div>\n<\/div>\n","protected":false},"excerpt":{"rendered":"<p>\u1eaec quy kh\u00f4ng ch\u1ec9 d\u00f9ng \u0111\u1ec3 kh\u1edfi \u0111\u1ed9ng \u0111\u1ed9ng c\u01a1 xe m\u00e1y hay \u00f4 t\u00f4, m\u00e0 \u1eafc quy c\u00f2n cung c\u1ea5p \u0111i\u1ec7n cho \u0111\u00e8n, EFI (H\u1ec7 th\u1ed1ng phun x\u0103ng), h\u1ec7 th\u1ed1ng \u0111\u00e1nh l\u1eeda v\u00e0 c\u00e1c thi\u1ebft b\u1ecb \u0111i\u1ec7n kh\u00e1c. \u0110\u1ed3ng th\u1eddi, \u1eafc quy c\u00f2n ph\u1ee5c v\u1ee5 nh\u01b0 l\u00e0 h\u1ec7 th\u1ed1ng \u0111i\u1ec7n d\u1ef1 ph\u00f2ng cho b\u1ed9 [&hellip;]<\/p>\n","protected":false},"author":1,"featured_media":0,"parent":275,"menu_order":0,"comment_status":"closed","ping_status":"closed","template":"","meta":[],"yoast_head":"<!-- This site is optimized with the Yoast SEO plugin v16.0.2 - https:\/\/yoast.com\/wordpress\/plugins\/seo\/ -->\n<title>Th\u00f4ng tin v\u1ec1 \u1eafc quy - Rocket Battery<\/title>\n<meta property=\"og:locale\" content=\"vi_VN\" \/>\n<meta property=\"og:type\" content=\"article\" \/>\n<meta property=\"og:title\" content=\"Th\u00f4ng tin v\u1ec1 \u1eafc quy - Rocket Battery\" \/>\n<meta property=\"og:description\" content=\"\u1eaec quy kh\u00f4ng ch\u1ec9 d\u00f9ng \u0111\u1ec3 kh\u1edfi \u0111\u1ed9ng \u0111\u1ed9ng c\u01a1 xe m\u00e1y hay \u00f4 t\u00f4, m\u00e0 \u1eafc quy c\u00f2n cung c\u1ea5p \u0111i\u1ec7n cho \u0111\u00e8n, EFI (H\u1ec7 th\u1ed1ng phun x\u0103ng), h\u1ec7 th\u1ed1ng \u0111\u00e1nh l\u1eeda v\u00e0 c\u00e1c thi\u1ebft b\u1ecb \u0111i\u1ec7n kh\u00e1c. \u0110\u1ed3ng th\u1eddi, \u1eafc quy c\u00f2n ph\u1ee5c v\u1ee5 nh\u01b0 l\u00e0 h\u1ec7 th\u1ed1ng \u0111i\u1ec7n d\u1ef1 ph\u00f2ng cho b\u1ed9 [&hellip;]\" \/>\n<meta property=\"og:url\" content=\"https:\/\/khachhang4.web3b.com\/rocketbattery\/dich-vu\/thong-tin-ve-ac-quy\/\" \/>\n<meta property=\"og:site_name\" content=\"Rocket Battery\" \/>\n<meta property=\"article:modified_time\" content=\"2018-11-30T04:47:49+00:00\" \/>\n<meta property=\"og:image\" content=\"http:\/\/www.gsbattery.vn\/Data\/Sites\/1\/media\/services\/batteryinfoauto-vn.jpg\" \/>\n<meta name=\"twitter:card\" content=\"summary_large_image\" \/>\n<meta name=\"twitter:label1\" content=\"\u01af\u1edbc t\u00ednh th\u1eddi gian \u0111\u1ecdc\">\n\t<meta name=\"twitter:data1\" content=\"1 ph\u00fat\">\n<script type=\"application\/ld+json\" class=\"yoast-schema-graph\">{\"@context\":\"https:\/\/schema.org\",\"@graph\":[{\"@type\":\"WebSite\",\"@id\":\"https:\/\/khachhang4.web3b.com\/rocketbattery\/#website\",\"url\":\"https:\/\/khachhang4.web3b.com\/rocketbattery\/\",\"name\":\"Rocket Battery\",\"description\":\"\",\"potentialAction\":[{\"@type\":\"SearchAction\",\"target\":\"https:\/\/khachhang4.web3b.com\/rocketbattery\/?s={search_term_string}\",\"query-input\":\"required name=search_term_string\"}],\"inLanguage\":\"vi\"},{\"@type\":\"ImageObject\",\"@id\":\"https:\/\/khachhang4.web3b.com\/rocketbattery\/dich-vu\/thong-tin-ve-ac-quy\/#primaryimage\",\"inLanguage\":\"vi\",\"url\":\"http:\/\/www.gsbattery.vn\/Data\/Sites\/1\/media\/services\/batteryinfoauto-vn.jpg\"},{\"@type\":\"WebPage\",\"@id\":\"https:\/\/khachhang4.web3b.com\/rocketbattery\/dich-vu\/thong-tin-ve-ac-quy\/#webpage\",\"url\":\"https:\/\/khachhang4.web3b.com\/rocketbattery\/dich-vu\/thong-tin-ve-ac-quy\/\",\"name\":\"Th\\u00f4ng tin v\\u1ec1 \\u1eafc quy - Rocket Battery\",\"isPartOf\":{\"@id\":\"https:\/\/khachhang4.web3b.com\/rocketbattery\/#website\"},\"primaryImageOfPage\":{\"@id\":\"https:\/\/khachhang4.web3b.com\/rocketbattery\/dich-vu\/thong-tin-ve-ac-quy\/#primaryimage\"},\"datePublished\":\"2018-11-30T04:45:03+00:00\",\"dateModified\":\"2018-11-30T04:47:49+00:00\",\"breadcrumb\":{\"@id\":\"https:\/\/khachhang4.web3b.com\/rocketbattery\/dich-vu\/thong-tin-ve-ac-quy\/#breadcrumb\"},\"inLanguage\":\"vi\",\"potentialAction\":[{\"@type\":\"ReadAction\",\"target\":[\"https:\/\/khachhang4.web3b.com\/rocketbattery\/dich-vu\/thong-tin-ve-ac-quy\/\"]}]},{\"@type\":\"BreadcrumbList\",\"@id\":\"https:\/\/khachhang4.web3b.com\/rocketbattery\/dich-vu\/thong-tin-ve-ac-quy\/#breadcrumb\",\"itemListElement\":[{\"@type\":\"ListItem\",\"position\":1,\"item\":{\"@type\":\"WebPage\",\"@id\":\"https:\/\/khachhang4.web3b.com\/rocketbattery\/\",\"url\":\"https:\/\/khachhang4.web3b.com\/rocketbattery\/\",\"name\":\"Trang ch\\u1ee7\"}},{\"@type\":\"ListItem\",\"position\":2,\"item\":{\"@type\":\"WebPage\",\"@id\":\"https:\/\/khachhang4.web3b.com\/rocketbattery\/dich-vu\/\",\"url\":\"https:\/\/khachhang4.web3b.com\/rocketbattery\/dich-vu\/\",\"name\":\"D\\u1ecbch v\\u1ee5\"}},{\"@type\":\"ListItem\",\"position\":3,\"item\":{\"@type\":\"WebPage\",\"@id\":\"https:\/\/khachhang4.web3b.com\/rocketbattery\/dich-vu\/thong-tin-ve-ac-quy\/\",\"url\":\"https:\/\/khachhang4.web3b.com\/rocketbattery\/dich-vu\/thong-tin-ve-ac-quy\/\",\"name\":\"Th\\u00f4ng tin v\\u1ec1 \\u1eafc quy\"}}]}]}<\/script>\n<!-- \/ Yoast SEO plugin. -->","_links":{"self":[{"href":"https:\/\/khachhang4.web3b.com\/rocketbattery\/wp-json\/wp\/v2\/pages\/335"}],"collection":[{"href":"https:\/\/khachhang4.web3b.com\/rocketbattery\/wp-json\/wp\/v2\/pages"}],"about":[{"href":"https:\/\/khachhang4.web3b.com\/rocketbattery\/wp-json\/wp\/v2\/types\/page"}],"author":[{"embeddable":true,"href":"https:\/\/khachhang4.web3b.com\/rocketbattery\/wp-json\/wp\/v2\/users\/1"}],"replies":[{"embeddable":true,"href":"https:\/\/khachhang4.web3b.com\/rocketbattery\/wp-json\/wp\/v2\/comments?post=335"}],"version-history":[{"count":0,"href":"https:\/\/khachhang4.web3b.com\/rocketbattery\/wp-json\/wp\/v2\/pages\/335\/revisions"}],"up":[{"embeddable":true,"href":"https:\/\/khachhang4.web3b.com\/rocketbattery\/wp-json\/wp\/v2\/pages\/275"}],"wp:attachment":[{"href":"https:\/\/khachhang4.web3b.com\/rocketbattery\/wp-json\/wp\/v2\/media?parent=335"}],"curies":[{"name":"wp","href":"https:\/\/api.w.org\/{rel}","templated":true}]}}