{"id":405,"date":"2018-08-31T08:49:09","date_gmt":"2018-08-31T01:49:09","guid":{"rendered":"http:\/\/localhost\/web3b\/rocketbattery\/trang-chu\/"},"modified":"2021-01-11T17:17:20","modified_gmt":"2021-01-11T10:17:20","slug":"trang-chu","status":"publish","type":"page","link":"https:\/\/khachhang4.web3b.com\/rocketbattery\/?lang=en","title":{"rendered":"Home page"},"content":{"rendered":"<p>[vc_section][vc_row][vc_column][vc_empty_space][vc_custom_heading text=&#8221;ABOUT US&#8221; font_container=&#8221;tag:h2|text_align:center&#8221; use_theme_fonts=&#8221;yes&#8221; el_class=&#8221;heading&#8221;][\/vc_column][\/vc_row][vc_row][vc_column width=&#8221;1\/2&#8243;][vc_single_image image=&#8221;376&#8243; img_size=&#8221;large&#8221;][\/vc_column][vc_column width=&#8221;1\/2&#8243;][vc_column_text css=&#8221;.vc_custom_1543301367652{margin-bottom: 20px !important;}&#8221;]<em><strong>GN ROCKET &#8211; D\u1eaaN \u0110\u1ea6U NG\u00c0NH C\u00d4NG NGH\u1ec6 \u1eaeC QUY<\/strong><\/em><\/p>\n<p>Th\u01b0\u01a1ng hi\u1ec7u \u201cGN ROCKET\u201d \u0111\u00e3 d\u1eabn \u0111\u1ea7u ng\u00e0nh c\u00f4ng nghi\u1ec7p \u1eafc quy \u1edf H\u00e0n Qu\u1ed1c trong h\u01a1n n\u1eeda th\u1ebf k\u1ef7 k\u1ec3 t\u1eeb k\u1ec3 t\u1eeb khi th\u00e0nh l\u1eadp v\u00e0o n\u0103m 1952. \u201cGN ROCKET\u201d li\u00ean t\u1ee5c \u0111\u1ed5i m\u1edbi \u0111\u1ec3 ph\u00f9 h\u1ee3p v\u1edbi nhu c\u1ea7u th\u1ecb tr\u01b0\u1eddng lu\u00f4n thay \u0111\u1ed5i, v\u00e0 \u0111\u00e3 t\u1eadp trung n\u1ed7 l\u1ef1c kh\u00f4ng ng\u1eebng \u0111\u1ec3 ph\u00e1t tri\u1ec3n c\u00f4ng ngh\u1ec7 \u0111\u1ec3 s\u1ea3n xu\u1ea5t s\u1ea3n ph\u1ea9m t\u1ed1t nh\u1ea5t. Ch\u1ea5t l\u01b0\u1ee3ng \u201cGN ROCKET\u201d \u0111\u01b0\u1ee3c ch\u1ee9ng nh\u1eadn b\u1edfi nhi\u1ec1u t\u1ed5 ch\u1ee9c trong v\u00e0 ngo\u00e0i n\u01b0\u1edbc nh\u01b0 UL, JIS, ISO9000, ISO14000, certification of Atomic Energy and TS16949\u2026<br \/>\nK\u1ebft qu\u1ea3 l\u00e0, \u201cGN ROCKET\u201d \u0111\u00e3 ph\u00e1t tri\u1ec3n kh\u00f4ng ch\u1ec9 l\u00e0 th\u01b0\u01a1ng hi\u1ec7u \u0111\u1ea1i di\u1ec7n cho H\u00e0n Qu\u1ed1c m\u00e0 c\u00f2n l\u00e0 m\u1ed9t trong n\u0103m th\u01b0\u01a1ng hi\u1ec7u h\u00e0ng \u0111\u1ea7u xu\u1ea5t kh\u1ea9u sang h\u01a1n 130 qu\u1ed1c gia tr\u00ean th\u1ebf gi\u1edbi.[\/vc_column_text][vc_btn title=&#8221;See more&#8221; style=&#8221;custom&#8221; custom_background=&#8221;#e7110e&#8221; custom_text=&#8221;#ffffff&#8221; shape=&#8221;round&#8221; link=&#8221;url:%23|&#8221;][\/vc_column][\/vc_row][\/vc_section][vc_row full_width=&#8221;stretch_row&#8221; el_id=&#8221;sanpham&#8221;][vc_column][vc_custom_heading text=&#8221;FEATURED PRODUCTS&#8221; font_container=&#8221;tag:h2|text_align:center&#8221; use_theme_fonts=&#8221;yes&#8221; el_class=&#8221;heading&#8221;][vc_btn title=&#8221;View all products&#8221; style=&#8221;custom&#8221; custom_background=&#8221;#e7110e&#8221; custom_text=&#8221;#ffffff&#8221; shape=&#8221;round&#8221; align=&#8221;center&#8221; link=&#8221;url:%23|&#8221;][\/vc_column][\/vc_row][vc_row][vc_column][vc_custom_heading text=&#8221;DIRECTIONS OF RULES&#8221; font_container=&#8221;tag:h2|text_align:center&#8221; use_theme_fonts=&#8221;yes&#8221; el_class=&#8221;heading&#8221;][\/vc_column][\/vc_row][vc_row full_width=&#8221;stretch_row&#8221; el_id=&#8221;tintuc&#8221;][vc_column][vc_custom_heading text=&#8221;NEWS&#8221; font_container=&#8221;tag:h2|text_align:center&#8221; use_theme_fonts=&#8221;yes&#8221; el_class=&#8221;heading&#8221;][\/vc_column][\/vc_row]<\/p>\n","protected":false},"excerpt":{"rendered":"<p>[vc_section][vc_row][vc_column][vc_empty_space][vc_custom_heading text=&#8221;ABOUT US&#8221; font_container=&#8221;tag:h2|text_align:center&#8221; use_theme_fonts=&#8221;yes&#8221; el_class=&#8221;heading&#8221;][\/vc_column][\/vc_row][vc_row][vc_column width=&#8221;1\/2&#8243;][vc_single_image image=&#8221;376&#8243; img_size=&#8221;large&#8221;][\/vc_column][vc_column width=&#8221;1\/2&#8243;][vc_column_text css=&#8221;.vc_custom_1543301367652{margin-bottom: 20px !important;}&#8221;]GN ROCKET &#8211; D\u1eaaN \u0110\u1ea6U NG\u00c0NH C\u00d4NG NGH\u1ec6 \u1eaeC QUY Th\u01b0\u01a1ng hi\u1ec7u \u201cGN ROCKET\u201d \u0111\u00e3 d\u1eabn \u0111\u1ea7u ng\u00e0nh c\u00f4ng nghi\u1ec7p \u1eafc quy \u1edf H\u00e0n Qu\u1ed1c trong h\u01a1n n\u1eeda th\u1ebf k\u1ef7 k\u1ec3 t\u1eeb k\u1ec3 t\u1eeb khi th\u00e0nh l\u1eadp v\u00e0o n\u0103m 1952. \u201cGN ROCKET\u201d li\u00ean [&hellip;]<\/p>\n","protected":false},"author":1,"featured_media":0,"parent":0,"menu_order":0,"comment_status":"closed","ping_status":"closed","template":"page-fullwidth.php","meta":[],"yoast_head":"<!-- This site is optimized with the Yoast SEO plugin v16.0.2 - https:\/\/yoast.com\/wordpress\/plugins\/seo\/ -->\n<title>Rocket Battery<\/title>\n<meta property=\"og:locale\" content=\"en_US\" \/>\n<meta property=\"og:type\" content=\"article\" \/>\n<meta property=\"og:title\" content=\"Rocket Battery\" \/>\n<meta property=\"og:description\" content=\"[vc_section][vc_row][vc_column][vc_empty_space][vc_custom_heading text=&#8221;ABOUT US&#8221; font_container=&#8221;tag:h2|text_align:center&#8221; use_theme_fonts=&#8221;yes&#8221; el_class=&#8221;heading&#8221;][\/vc_column][\/vc_row][vc_row][vc_column width=&#8221;1\/2&#8243;][vc_single_image image=&#8221;376&#8243; img_size=&#8221;large&#8221;][\/vc_column][vc_column width=&#8221;1\/2&#8243;][vc_column_text css=&#8221;.vc_custom_1543301367652{margin-bottom: 20px !important;}&#8221;]GN ROCKET &#8211; D\u1eaaN \u0110\u1ea6U NG\u00c0NH C\u00d4NG NGH\u1ec6 \u1eaeC QUY Th\u01b0\u01a1ng hi\u1ec7u \u201cGN ROCKET\u201d \u0111\u00e3 d\u1eabn \u0111\u1ea7u ng\u00e0nh c\u00f4ng nghi\u1ec7p \u1eafc quy \u1edf H\u00e0n Qu\u1ed1c trong h\u01a1n n\u1eeda th\u1ebf k\u1ef7 k\u1ec3 t\u1eeb k\u1ec3 t\u1eeb khi th\u00e0nh l\u1eadp v\u00e0o n\u0103m 1952. \u201cGN ROCKET\u201d li\u00ean [&hellip;]\" \/>\n<meta property=\"og:url\" content=\"https:\/\/khachhang4.web3b.com\/rocketbattery\/?lang=en\" \/>\n<meta property=\"og:site_name\" content=\"Rocket Battery\" \/>\n<meta property=\"article:modified_time\" content=\"2021-01-11T10:17:20+00:00\" \/>\n<meta name=\"twitter:card\" content=\"summary_large_image\" \/>\n<meta name=\"twitter:label1\" content=\"Est. reading time\">\n\t<meta name=\"twitter:data1\" content=\"2 minutes\">\n<script type=\"application\/ld+json\" class=\"yoast-schema-graph\">{\"@context\":\"https:\/\/schema.org\",\"@graph\":[{\"@type\":\"WebSite\",\"@id\":\"https:\/\/khachhang4.web3b.com\/rocketbattery\/#website\",\"url\":\"https:\/\/khachhang4.web3b.com\/rocketbattery\/\",\"name\":\"Rocket Battery\",\"description\":\"\",\"potentialAction\":[{\"@type\":\"SearchAction\",\"target\":\"https:\/\/khachhang4.web3b.com\/rocketbattery\/?s={search_term_string}\",\"query-input\":\"required name=search_term_string\"}],\"inLanguage\":\"en-US\"},{\"@type\":\"WebPage\",\"@id\":\"https:\/\/khachhang4.web3b.com\/rocketbattery\/?lang=en#webpage\",\"url\":\"https:\/\/khachhang4.web3b.com\/rocketbattery\/?lang=en\",\"name\":\"Rocket Battery\",\"isPartOf\":{\"@id\":\"https:\/\/khachhang4.web3b.com\/rocketbattery\/#website\"},\"datePublished\":\"2018-08-31T01:49:09+00:00\",\"dateModified\":\"2021-01-11T10:17:20+00:00\",\"breadcrumb\":{\"@id\":\"https:\/\/khachhang4.web3b.com\/rocketbattery\/?lang=en#breadcrumb\"},\"inLanguage\":\"en-US\",\"potentialAction\":[{\"@type\":\"ReadAction\",\"target\":[\"https:\/\/khachhang4.web3b.com\/rocketbattery\/?lang=en\"]}]},{\"@type\":\"BreadcrumbList\",\"@id\":\"https:\/\/khachhang4.web3b.com\/rocketbattery\/?lang=en#breadcrumb\",\"itemListElement\":[{\"@type\":\"ListItem\",\"position\":1,\"item\":{\"@type\":\"WebPage\",\"@id\":\"https:\/\/khachhang4.web3b.com\/rocketbattery\/?lang=en\",\"url\":\"https:\/\/khachhang4.web3b.com\/rocketbattery\/?lang=en\",\"name\":\"Trang ch\\u1ee7\"}},{\"@type\":\"ListItem\",\"position\":2,\"item\":{\"@type\":\"WebPage\",\"@id\":\"https:\/\/khachhang4.web3b.com\/rocketbattery\/?lang=en\",\"url\":\"https:\/\/khachhang4.web3b.com\/rocketbattery\/?lang=en\",\"name\":\"Home page\"}}]}]}<\/script>\n<!-- \/ Yoast SEO plugin. -->","_links":{"self":[{"href":"https:\/\/khachhang4.web3b.com\/rocketbattery\/wp-json\/wp\/v2\/pages\/405\/?lang=en"}],"collection":[{"href":"https:\/\/khachhang4.web3b.com\/rocketbattery\/wp-json\/wp\/v2\/pages\/?lang=en"}],"about":[{"href":"https:\/\/khachhang4.web3b.com\/rocketbattery\/wp-json\/wp\/v2\/types\/page\/?lang=en"}],"author":[{"embeddable":true,"href":"https:\/\/khachhang4.web3b.com\/rocketbattery\/wp-json\/wp\/v2\/users\/1\/?lang=en"}],"replies":[{"embeddable":true,"href":"https:\/\/khachhang4.web3b.com\/rocketbattery\/wp-json\/wp\/v2\/comments\/?lang=en&post=405"}],"version-history":[{"count":0,"href":"https:\/\/khachhang4.web3b.com\/rocketbattery\/wp-json\/wp\/v2\/pages\/405\/revisions\/?lang=en"}],"wp:attachment":[{"href":"https:\/\/khachhang4.web3b.com\/rocketbattery\/wp-json\/wp\/v2\/media\/?lang=en&parent=405"}],"curies":[{"name":"wp","href":"https:\/\/api.w.org\/{rel}","templated":true}]}}