{"id":430,"date":"2018-12-19T23:01:24","date_gmt":"2018-12-19T16:01:24","guid":{"rendered":"https:\/\/rocketbattery.vn\/?page_id=430"},"modified":"2018-12-27T17:04:40","modified_gmt":"2018-12-27T10:04:40","slug":"dang-ky-dai-ly","status":"publish","type":"page","link":"https:\/\/khachhang4.web3b.com\/rocketbattery\/dang-ky-dai-ly\/","title":{"rendered":"\u0110\u0103ng k\u00fd \u0111\u1ea1i l\u00fd"},"content":{"rendered":"<p>[vc_section][vc_row][vc_column width=&#8221;5\/12&#8243;][vc_custom_heading text=&#8221;Th\u00f4ng tin li\u00ean h\u1ec7&#8221; use_theme_fonts=&#8221;yes&#8221; el_class=&#8221;custom-heading2&#8243;][vc_column_text]<span style=\"color: #999999;\">Qu\u00fd kh\u00e1ch c\u00f3 th\u1ec3 n\u00f3i chuy\u1ec7n v\u1edbi \u0111\u1ea1i di\u1ec7n tr\u1ef1c tuy\u1ebfn c\u1ee7a ch\u00fang t\u00f4i ho\u1eb7c \u0111i\u1ec1n v\u00e0o form \u0111\u0103ng k\u00fd \u0111\u1ec3 nh\u1eadn \u0111\u01b0\u1ee3c th\u00f4ng tin t\u01b0 v\u1ea5n chi ti\u1ebft.<\/span><\/p>\n<p>T\u1ea3i phi\u1ebfu \u0111\u0103ng k\u00fd l\u00e0m \u0111\u1ea1i l\u00fd <a href=\"https:\/\/rocketbattery.vn\/wp-content\/uploads\/2018\/12\/PHIEU-THONG-TIN-DL.doc\">t\u1ea1i \u0111\u00e2y<\/a><\/p>\n<p>&nbsp;<\/p>\n<p>&nbsp;<\/p>\n<p>[\/vc_column_text]<div class=\"uavc-list-icon uavc-list-icon-wrapper ult-adjust-bottom-margin   \"><ul class=\"uavc-list\"><li><div class=\"uavc-list-content\" id=\"list-icon-wrap-8774\">\n<div class=\"uavc-list-icon  \" data-animation=\"\" data-animation-delay=\"03\" style=\"margin-right:15px;\"><div class=\"ult-just-icon-wrapper  \"><div class=\"align-icon\" style=\"text-align:center;\">\n<div class=\"aio-icon-img \" style=\"font-size:48px;display:inline-block;\" >\n\t<img class=\"img-icon\" alt=\"null\" src=\"https:\/\/khachhang4.web3b.com\/rocketbattery\/wp-content\/uploads\/2018\/11\/ic1.png\"\/>\n<\/div><\/div><\/div>\n<\/div><span  data-ultimate-target='#list-icon-wrap-8774 .uavc-list-desc'  data-responsive-json-new='{\"font-size\":\"\",\"line-height\":\"\"}'  class=\"uavc-list-desc ult-responsive\" style=\"\">\u0110\u1ecba ch\u1ec9: 433 Seolleung-Ro, Kangam &#8211; Ku, Seoul &#8211; Korea<\/p>\n<p><\/span><\/div><\/li><li><div class=\"uavc-list-content\" id=\"list-icon-wrap-2291\">\n<div class=\"uavc-list-icon  \" data-animation=\"\" data-animation-delay=\"03\" style=\"margin-right:15px;\"><div class=\"ult-just-icon-wrapper  \"><div class=\"align-icon\" style=\"text-align:center;\">\n<div class=\"aio-icon-img \" style=\"font-size:48px;display:inline-block;\" >\n\t<img class=\"img-icon\" alt=\"null\" src=\"https:\/\/khachhang4.web3b.com\/rocketbattery\/wp-content\/uploads\/2018\/11\/ic2.png\"\/>\n<\/div><\/div><\/div>\n<\/div><span  data-ultimate-target='#list-icon-wrap-2291 .uavc-list-desc'  data-responsive-json-new='{\"font-size\":\"\",\"line-height\":\"\"}'  class=\"uavc-list-desc ult-responsive\" style=\"\">Hotline: 0965668575<\/p>\n<p><\/span><\/div><\/li><li><div class=\"uavc-list-content\" id=\"list-icon-wrap-4719\">\n<div class=\"uavc-list-icon  \" data-animation=\"\" data-animation-delay=\"03\" style=\"margin-right:15px;\"><div class=\"ult-just-icon-wrapper  \"><div class=\"align-icon\" style=\"text-align:center;\">\n<div class=\"aio-icon-img \" style=\"font-size:48px;display:inline-block;\" >\n\t<img class=\"img-icon\" alt=\"null\" src=\"https:\/\/khachhang4.web3b.com\/rocketbattery\/wp-content\/uploads\/2018\/11\/ic3.png\"\/>\n<\/div><\/div><\/div>\n<\/div><span  data-ultimate-target='#list-icon-wrap-4719 .uavc-list-desc'  data-responsive-json-new='{\"font-size\":\"\",\"line-height\":\"\"}'  class=\"uavc-list-desc ult-responsive\" style=\"\"><span class=\"\">Fax:<\/span>\u00a082.2.538.4353\/7374<\/p>\n<p><span class=\"\">Email:<\/span>\u00a0Rocketbattery.vn@gmail.com<\/p>\n<p><\/span><\/div><\/li><\/ul><\/div>[\/vc_column][vc_column width=&#8221;7\/12&#8243;][vc_custom_heading text=&#8221;\u0110\u0103ng k\u00fd \u0111\u1ea1i l\u00fd&#8221; use_theme_fonts=&#8221;yes&#8221; el_class=&#8221;custom-heading2&#8243;]<div role=\"form\" class=\"wpcf7\" id=\"wpcf7-f600-o1\" lang=\"vi\" dir=\"ltr\">\n<div class=\"screen-reader-response\"><p role=\"status\" aria-live=\"polite\" aria-atomic=\"true\"><\/p> <ul><\/ul><\/div>\n<form action=\"\/rocketbattery\/wp-json\/wp\/v2\/pages\/430#wpcf7-f600-o1\" method=\"post\" class=\"wpcf7-form init\" novalidate=\"novalidate\" data-status=\"init\">\n<div style=\"display: none;\">\n<input type=\"hidden\" name=\"_wpcf7\" value=\"600\" \/>\n<input type=\"hidden\" name=\"_wpcf7_version\" value=\"5.4\" \/>\n<input type=\"hidden\" name=\"_wpcf7_locale\" value=\"vi\" \/>\n<input type=\"hidden\" name=\"_wpcf7_unit_tag\" value=\"wpcf7-f600-o1\" \/>\n<input type=\"hidden\" name=\"_wpcf7_container_post\" value=\"0\" \/>\n<input type=\"hidden\" name=\"_wpcf7_posted_data_hash\" value=\"\" \/>\n<\/div>\n<div class=\"row\">\n<div class=\"col-md-6\">\n<div class=\"form-group\">\n\t\t<label> T\u00ean \u0111\u1ea1i l\u00fd (*)<\/label><span class=\"wpcf7-form-control-wrap daily\"><input type=\"text\" name=\"daily\" value=\"\" size=\"40\" class=\"wpcf7-form-control wpcf7-text wpcf7-validates-as-required form-control\" aria-required=\"true\" aria-invalid=\"false\" \/><\/span>\n\t\t<\/div>\n<\/div>\n<div class=\"col-md-6\">\n<div class=\"form-group\">\n\t\t<label> \u0110\u1ecba ch\u1ec9 (*)<\/label><span class=\"wpcf7-form-control-wrap diachi\"><input type=\"text\" name=\"diachi\" value=\"\" size=\"40\" class=\"wpcf7-form-control wpcf7-text wpcf7-validates-as-required form-control\" aria-required=\"true\" aria-invalid=\"false\" \/><\/span>\n\t\t<\/div>\n<\/div>\n<\/div>\n<div class=\"form-group\">\n<label> T\u00ean kh\u00e1ch h\u00e0ng (*)<\/label><span class=\"wpcf7-form-control-wrap your-name\"><input type=\"text\" name=\"your-name\" value=\"\" size=\"40\" class=\"wpcf7-form-control wpcf7-text wpcf7-validates-as-required form-control\" aria-required=\"true\" aria-invalid=\"false\" \/><\/span>\n<\/div>\n<div class=\"row\">\n<div class=\"col-md-6\">\n<div class=\"form-group\">\n\t\t<label> S\u1ed1 \u0111i\u1ec7n tho\u1ea1i (*)<\/label><span class=\"wpcf7-form-control-wrap your-tel\"><input type=\"tel\" name=\"your-tel\" value=\"\" size=\"40\" class=\"wpcf7-form-control wpcf7-text wpcf7-tel wpcf7-validates-as-required wpcf7-validates-as-tel form-control\" aria-required=\"true\" aria-invalid=\"false\" \/><\/span>\n\t\t<\/div>\n<\/div>\n<div class=\"col-md-6\">\n<div class=\"form-group\">\n\t\t<label> Email (*)<\/label><span class=\"wpcf7-form-control-wrap your-email\"><input type=\"email\" name=\"your-email\" value=\"\" size=\"40\" class=\"wpcf7-form-control wpcf7-text wpcf7-email wpcf7-validates-as-required wpcf7-validates-as-email form-control\" aria-required=\"true\" aria-invalid=\"false\" \/><\/span>\n\t\t<\/div>\n<\/div>\n<\/div>\n<div class=\"row\">\n<div class=\"col-md-6\">\n<div class=\"form-group\">\n\t\t<label> \u0110\u00e3 b\u00e1n Rocket ch\u01b0a? (*)<\/label><span class=\"wpcf7-form-control-wrap banchua\"><span class=\"wpcf7-form-control wpcf7-radio\"><span class=\"wpcf7-list-item first\"><input type=\"radio\" name=\"banchua\" value=\"\u0110\u00e3 b\u00e1n\" checked=\"checked\" \/><span class=\"wpcf7-list-item-label\">\u0110\u00e3 b\u00e1n<\/span><\/span><span class=\"wpcf7-list-item last\"><input type=\"radio\" name=\"banchua\" value=\"Ch\u01b0a b\u00e1n\" \/><span class=\"wpcf7-list-item-label\">Ch\u01b0a b\u00e1n<\/span><\/span><\/span><\/span>\n\t\t<\/div>\n<\/div>\n<div class=\"col-md-6\">\n<div class=\"form-group\">\n\t\t<label> N\u1ebfu ch\u01b0a, v\u00ec sao?<\/label><span class=\"wpcf7-form-control-wrap visao\"><input type=\"text\" name=\"visao\" value=\"\" size=\"40\" class=\"wpcf7-form-control wpcf7-text form-control\" aria-invalid=\"false\" \/><\/span>\n\t\t<\/div>\n<\/div>\n<\/div>\n<div class=\"form-group\">\n<label> \u0110\u1ecba ch\u1ec9 giao h\u00e0ng (*)<\/label><span class=\"wpcf7-form-control-wrap diachigiaohang\"><input type=\"text\" name=\"diachigiaohang\" value=\"\" size=\"40\" class=\"wpcf7-form-control wpcf7-text wpcf7-validates-as-required form-control\" aria-required=\"true\" aria-invalid=\"false\" \/><\/span>\n<\/div>\n<div class=\"form-group\">\n<label> C\u00e1c s\u1ea3n ph\u1ea9m kinh doanh: <\/label><span class=\"wpcf7-form-control-wrap sanpham\"><span class=\"wpcf7-form-control wpcf7-checkbox wpcf7-validates-as-required\"><span class=\"wpcf7-list-item first\"><input type=\"checkbox\" name=\"sanpham[]\" value=\"Rocket\" \/><span class=\"wpcf7-list-item-label\">Rocket<\/span><\/span><span class=\"wpcf7-list-item\"><input type=\"checkbox\" name=\"sanpham[]\" value=\"Globe\" \/><span class=\"wpcf7-list-item-label\">Globe<\/span><\/span><span class=\"wpcf7-list-item\"><input type=\"checkbox\" name=\"sanpham[]\" value=\"3K\" \/><span class=\"wpcf7-list-item-label\">3K<\/span><\/span><span class=\"wpcf7-list-item\"><input type=\"checkbox\" name=\"sanpham[]\" value=\"GS\" \/><span class=\"wpcf7-list-item-label\">GS<\/span><\/span><span class=\"wpcf7-list-item\"><input type=\"checkbox\" name=\"sanpham[]\" value=\"Tia s\u00e1ng\" \/><span class=\"wpcf7-list-item-label\">Tia s\u00e1ng<\/span><\/span><span class=\"wpcf7-list-item\"><input type=\"checkbox\" name=\"sanpham[]\" value=\"Tiger\" \/><span class=\"wpcf7-list-item-label\">Tiger<\/span><\/span><span class=\"wpcf7-list-item\"><input type=\"checkbox\" name=\"sanpham[]\" value=\"\u0110\u1ed3ng Nai\" \/><span class=\"wpcf7-list-item-label\">\u0110\u1ed3ng Nai<\/span><\/span><span class=\"wpcf7-list-item\"><input type=\"checkbox\" name=\"sanpham[]\" value=\"Cene\" \/><span class=\"wpcf7-list-item-label\">Cene<\/span><\/span><span class=\"wpcf7-list-item\"><input type=\"checkbox\" name=\"sanpham[]\" value=\"Delkor\" \/><span class=\"wpcf7-list-item-label\">Delkor<\/span><\/span><span class=\"wpcf7-list-item\"><input type=\"checkbox\" name=\"sanpham[]\" value=\"Atles\" \/><span class=\"wpcf7-list-item-label\">Atles<\/span><\/span><span class=\"wpcf7-list-item\"><input type=\"checkbox\" name=\"sanpham[]\" value=\"Solite\" \/><span class=\"wpcf7-list-item-label\">Solite<\/span><\/span><span class=\"wpcf7-list-item\"><input type=\"checkbox\" name=\"sanpham[]\" value=\"Panasonic\" \/><span class=\"wpcf7-list-item-label\">Panasonic<\/span><\/span><span class=\"wpcf7-list-item\"><input type=\"checkbox\" name=\"sanpham[]\" value=\"Enimac\" \/><span class=\"wpcf7-list-item-label\">Enimac<\/span><\/span><span class=\"wpcf7-list-item\"><input type=\"checkbox\" name=\"sanpham[]\" value=\"SB\" \/><span class=\"wpcf7-list-item-label\">SB<\/span><\/span><span class=\"wpcf7-list-item last\"><input type=\"checkbox\" name=\"sanpham[]\" value=\"Kh\u00e1c...\" \/><span class=\"wpcf7-list-item-label\">Kh\u00e1c...<\/span><\/span><\/span><\/span>\n<\/div>\n<div class=\"form-group\">\n<label> \u0110\u00e1nh gi\u00e1 c\u1ee7a ch\u1ee7 c\u1eeda h\u00e0ng v\u1ec1 ch\u1ea5t l\u01b0\u1ee3ng Rocket: <\/label><span class=\"wpcf7-form-control-wrap danhgia\"><textarea name=\"danhgia\" cols=\"40\" rows=\"10\" class=\"wpcf7-form-control wpcf7-textarea form-control\" aria-invalid=\"false\"><\/textarea><\/span>\n<\/div>\n<div class=\"form-group\">\n<label> Ghi ch\u00fa: <\/label><span class=\"wpcf7-form-control-wrap ghichu\"><textarea name=\"ghichu\" cols=\"40\" rows=\"10\" class=\"wpcf7-form-control wpcf7-textarea form-control\" aria-invalid=\"false\"><\/textarea><\/span>\n<\/div>\n<div class=\"form-group\">\n<input type=\"submit\" value=\"G\u1eedi \u0111i\" class=\"wpcf7-form-control wpcf7-submit btn btn-primary\" \/>\n<\/div>\n<div class=\"wpcf7-response-output\" aria-hidden=\"true\"><\/div><\/form><\/div>[vc_empty_space][\/vc_column][\/vc_row][\/vc_section][vc_section full_width=&#8221;stretch_row&#8221; el_id=&#8221;dangky&#8221;][vc_row][vc_column][vc_custom_heading text=&#8221;\u0110\u0102NG K\u00dd NH\u1eacN TIN&#8221; font_container=&#8221;tag:h2|text_align:center|color:%23ffffff&#8221; use_theme_fonts=&#8221;yes&#8221; el_class=&#8221;custom-heading&#8221;][\/vc_column][\/vc_row][vc_row][vc_column offset=&#8221;vc_col-lg-offset-2 vc_col-lg-8&#8243;]<div role=\"form\" class=\"wpcf7\" id=\"wpcf7-f157-o2\" lang=\"vi\" dir=\"ltr\">\n<div class=\"screen-reader-response\"><p role=\"status\" aria-live=\"polite\" aria-atomic=\"true\"><\/p> <ul><\/ul><\/div>\n<form action=\"\/rocketbattery\/wp-json\/wp\/v2\/pages\/430#wpcf7-f157-o2\" method=\"post\" class=\"wpcf7-form init\" novalidate=\"novalidate\" data-status=\"init\">\n<div style=\"display: none;\">\n<input type=\"hidden\" name=\"_wpcf7\" value=\"157\" \/>\n<input type=\"hidden\" name=\"_wpcf7_version\" value=\"5.4\" \/>\n<input type=\"hidden\" name=\"_wpcf7_locale\" value=\"vi\" \/>\n<input type=\"hidden\" name=\"_wpcf7_unit_tag\" value=\"wpcf7-f157-o2\" \/>\n<input type=\"hidden\" name=\"_wpcf7_container_post\" value=\"0\" \/>\n<input type=\"hidden\" name=\"_wpcf7_posted_data_hash\" value=\"\" \/>\n<\/div>\n<div class=\"row\">\n<div class=\"col-md-6\">\n<div class=\"form-group\">\n\t\t<span class=\"wpcf7-form-control-wrap your-name\"><input type=\"text\" name=\"your-name\" value=\"\" size=\"40\" class=\"wpcf7-form-control wpcf7-text wpcf7-validates-as-required form-control\" aria-required=\"true\" aria-invalid=\"false\" placeholder=\"H\u1ecd v\u00e0 t\u00ean (*)\" \/><\/span>\n\t\t<\/div>\n<\/div>\n<div class=\"col-md-6\">\n<div class=\"form-group\">\n\t\t<span class=\"wpcf7-form-control-wrap your-tel\"><input type=\"tel\" name=\"your-tel\" value=\"\" size=\"40\" class=\"wpcf7-form-control wpcf7-text wpcf7-tel wpcf7-validates-as-required wpcf7-validates-as-tel form-control\" aria-required=\"true\" aria-invalid=\"false\" placeholder=\"S\u1ed1 \u0111i\u1ec7n tho\u1ea1i (*)\" \/><\/span>\n\t\t<\/div>\n<\/div>\n<\/div>\n<div class=\"row\">\n<div class=\"col-md-6\">\n<div class=\"form-group\">\n\t\t<span class=\"wpcf7-form-control-wrap your-email\"><input type=\"email\" name=\"your-email\" value=\"\" size=\"40\" class=\"wpcf7-form-control wpcf7-text wpcf7-email wpcf7-validates-as-required wpcf7-validates-as-email form-control\" aria-required=\"true\" aria-invalid=\"false\" placeholder=\"Email (*)\" \/><\/span>\n\t\t<\/div>\n<\/div>\n<div class=\"col-md-6\">\n<div class=\"form-group\">\n\t\t<span class=\"wpcf7-form-control-wrap diachi\"><input type=\"text\" name=\"diachi\" value=\"\" size=\"40\" class=\"wpcf7-form-control wpcf7-text form-control\" aria-invalid=\"false\" placeholder=\"\u0110\u1ecba ch\u1ec9 (*)\" \/><\/span>\n\t\t<\/div>\n<\/div>\n<\/div>\n<div class=\"form-group\">\n<span class=\"wpcf7-form-control-wrap your-message\"><textarea name=\"your-message\" cols=\"40\" rows=\"10\" class=\"wpcf7-form-control wpcf7-textarea wpcf7-validates-as-required form-control\" aria-required=\"true\" aria-invalid=\"false\" placeholder=\"N\u1ed9i dung (*)\"><\/textarea><\/span>\n<\/div>\n<div class=\"mb-4 text-center\">\n<input type=\"submit\" value=\"G\u1eecI TH\u01af\" class=\"wpcf7-form-control wpcf7-submit btn\" \/>\n<\/div>\n<div class=\"wpcf7-response-output\" aria-hidden=\"true\"><\/div><\/form><\/div>[\/vc_column][\/vc_row][\/vc_section]<\/p>\n","protected":false},"excerpt":{"rendered":"<p>[vc_section][vc_row][vc_column width=&#8221;5\/12&#8243;][vc_custom_heading text=&#8221;Th\u00f4ng tin li\u00ean h\u1ec7&#8221; use_theme_fonts=&#8221;yes&#8221; el_class=&#8221;custom-heading2&#8243;][vc_column_text]Qu\u00fd kh\u00e1ch c\u00f3 th\u1ec3 n\u00f3i chuy\u1ec7n v\u1edbi \u0111\u1ea1i di\u1ec7n tr\u1ef1c tuy\u1ebfn c\u1ee7a ch\u00fang t\u00f4i ho\u1eb7c \u0111i\u1ec1n v\u00e0o form \u0111\u0103ng k\u00fd \u0111\u1ec3 nh\u1eadn \u0111\u01b0\u1ee3c th\u00f4ng tin t\u01b0 v\u1ea5n chi ti\u1ebft. T\u1ea3i phi\u1ebfu \u0111\u0103ng k\u00fd l\u00e0m \u0111\u1ea1i l\u00fd t\u1ea1i \u0111\u00e2y &nbsp; &nbsp; [\/vc_column_text][\/vc_column][vc_column width=&#8221;7\/12&#8243;][vc_custom_heading text=&#8221;\u0110\u0103ng k\u00fd \u0111\u1ea1i l\u00fd&#8221; use_theme_fonts=&#8221;yes&#8221; el_class=&#8221;custom-heading2&#8243;][vc_empty_space][\/vc_column][\/vc_row][\/vc_section][vc_section [&hellip;]<\/p>\n","protected":false},"author":1,"featured_media":0,"parent":0,"menu_order":0,"comment_status":"closed","ping_status":"closed","template":"page-fullwidth.php","meta":[],"yoast_head":"<!-- This site is optimized with the Yoast SEO plugin v16.0.2 - https:\/\/yoast.com\/wordpress\/plugins\/seo\/ -->\n<title>\u0110\u0103ng k\u00fd \u0111\u1ea1i l\u00fd - Rocket Battery<\/title>\n<meta property=\"og:locale\" content=\"vi_VN\" \/>\n<meta property=\"og:type\" content=\"article\" \/>\n<meta property=\"og:title\" content=\"\u0110\u0103ng k\u00fd \u0111\u1ea1i l\u00fd - Rocket Battery\" \/>\n<meta property=\"og:description\" content=\"[vc_section][vc_row][vc_column width=&#8221;5\/12&#8243;][vc_custom_heading text=&#8221;Th\u00f4ng tin li\u00ean h\u1ec7&#8221; use_theme_fonts=&#8221;yes&#8221; el_class=&#8221;custom-heading2&#8243;][vc_column_text]Qu\u00fd kh\u00e1ch c\u00f3 th\u1ec3 n\u00f3i chuy\u1ec7n v\u1edbi \u0111\u1ea1i di\u1ec7n tr\u1ef1c tuy\u1ebfn c\u1ee7a ch\u00fang t\u00f4i ho\u1eb7c \u0111i\u1ec1n v\u00e0o form \u0111\u0103ng k\u00fd \u0111\u1ec3 nh\u1eadn \u0111\u01b0\u1ee3c th\u00f4ng tin t\u01b0 v\u1ea5n chi ti\u1ebft. T\u1ea3i phi\u1ebfu \u0111\u0103ng k\u00fd l\u00e0m \u0111\u1ea1i l\u00fd t\u1ea1i \u0111\u00e2y &nbsp; &nbsp; [\/vc_column_text][\/vc_column][vc_column width=&#8221;7\/12&#8243;][vc_custom_heading text=&#8221;\u0110\u0103ng k\u00fd \u0111\u1ea1i l\u00fd&#8221; use_theme_fonts=&#8221;yes&#8221; el_class=&#8221;custom-heading2&#8243;][vc_empty_space][\/vc_column][\/vc_row][\/vc_section][vc_section [&hellip;]\" \/>\n<meta property=\"og:url\" content=\"https:\/\/khachhang4.web3b.com\/rocketbattery\/dang-ky-dai-ly\/\" \/>\n<meta property=\"og:site_name\" content=\"Rocket Battery\" \/>\n<meta property=\"article:modified_time\" content=\"2018-12-27T10:04:40+00:00\" \/>\n<meta name=\"twitter:card\" content=\"summary_large_image\" \/>\n<meta name=\"twitter:label1\" content=\"\u01af\u1edbc t\u00ednh th\u1eddi gian \u0111\u1ecdc\">\n\t<meta name=\"twitter:data1\" content=\"1 ph\u00fat\">\n<script type=\"application\/ld+json\" class=\"yoast-schema-graph\">{\"@context\":\"https:\/\/schema.org\",\"@graph\":[{\"@type\":\"WebSite\",\"@id\":\"https:\/\/khachhang4.web3b.com\/rocketbattery\/#website\",\"url\":\"https:\/\/khachhang4.web3b.com\/rocketbattery\/\",\"name\":\"Rocket Battery\",\"description\":\"\",\"potentialAction\":[{\"@type\":\"SearchAction\",\"target\":\"https:\/\/khachhang4.web3b.com\/rocketbattery\/?s={search_term_string}\",\"query-input\":\"required name=search_term_string\"}],\"inLanguage\":\"vi\"},{\"@type\":\"WebPage\",\"@id\":\"https:\/\/khachhang4.web3b.com\/rocketbattery\/dang-ky-dai-ly\/#webpage\",\"url\":\"https:\/\/khachhang4.web3b.com\/rocketbattery\/dang-ky-dai-ly\/\",\"name\":\"\\u0110\\u0103ng k\\u00fd \\u0111\\u1ea1i l\\u00fd - Rocket Battery\",\"isPartOf\":{\"@id\":\"https:\/\/khachhang4.web3b.com\/rocketbattery\/#website\"},\"datePublished\":\"2018-12-19T16:01:24+00:00\",\"dateModified\":\"2018-12-27T10:04:40+00:00\",\"breadcrumb\":{\"@id\":\"https:\/\/khachhang4.web3b.com\/rocketbattery\/dang-ky-dai-ly\/#breadcrumb\"},\"inLanguage\":\"vi\",\"potentialAction\":[{\"@type\":\"ReadAction\",\"target\":[\"https:\/\/khachhang4.web3b.com\/rocketbattery\/dang-ky-dai-ly\/\"]}]},{\"@type\":\"BreadcrumbList\",\"@id\":\"https:\/\/khachhang4.web3b.com\/rocketbattery\/dang-ky-dai-ly\/#breadcrumb\",\"itemListElement\":[{\"@type\":\"ListItem\",\"position\":1,\"item\":{\"@type\":\"WebPage\",\"@id\":\"https:\/\/khachhang4.web3b.com\/rocketbattery\/\",\"url\":\"https:\/\/khachhang4.web3b.com\/rocketbattery\/\",\"name\":\"Trang ch\\u1ee7\"}},{\"@type\":\"ListItem\",\"position\":2,\"item\":{\"@type\":\"WebPage\",\"@id\":\"https:\/\/khachhang4.web3b.com\/rocketbattery\/dang-ky-dai-ly\/\",\"url\":\"https:\/\/khachhang4.web3b.com\/rocketbattery\/dang-ky-dai-ly\/\",\"name\":\"\\u0110\\u0103ng k\\u00fd \\u0111\\u1ea1i l\\u00fd\"}}]}]}<\/script>\n<!-- \/ Yoast SEO plugin. -->","_links":{"self":[{"href":"https:\/\/khachhang4.web3b.com\/rocketbattery\/wp-json\/wp\/v2\/pages\/430"}],"collection":[{"href":"https:\/\/khachhang4.web3b.com\/rocketbattery\/wp-json\/wp\/v2\/pages"}],"about":[{"href":"https:\/\/khachhang4.web3b.com\/rocketbattery\/wp-json\/wp\/v2\/types\/page"}],"author":[{"embeddable":true,"href":"https:\/\/khachhang4.web3b.com\/rocketbattery\/wp-json\/wp\/v2\/users\/1"}],"replies":[{"embeddable":true,"href":"https:\/\/khachhang4.web3b.com\/rocketbattery\/wp-json\/wp\/v2\/comments?post=430"}],"version-history":[{"count":0,"href":"https:\/\/khachhang4.web3b.com\/rocketbattery\/wp-json\/wp\/v2\/pages\/430\/revisions"}],"wp:attachment":[{"href":"https:\/\/khachhang4.web3b.com\/rocketbattery\/wp-json\/wp\/v2\/media?parent=430"}],"curies":[{"name":"wp","href":"https:\/\/api.w.org\/{rel}","templated":true}]}}