{"id":411,"date":"2018-11-27T15:45:50","date_gmt":"2018-11-27T08:45:50","guid":{"rendered":"http:\/\/localhost\/web3b\/rocketbattery\/san-pham\/binh-smf-ns40z-35ah-4\/"},"modified":"2018-11-30T17:45:52","modified_gmt":"2018-11-30T10:45:52","slug":"binh-smf-ns40z-35ah-4","status":"publish","type":"product","link":"https:\/\/khachhang4.web3b.com\/rocketbattery\/san-pham\/binh-smf-ns40z-35ah-4\/?lang=en","title":{"rendered":"B\u00ecnh SMF NS40Z ( 35Ah )"},"content":{"rendered":"<p><strong>\u01afu \u0111i\u1ec3m s\u1ea3n ph\u1ea9m:<\/strong><\/p>\n<ul>\n<li>\u1eaec quy mi\u1ec5n b\u1ea3o d\u01b0\u1ee1ng, ti\u1ec7n l\u1ee3i khi s\u1eed d\u1ee5ng.<\/li>\n<li>Gi\u00fap \u0111\u1ed9ng c\u01a1 kh\u1edfi \u0111\u1ed9ng m\u1ea1nh v\u00e0 m\u01b0\u1ee3t<\/li>\n<li>Dung l\u01b0\u1ee3ng \u0111\u1ea1t chu\u1ea9n 35AH (20HR)<\/li>\n<li>Kh\u1ea3 n\u0103ng t\u1ef1 ph\u00f3ng \u0111i\u1ec7n th\u1ea5p n\u00ean \u00edt b\u00ecnh ti\u00eau hao \u0111i\u1ec7n<\/li>\n<li>Thi\u1ebft k\u1ebf ph\u00f9 h\u1ee3p v\u1edbi \u0111i\u1ec1u ki\u1ec7n kh\u00ed h\u1eadu v\u00e0 \u0111\u01b0\u1eddng s\u00e1 t\u1ea1i Vi\u1ec7t Nam.<\/li>\n<\/ul>\n<p><strong>Th\u00f4ng tin s\u1ea3n ph\u1ea9m\u00a0\u00a0<\/strong><\/p>\n<ul>\n<li>M\u00e3 s\u1ea3n ph\u1ea9m: MF 40B19R<\/li>\n<li>Dung l\u01b0\u1ee3ng:\u00a012V &#8211; 35Ah (20HR)<\/li>\n<li>K\u00edch th\u01b0\u1edbc (mm):\u00a0185 x 136 x 227 (d\u00e0i x r\u1ed9ng x t\u1ed5ng cao)<\/li>\n<li>B\u1ed1 tr\u00ed ki\u1ec3u c\u1ef1c: R- ki\u1ec3u 1, L- Ki\u1ec3u 2<\/li>\n<li>Ch\u00e2n \u0111\u1ebf: B01<\/li>\n<\/ul>\n<p><strong>D\u00f2ng xe s\u1eed d\u1ee5ng:\u00a0\u00a0<\/strong><\/p>\n<ul>\n<li>HONDA: Concerto, Integra<\/li>\n<\/ul>\n","protected":false},"excerpt":{"rendered":"<p>\u01afu \u0111i\u1ec3m s\u1ea3n ph\u1ea9m: \u1eaec quy mi\u1ec5n b\u1ea3o d\u01b0\u1ee1ng, ti\u1ec7n l\u1ee3i khi s\u1eed d\u1ee5ng. Gi\u00fap \u0111\u1ed9ng c\u01a1 kh\u1edfi \u0111\u1ed9ng m\u1ea1nh v\u00e0 m\u01b0\u1ee3t Dung l\u01b0\u1ee3ng \u0111\u1ea1t chu\u1ea9n 35AH (20HR) Kh\u1ea3 n\u0103ng t\u1ef1 ph\u00f3ng \u0111i\u1ec7n th\u1ea5p n\u00ean \u00edt b\u00ecnh ti\u00eau hao \u0111i\u1ec7n Thi\u1ebft k\u1ebf ph\u00f9 h\u1ee3p v\u1edbi \u0111i\u1ec1u ki\u1ec7n kh\u00ed h\u1eadu v\u00e0 \u0111\u01b0\u1eddng s\u00e1 t\u1ea1i Vi\u1ec7t Nam. [&hellip;]<\/p>\n","protected":false},"featured_media":378,"comment_status":"closed","ping_status":"closed","template":"","meta":[],"yoast_head":"<!-- This site is optimized with the Yoast SEO plugin v16.0.2 - https:\/\/yoast.com\/wordpress\/plugins\/seo\/ -->\n<title>B\u00ecnh SMF NS40Z ( 35Ah ) - Rocket Battery<\/title>\n<meta property=\"og:locale\" content=\"en_US\" \/>\n<meta property=\"og:type\" content=\"article\" \/>\n<meta property=\"og:title\" content=\"B\u00ecnh SMF NS40Z ( 35Ah ) - Rocket Battery\" \/>\n<meta property=\"og:description\" content=\"\u01afu \u0111i\u1ec3m s\u1ea3n ph\u1ea9m: \u1eaec quy mi\u1ec5n b\u1ea3o d\u01b0\u1ee1ng, ti\u1ec7n l\u1ee3i khi s\u1eed d\u1ee5ng. Gi\u00fap \u0111\u1ed9ng c\u01a1 kh\u1edfi \u0111\u1ed9ng m\u1ea1nh v\u00e0 m\u01b0\u1ee3t Dung l\u01b0\u1ee3ng \u0111\u1ea1t chu\u1ea9n 35AH (20HR) Kh\u1ea3 n\u0103ng t\u1ef1 ph\u00f3ng \u0111i\u1ec7n th\u1ea5p n\u00ean \u00edt b\u00ecnh ti\u00eau hao \u0111i\u1ec7n Thi\u1ebft k\u1ebf ph\u00f9 h\u1ee3p v\u1edbi \u0111i\u1ec1u ki\u1ec7n kh\u00ed h\u1eadu v\u00e0 \u0111\u01b0\u1eddng s\u00e1 t\u1ea1i Vi\u1ec7t Nam. [&hellip;]\" \/>\n<meta property=\"og:url\" content=\"https:\/\/khachhang4.web3b.com\/rocketbattery\/san-pham\/binh-smf-ns40z-35ah-4\/?lang=en\" \/>\n<meta property=\"og:site_name\" content=\"Rocket Battery\" \/>\n<meta property=\"article:modified_time\" content=\"2018-11-30T10:45:52+00:00\" \/>\n<meta property=\"og:image\" content=\"https:\/\/khachhang4.web3b.com\/rocketbattery\/wp-content\/uploads\/2018\/11\/acquy-1.png\" \/>\n\t<meta property=\"og:image:width\" content=\"673\" \/>\n\t<meta property=\"og:image:height\" content=\"502\" \/>\n<meta name=\"twitter:card\" content=\"summary_large_image\" \/>\n<meta name=\"twitter:label1\" content=\"Est. reading time\">\n\t<meta name=\"twitter:data1\" content=\"1 minute\">\n<script type=\"application\/ld+json\" class=\"yoast-schema-graph\">{\"@context\":\"https:\/\/schema.org\",\"@graph\":[{\"@type\":\"WebSite\",\"@id\":\"https:\/\/khachhang4.web3b.com\/rocketbattery\/#website\",\"url\":\"https:\/\/khachhang4.web3b.com\/rocketbattery\/\",\"name\":\"Rocket Battery\",\"description\":\"\",\"potentialAction\":[{\"@type\":\"SearchAction\",\"target\":\"https:\/\/khachhang4.web3b.com\/rocketbattery\/?s={search_term_string}\",\"query-input\":\"required name=search_term_string\"}],\"inLanguage\":\"en-US\"},{\"@type\":\"ImageObject\",\"@id\":\"https:\/\/khachhang4.web3b.com\/rocketbattery\/san-pham\/binh-smf-ns40z-35ah-4\/?lang=en#primaryimage\",\"inLanguage\":\"en-US\",\"url\":\"https:\/\/khachhang4.web3b.com\/rocketbattery\/wp-content\/uploads\/2018\/11\/acquy-1.png\",\"width\":673,\"height\":502},{\"@type\":\"WebPage\",\"@id\":\"https:\/\/khachhang4.web3b.com\/rocketbattery\/san-pham\/binh-smf-ns40z-35ah-4\/?lang=en#webpage\",\"url\":\"https:\/\/khachhang4.web3b.com\/rocketbattery\/san-pham\/binh-smf-ns40z-35ah-4\/?lang=en\",\"name\":\"B\\u00ecnh SMF NS40Z ( 35Ah ) - Rocket Battery\",\"isPartOf\":{\"@id\":\"https:\/\/khachhang4.web3b.com\/rocketbattery\/#website\"},\"primaryImageOfPage\":{\"@id\":\"https:\/\/khachhang4.web3b.com\/rocketbattery\/san-pham\/binh-smf-ns40z-35ah-4\/?lang=en#primaryimage\"},\"datePublished\":\"2018-11-27T08:45:50+00:00\",\"dateModified\":\"2018-11-30T10:45:52+00:00\",\"breadcrumb\":{\"@id\":\"https:\/\/khachhang4.web3b.com\/rocketbattery\/san-pham\/binh-smf-ns40z-35ah-4\/?lang=en#breadcrumb\"},\"inLanguage\":\"en-US\",\"potentialAction\":[{\"@type\":\"ReadAction\",\"target\":[\"https:\/\/khachhang4.web3b.com\/rocketbattery\/san-pham\/binh-smf-ns40z-35ah-4\/?lang=en\"]}]},{\"@type\":\"BreadcrumbList\",\"@id\":\"https:\/\/khachhang4.web3b.com\/rocketbattery\/san-pham\/binh-smf-ns40z-35ah-4\/?lang=en#breadcrumb\",\"itemListElement\":[{\"@type\":\"ListItem\",\"position\":1,\"item\":{\"@type\":\"WebPage\",\"@id\":\"https:\/\/khachhang4.web3b.com\/rocketbattery\/?lang=en\",\"url\":\"https:\/\/khachhang4.web3b.com\/rocketbattery\/?lang=en\",\"name\":\"Trang ch\\u1ee7\"}},{\"@type\":\"ListItem\",\"position\":2,\"item\":{\"@type\":\"WebPage\",\"@id\":\"https:\/\/khachhang4.web3b.com\/rocketbattery\/products\/?lang=en\",\"url\":\"https:\/\/khachhang4.web3b.com\/rocketbattery\/products\/?lang=en\",\"name\":\"Products\"}},{\"@type\":\"ListItem\",\"position\":3,\"item\":{\"@type\":\"WebPage\",\"@id\":\"https:\/\/khachhang4.web3b.com\/rocketbattery\/san-pham\/binh-smf-ns40z-35ah-4\/?lang=en\",\"url\":\"https:\/\/khachhang4.web3b.com\/rocketbattery\/san-pham\/binh-smf-ns40z-35ah-4\/?lang=en\",\"name\":\"B\\u00ecnh SMF NS40Z ( 35Ah )\"}}]}]}<\/script>\n<!-- \/ Yoast SEO plugin. -->","_links":{"self":[{"href":"https:\/\/khachhang4.web3b.com\/rocketbattery\/wp-json\/wp\/v2\/product\/411\/?lang=en"}],"collection":[{"href":"https:\/\/khachhang4.web3b.com\/rocketbattery\/wp-json\/wp\/v2\/product\/?lang=en"}],"about":[{"href":"https:\/\/khachhang4.web3b.com\/rocketbattery\/wp-json\/wp\/v2\/types\/product\/?lang=en"}],"replies":[{"embeddable":true,"href":"https:\/\/khachhang4.web3b.com\/rocketbattery\/wp-json\/wp\/v2\/comments\/?lang=en&post=411"}],"wp:featuredmedia":[{"embeddable":true,"href":"https:\/\/khachhang4.web3b.com\/rocketbattery\/wp-json\/wp\/v2\/media\/378\/?lang=en"}],"wp:attachment":[{"href":"https:\/\/khachhang4.web3b.com\/rocketbattery\/wp-json\/wp\/v2\/media\/?lang=en&parent=411"}],"curies":[{"name":"wp","href":"https:\/\/api.w.org\/{rel}","templated":true}]}}