{"id":519,"date":"2018-12-27T10:29:10","date_gmt":"2018-12-27T03:29:10","guid":{"rendered":"https:\/\/rocketbattery.vn\/?post_type=product&#038;p=519"},"modified":"2020-10-27T15:51:41","modified_gmt":"2020-10-27T08:51:41","slug":"smf-ns40z-35ah","status":"publish","type":"product","link":"https:\/\/khachhang4.web3b.com\/rocketbattery\/san-pham\/smf-ns40z-35ah\/","title":{"rendered":"SMF NS40Z &#8211; 35Ah"},"content":{"rendered":"<p style=\"text-align: justify;\"><strong>\u0110\u1eb6C \u0110I\u1ec2M S\u1ea2N PH\u1ea8M<\/strong><\/p>\n<table style=\"width: 47.6391%; height: 160px;\">\n<tbody>\n<tr style=\"height: 16px;\">\n<td style=\"height: 16px;\"><\/td>\n<td style=\"height: 16px;\">C\u00f4ng ngh\u1ec7 Lead-Acid Accumulators<\/td>\n<\/tr>\n<tr style=\"height: 24px;\">\n<td style=\"height: 24px;\">Dung l\u01b0\u1ee3ng<\/td>\n<td style=\"height: 24px;\">12V \u2013 35AH<\/td>\n<\/tr>\n<tr style=\"height: 24px;\">\n<td style=\"height: 24px;\">M\u00e0u s\u1eafc<\/td>\n<td style=\"height: 24px;\">Tr\u1eafng, \u0110en<\/td>\n<\/tr>\n<tr style=\"height: 24px;\">\n<td style=\"height: 24px;\">K\u00edch th\u01b0\u1edbc<\/td>\n<td style=\"height: 24px;\">187 x 127 x 226 (d\u00e0i x r\u1ed9ng x cao)<\/td>\n<\/tr>\n<tr style=\"height: 48px;\">\n<td style=\"height: 48px;\">H\u00e3ng s\u1ea3n xu\u1ea5t<\/td>\n<td style=\"height: 48px;\">SEBANG GLOBAL BATTERY CO.,LTD<\/td>\n<\/tr>\n<tr style=\"height: 24px;\">\n<td style=\"height: 24px;\">Xu\u1ea5t X\u1ee9<\/td>\n<td style=\"height: 24px;\">NH\u1eacP KH\u1ea8U 100% H\u00c0N QU\u1ed0C<\/td>\n<\/tr>\n<\/tbody>\n<\/table>\n<p style=\"text-align: justify;\"><strong>S\u1ea3n ph\u1ea9m \u1eaec Quy ROCKET 12V 35Ah SMF NS40Z<\/strong><\/p>\n<p style=\"text-align: justify;\"><strong>M\u00f4 T\u1ea3:<\/strong>\u00a0B\u00ecnh ROCKET c\u1ecdc thu\u1eadn, c\u1ecdc ti\u00eau chu\u1ea9n.<\/p>\n<p style=\"text-align: justify;\"><strong>\u0110\u1eb7c T\u00ednh:<\/strong>\u00a0B\u00ecnh \u1eafc quy kh\u00f4 ROCKET C\u00f4ng ngh\u1ec7 Lead-Acid Accumulators, mi\u1ec5n b\u1ea3o d\u01b0\u1ee1ng, kh\u00f4ng c\u1ea7n ch\u00e2m n\u01b0\u1edbc.<\/p>\n<p style=\"text-align: justify;\">&#8211; \u1eaec quy ROCKET m\u1edbi \u0111\u00e3 ch\u00e2m dung d\u1ecbch a xit, n\u1ea1p \u0111\u1ea7y \u0111i\u1ec7n, l\u1eafp \u0111\u1eb7t cho \u00f4 t\u00f4 s\u1eed d\u1ee5ng \u0111\u01b0\u1ee3c ngay.<\/p>\n<p style=\"text-align: justify;\"><strong>\u01afu \u0110i\u1ec3m:<\/strong><\/p>\n<p style=\"text-align: justify;\">&#8211; \u1eaec quy d\u00f9ng cho d\u00f2ng kh\u1edfi \u0111\u1ed9ng nhanh, m\u1ea1nh m\u1ebd, ph\u00f9 h\u1ee3p kh\u00ed h\u1eadu Vi\u1ec7t Nam.<\/p>\n<p style=\"text-align: justify;\">&#8211; C\u00f4ng su\u1ea5t kh\u1edfi \u0111\u1ed9ng \u0111\u00e1ng tin c\u1eady v\u1edbi c\u00f4ng ngh\u1ec7 Lead-Acid Accumulators.<\/p>\n<p style=\"text-align: justify;\">&#8211; C\u00f4ng ngh\u1ec7 t\u1ea5m c\u00f3 \u0111\u1ed9 b\u1ec1n cao mang l\u1ea1i tu\u1ed5i th\u1ecd l\u00e2u h\u01a1n.<\/p>\n<p style=\"text-align: justify;\"><strong>Ch\u00fa \u00fd:<\/strong><\/p>\n<p style=\"text-align: justify;\">&#8211; Lu\u00f4n \u0111\u1ec3 b\u00ecnh kh\u00f4 ROCKET th\u1eb3ng \u0111\u1ee9ng, tr\u00e1nh ti\u1ebfp x\u00fac tr\u1ef1c ti\u1ebfp v\u1edbi \u00e1nh n\u1eafng m\u1eb7t tr\u1eddi.<\/p>\n<p style=\"text-align: justify;\">&#8211; Gi\u1eef \u1eafc quy s\u1ea1ch s\u1ebd v\u00e0 lu\u00f4n lu\u00f4n l\u01b0u tr\u1eef \u1edf n\u01a1i m\u00e1t m\u1ebb, kh\u00f4 r\u00e1o.<\/p>\n<p style=\"text-align: justify;\"><strong>\u1eaec Quy ROCKET 12V 35Ah SMF NS40Z \u0111\u01b0\u1ee3c l\u1eafp cho c\u00e1c d\u00f2ng xe \u00f4t\u00f4:\u00a0<\/strong><\/p>\n<p style=\"text-align: justify;\">&#8211; TOYOTA: Matiz, Spark, Corola Altis, Matiz (c\u1ecdc to).<\/p>\n<p style=\"text-align: justify;\">&#8211; Xe Daihatsu,\u00a0Xe Kia Morning,\u00a0Xe Daewoo Matiz, Xe Chevrolet Spark.<\/p>\n<p style=\"text-align: justify;\">&#8211; SUZUKI: Super Carry, Blind Van, Wagon, Swift, Ertiga, -500kg.<\/p>\n<p style=\"text-align: justify;\">&#8211; HONDA: Jazz, City.<\/p>\n<p style=\"text-align: justify;\">&#8211; HYUNDAI: Eon,\u00a0i10<\/p>\n<p><img loading=\"lazy\" class=\"alignnone size-medium wp-image-556\" src=\"https:\/\/rocketbattery.vn\/wp-content\/uploads\/2018\/12\/SMF-55D23R-300x225.jpg\" alt=\"acquy Rocket smf 55d23r\" width=\"300\" height=\"225\" srcset=\"https:\/\/khachhang4.web3b.com\/rocketbattery\/wp-content\/uploads\/2018\/12\/SMF-55D23R-300x225.jpg 300w, https:\/\/khachhang4.web3b.com\/rocketbattery\/wp-content\/uploads\/2018\/12\/SMF-55D23R-768x576.jpg 768w, https:\/\/khachhang4.web3b.com\/rocketbattery\/wp-content\/uploads\/2018\/12\/SMF-55D23R-74x56.jpg 74w, https:\/\/khachhang4.web3b.com\/rocketbattery\/wp-content\/uploads\/2018\/12\/SMF-55D23R-600x450.jpg 600w, https:\/\/khachhang4.web3b.com\/rocketbattery\/wp-content\/uploads\/2018\/12\/SMF-55D23R.jpg 800w\" sizes=\"(max-width: 300px) 100vw, 300px\" \/><\/p>\n","protected":false},"excerpt":{"rendered":"<h2 id=\"check\"><span>Ki\u1ec3m tra c\u00e1c li\u00ean k\u1ebft ra ngo\u00e0i l\u00e0m g\u00ec?<\/span><\/h2>\n<p><span>Ki\u1ec3m tra li\u00ean k\u1ebft ra ngo\u00e0i \u0111\u1ebfm s\u1ed1 li\u00ean k\u1ebft b\u1ea1n \u0111\u00e3 th\u00eam v\u00e0o b\u00e0i \u0111\u0103ng ho\u1eb7c trang c\u1ee7a m\u00ecnh.\u00a0N\u00f3 \u0111\u1ebfm\u00a0<strong>c\u00e1c li\u00ean k\u1ebft\u00a0<\/strong><\/span><strong><span>nofollow<\/span><\/strong><span>\u00a0v\u00e0 \u0111\u01b0\u1ee3c\u00a0<\/span><strong><span>theo d\u00f5i<\/span><\/strong>\u00a0<span>.\u00a0\u0110\u01b0\u1ee3c theo d\u00f5i c\u00f3 ngh\u0129a l\u00e0 c\u00e1c c\u00f4ng c\u1ee5 t\u00ecm ki\u1ebfm c\u00f3 th\u1ec3 theo c\u00e1c li\u00ean k\u1ebft n\u00e0y, th\u00eam gi\u00e1 tr\u1ecb cho b\u00e0i vi\u1ebft v\u00e0 c\u00f3 th\u1ec3 x\u1ebfp h\u1ea1ng n\u00f3 cao h\u01a1n.\u00a0C\u00e1c li\u00ean k\u1ebft kh\u00f4ng theo d\u00f5i kh\u00f4ng cho ph\u00e9p c\u00e1c c\u00f4ng c\u1ee5 t\u00ecm ki\u1ebfm theo d\u00f5i ch\u00fang th\u00f4ng qua trang web kh\u00e1c.\u00a0B\u1eb1ng c\u00e1ch \u0111\u00f3, h\u1ecd kh\u00f4ng \u0111\u00f3ng g\u00f3p ho\u1eb7c t\u0103ng th\u00eam gi\u00e1 tr\u1ecb.\u00a0Ch\u00fang t\u00f4i mu\u1ed1n xem c\u00e1c li\u00ean k\u1ebft theo sau!\u00a0\u0110\u00f3 l\u00e0 l\u00fd do t\u1ea1i sao b\u1ea1n s\u1ebd ph\u1ea3i th\u00eam \u00edt nh\u1ea5t m\u1ed9t li\u00ean k\u1ebft \u0111\u01b0\u1ee3c theo d\u00f5i \u0111\u1ec3 nh\u1eadn \u0111\u01b0\u1ee3c d\u1ea5u \u0111\u1ea7u d\u00f2ng ph\u1ea3n h\u1ed3i m\u00e0u xanh l\u00e1 c\u00e2y.\u00a0N\u1ebfu b\u1ea1n c\u1ed1 t\u00ecnh ch\u1ec9 th\u00eam li\u00ean k\u1ebft nofollowed, d\u1ea5u \u0111\u1ea7u d\u00f2ng c\u1ee7a b\u1ea1n cho l\u1ea7n ki\u1ec3m tra n\u00e0y s\u1ebd chuy\u1ec3n sang m\u00e0u cam thay v\u00ec m\u00e0u xanh l\u1ee5c.<\/span><\/p>\n","protected":false},"featured_media":522,"comment_status":"closed","ping_status":"closed","template":"","meta":[],"yoast_head":"<!-- This site is optimized with the Yoast SEO plugin v16.0.2 - https:\/\/yoast.com\/wordpress\/plugins\/seo\/ -->\n<title>SMF NS40Z - 35Ah - Rocket Battery<\/title>\n<meta property=\"og:locale\" content=\"vi_VN\" \/>\n<meta property=\"og:type\" content=\"article\" \/>\n<meta property=\"og:title\" content=\"SMF NS40Z - 35Ah - Rocket Battery\" \/>\n<meta property=\"og:description\" content=\"Ki\u1ec3m tra c\u00e1c li\u00ean k\u1ebft ra ngo\u00e0i l\u00e0m g\u00ec? Ki\u1ec3m tra li\u00ean k\u1ebft ra ngo\u00e0i \u0111\u1ebfm s\u1ed1 li\u00ean k\u1ebft b\u1ea1n \u0111\u00e3 th\u00eam v\u00e0o b\u00e0i \u0111\u0103ng ho\u1eb7c trang c\u1ee7a m\u00ecnh.\u00a0N\u00f3 \u0111\u1ebfm\u00a0c\u00e1c li\u00ean k\u1ebft\u00a0nofollow\u00a0v\u00e0 \u0111\u01b0\u1ee3c\u00a0theo d\u00f5i\u00a0.\u00a0\u0110\u01b0\u1ee3c theo d\u00f5i c\u00f3 ngh\u0129a l\u00e0 c\u00e1c c\u00f4ng c\u1ee5 t\u00ecm ki\u1ebfm c\u00f3 th\u1ec3 theo c\u00e1c li\u00ean k\u1ebft n\u00e0y, th\u00eam gi\u00e1 tr\u1ecb cho b\u00e0i vi\u1ebft v\u00e0 c\u00f3 th\u1ec3 x\u1ebfp h\u1ea1ng n\u00f3 cao h\u01a1n.\u00a0C\u00e1c li\u00ean k\u1ebft kh\u00f4ng theo d\u00f5i kh\u00f4ng cho ph\u00e9p c\u00e1c c\u00f4ng c\u1ee5 t\u00ecm ki\u1ebfm theo d\u00f5i ch\u00fang th\u00f4ng qua trang web kh\u00e1c.\u00a0B\u1eb1ng c\u00e1ch \u0111\u00f3, h\u1ecd kh\u00f4ng \u0111\u00f3ng g\u00f3p ho\u1eb7c t\u0103ng th\u00eam gi\u00e1 tr\u1ecb.\u00a0Ch\u00fang t\u00f4i mu\u1ed1n xem c\u00e1c li\u00ean k\u1ebft theo sau!\u00a0\u0110\u00f3 l\u00e0 l\u00fd do t\u1ea1i sao b\u1ea1n s\u1ebd ph\u1ea3i th\u00eam \u00edt nh\u1ea5t m\u1ed9t li\u00ean k\u1ebft \u0111\u01b0\u1ee3c theo d\u00f5i \u0111\u1ec3 nh\u1eadn \u0111\u01b0\u1ee3c d\u1ea5u \u0111\u1ea7u d\u00f2ng ph\u1ea3n h\u1ed3i m\u00e0u xanh l\u00e1 c\u00e2y.\u00a0N\u1ebfu b\u1ea1n c\u1ed1 t\u00ecnh ch\u1ec9 th\u00eam li\u00ean k\u1ebft nofollowed, d\u1ea5u \u0111\u1ea7u d\u00f2ng c\u1ee7a b\u1ea1n cho l\u1ea7n ki\u1ec3m tra n\u00e0y s\u1ebd chuy\u1ec3n sang m\u00e0u cam thay v\u00ec m\u00e0u xanh l\u1ee5c.\" \/>\n<meta property=\"og:url\" content=\"https:\/\/khachhang4.web3b.com\/rocketbattery\/san-pham\/smf-ns40z-35ah\/\" \/>\n<meta property=\"og:site_name\" content=\"Rocket Battery\" \/>\n<meta property=\"article:modified_time\" content=\"2020-10-27T08:51:41+00:00\" \/>\n<meta property=\"og:image\" content=\"https:\/\/khachhang4.web3b.com\/rocketbattery\/wp-content\/uploads\/2018\/12\/SMF-NS40Z-1.jpg\" \/>\n\t<meta property=\"og:image:width\" content=\"800\" \/>\n\t<meta property=\"og:image:height\" content=\"600\" \/>\n<meta name=\"twitter:card\" content=\"summary_large_image\" \/>\n<meta name=\"twitter:label1\" content=\"\u01af\u1edbc t\u00ednh th\u1eddi gian \u0111\u1ecdc\">\n\t<meta name=\"twitter:data1\" content=\"2 ph\u00fat\">\n<script type=\"application\/ld+json\" class=\"yoast-schema-graph\">{\"@context\":\"https:\/\/schema.org\",\"@graph\":[{\"@type\":\"WebSite\",\"@id\":\"https:\/\/khachhang4.web3b.com\/rocketbattery\/#website\",\"url\":\"https:\/\/khachhang4.web3b.com\/rocketbattery\/\",\"name\":\"Rocket Battery\",\"description\":\"\",\"potentialAction\":[{\"@type\":\"SearchAction\",\"target\":\"https:\/\/khachhang4.web3b.com\/rocketbattery\/?s={search_term_string}\",\"query-input\":\"required name=search_term_string\"}],\"inLanguage\":\"vi\"},{\"@type\":\"ImageObject\",\"@id\":\"https:\/\/khachhang4.web3b.com\/rocketbattery\/san-pham\/smf-ns40z-35ah\/#primaryimage\",\"inLanguage\":\"vi\",\"url\":\"https:\/\/khachhang4.web3b.com\/rocketbattery\/wp-content\/uploads\/2018\/12\/SMF-NS40Z-1.jpg\",\"width\":800,\"height\":600},{\"@type\":\"WebPage\",\"@id\":\"https:\/\/khachhang4.web3b.com\/rocketbattery\/san-pham\/smf-ns40z-35ah\/#webpage\",\"url\":\"https:\/\/khachhang4.web3b.com\/rocketbattery\/san-pham\/smf-ns40z-35ah\/\",\"name\":\"SMF NS40Z - 35Ah - Rocket Battery\",\"isPartOf\":{\"@id\":\"https:\/\/khachhang4.web3b.com\/rocketbattery\/#website\"},\"primaryImageOfPage\":{\"@id\":\"https:\/\/khachhang4.web3b.com\/rocketbattery\/san-pham\/smf-ns40z-35ah\/#primaryimage\"},\"datePublished\":\"2018-12-27T03:29:10+00:00\",\"dateModified\":\"2020-10-27T08:51:41+00:00\",\"breadcrumb\":{\"@id\":\"https:\/\/khachhang4.web3b.com\/rocketbattery\/san-pham\/smf-ns40z-35ah\/#breadcrumb\"},\"inLanguage\":\"vi\",\"potentialAction\":[{\"@type\":\"ReadAction\",\"target\":[\"https:\/\/khachhang4.web3b.com\/rocketbattery\/san-pham\/smf-ns40z-35ah\/\"]}]},{\"@type\":\"BreadcrumbList\",\"@id\":\"https:\/\/khachhang4.web3b.com\/rocketbattery\/san-pham\/smf-ns40z-35ah\/#breadcrumb\",\"itemListElement\":[{\"@type\":\"ListItem\",\"position\":1,\"item\":{\"@type\":\"WebPage\",\"@id\":\"https:\/\/khachhang4.web3b.com\/rocketbattery\/\",\"url\":\"https:\/\/khachhang4.web3b.com\/rocketbattery\/\",\"name\":\"Trang ch\\u1ee7\"}},{\"@type\":\"ListItem\",\"position\":2,\"item\":{\"@type\":\"WebPage\",\"@id\":\"https:\/\/khachhang4.web3b.com\/rocketbattery\/san-pham\/\",\"url\":\"https:\/\/khachhang4.web3b.com\/rocketbattery\/san-pham\/\",\"name\":\"S\\u1ea3n ph\\u1ea9m\"}},{\"@type\":\"ListItem\",\"position\":3,\"item\":{\"@type\":\"WebPage\",\"@id\":\"https:\/\/khachhang4.web3b.com\/rocketbattery\/san-pham\/smf-ns40z-35ah\/\",\"url\":\"https:\/\/khachhang4.web3b.com\/rocketbattery\/san-pham\/smf-ns40z-35ah\/\",\"name\":\"SMF NS40Z &#8211; 35Ah\"}}]}]}<\/script>\n<!-- \/ Yoast SEO plugin. -->","_links":{"self":[{"href":"https:\/\/khachhang4.web3b.com\/rocketbattery\/wp-json\/wp\/v2\/product\/519"}],"collection":[{"href":"https:\/\/khachhang4.web3b.com\/rocketbattery\/wp-json\/wp\/v2\/product"}],"about":[{"href":"https:\/\/khachhang4.web3b.com\/rocketbattery\/wp-json\/wp\/v2\/types\/product"}],"replies":[{"embeddable":true,"href":"https:\/\/khachhang4.web3b.com\/rocketbattery\/wp-json\/wp\/v2\/comments?post=519"}],"wp:featuredmedia":[{"embeddable":true,"href":"https:\/\/khachhang4.web3b.com\/rocketbattery\/wp-json\/wp\/v2\/media\/522"}],"wp:attachment":[{"href":"https:\/\/khachhang4.web3b.com\/rocketbattery\/wp-json\/wp\/v2\/media?parent=519"}],"curies":[{"name":"wp","href":"https:\/\/api.w.org\/{rel}","templated":true}]}}