{"id":552,"date":"2018-12-27T11:10:56","date_gmt":"2018-12-27T04:10:56","guid":{"rendered":"https:\/\/rocketbattery.vn\/?post_type=product&#038;p=552"},"modified":"2021-03-30T09:36:40","modified_gmt":"2021-03-30T02:36:40","slug":"smf-55d23r-60ah","status":"publish","type":"product","link":"https:\/\/khachhang4.web3b.com\/rocketbattery\/san-pham\/smf-55d23r-60ah\/","title":{"rendered":"SMF 55D23R &#8211; 60Ah"},"content":{"rendered":"<p><strong>\u0110\u1eb6C \u0110I\u1ec2M S\u1ea2N PH\u1ea8M<\/strong><\/p>\n<table>\n<tbody>\n<tr>\n<td><\/td>\n<td>C\u00f4ng ngh\u1ec7 Lead-Acid Accumulators<\/td>\n<\/tr>\n<tr>\n<td>Dung l\u01b0\u1ee3ng<\/td>\n<td>12V \u2013 60AH<\/td>\n<\/tr>\n<tr>\n<td>K\u00edch th\u01b0\u1edbc<\/td>\n<td>232 x 173 x 225 (d\u00e0i x r\u1ed9ng x cao)<\/td>\n<\/tr>\n<tr>\n<td>H\u00e3ng s\u1ea3n xu\u1ea5t<\/td>\n<td>SEBANG GLOBAL BATTERY CO.,LTD<\/td>\n<\/tr>\n<tr>\n<td>Xu\u1ea5t X\u1ee9<\/td>\n<td>NH\u1eacP KH\u1ea8U 100% H\u00c0N QU\u1ed0C<\/td>\n<\/tr>\n<\/tbody>\n<\/table>\n<p><strong>S\u1ea3n ph\u1ea9m \u1eaec Quy ROCKET 12V 60Ah <\/strong><strong>S<\/strong><strong>MF 55D23R<\/strong><\/p>\n<p><strong>M\u00f4 T\u1ea3:<\/strong>\u00a0B\u00ecnh ROCKET c\u1ecdc thu\u1eadn, c\u1ecdc ti\u00eau chu\u1ea9n.<\/p>\n<p><strong>\u0110\u1eb7c T\u00ednh:<\/strong>\u00a0B\u00ecnh \u1eafc quy kh\u00f4 ROCKET C\u00f4ng ngh\u1ec7 Lead-Acid Accumulators, mi\u1ec5n b\u1ea3o d\u01b0\u1ee1ng, kh\u00f4ng c\u1ea7n ch\u00e2m n\u01b0\u1edbc.<\/p>\n<p>Acquy ROCKET m\u1edbi \u0111\u00e3 ch\u00e2m dung d\u1ecbch a xit, n\u1ea1p \u0111\u1ea7y \u0111i\u1ec7n, l\u1eafp \u0111\u1eb7t cho \u00f4 t\u00f4 s\u1eed d\u1ee5ng \u0111\u01b0\u1ee3c ngay.<\/p>\n<p><strong>\u01afu \u0110i\u1ec3m:<\/strong><\/p>\n<p>&#8211; \u1eaec quy d\u00f9ng cho d\u00f2ng kh\u1edfi \u0111\u1ed9ng nhanh, m\u1ea1nh m\u1ebd, ph\u00f9 h\u1ee3p kh\u00ed h\u1eadu Vi\u1ec7t Nam.<\/p>\n<p>&#8211; C\u00f4ng su\u1ea5t kh\u1edfi \u0111\u1ed9ng \u0111\u00e1ng tin c\u1eady v\u1edbi c\u00f4ng ngh\u1ec7 Lead-Acid Accumulators.<\/p>\n<p>&#8211; C\u00f4ng ngh\u1ec7 t\u1ea5m c\u00f3 \u0111\u1ed9 b\u1ec1n cao mang l\u1ea1i tu\u1ed5i th\u1ecd l\u00e2u h\u01a1n.<\/p>\n<p><strong>Ch\u00fa \u00fd:<\/strong><\/p>\n<p>&#8211; Lu\u00f4n \u0111\u1ec3 b\u00ecnh kh\u00f4 ROCKET th\u1eb3ng \u0111\u1ee9ng, tr\u00e1nh ti\u1ebfp x\u00fac tr\u1ef1c ti\u1ebfp v\u1edbi \u00e1nh n\u1eafng m\u1eb7t tr\u1eddi.<\/p>\n<p>&#8211; Gi\u1eef \u1eafc quy\u00a0s\u1ea1ch s\u1ebd v\u00e0 lu\u00f4n lu\u00f4n l\u01b0u tr\u1eef \u1edf n\u01a1i m\u00e1t m\u1ebb, kh\u00f4 r\u00e1o.<\/p>\n<p>&#8211; Kh\u00f4ng bao gi\u1edd x\u1ebfp ch\u1ed3ng l\u00ean tr\u00ean 4 l\u1edbp.<\/p>\n<p><strong>\u1eaec Quy ROCKET\u00a0 12V 60Ah <\/strong><strong>S<\/strong><strong>MF 55D23R \u00a0\u0111\u01b0\u1ee3c l\u1eafp cho c\u00e1c d\u00f2ng xe \u00f4t\u00f4:\u00a0<\/strong><\/p>\n<p>&#8211; CAMRY: Previa, Canter, Accor.<\/p>\n<p>&#8211;\u00a0ISUZUL: T\u1ea3i 5 t\u1ea5n, T\u1ea3i NQR 71R, T\u1ea3i NPR 5 t\u1ea5n, Hi Lander AT, V Spec,\u00a0 X Tream, Trooper.<\/p>\n<p>&#8211; Fiat Doblo, Infiniti, Suzuki Vitara, Ssangyong.<\/p>\n<p>&#8211; TOYOTA: Prado, Fortuner 2.7V, Fortuner 2.5G, Camry 3.5, Camry 2.5, Camry 2.4, Camry 2.0E, Corolla 1.8 nh\u1eadp, Hiace.<\/p>\n<p>&#8211; NISSAN: Juke, X-trail, Teana.<\/p>\n<p>&#8211; MITSUBISHI: Attrage, Lancer, Jolie, Outlander, Mirage.<\/p>\n<p>&#8211; MAZDA: CX-3,CX-7, MX5, Mazda 5, Premacy, Mazda 626, Mazda 323, BT50, CX-9, CX-5, Mazda 6.<\/p>\n<p>&#8211; LEXUS: LS600hL, RX450h.<\/p>\n<p>&#8211; KIA: Joice, Spectra, Sportage, Carens(m\u00e1y x\u0103ng), Cerato.<\/p>\n<p>&#8211; HONDA: Odyssey, Accord.<\/p>\n<p>&#8211; HYUNDAI: Veloster, Verna, Creta, Elantra, Sonata, Avante, i30, Tucson(m\u00e1y x\u0103ng).<\/p>\n<p>&#8211; FORD: Crown Victoria, Forenza, Laser, Mondeo, Escape.<\/p>\n<p>&#8211; DAEWOO: Nubira II, Lanos, Gentra, Lacetti EX.<\/p>\n<p>&#8211; CHEVROLET: Aveo, Vivant, Captiva.<\/p>\n<p>&#8211; VOLVO: Volvo S80.<\/p>\n<p>&nbsp;<\/p>\n","protected":false},"excerpt":{"rendered":"<p>\u0110\u1eb6C \u0110I\u1ec2M S\u1ea2N PH\u1ea8M C\u00f4ng ngh\u1ec7 Lead-Acid Accumulators Dung l\u01b0\u1ee3ng 12V \u2013 60AH K\u00edch th\u01b0\u1edbc 232 x 173 x 225 (d\u00e0i x r\u1ed9ng x cao) H\u00e3ng s\u1ea3n xu\u1ea5t SEBANG GLOBAL BATTERY CO.,LTD Xu\u1ea5t X\u1ee9 NH\u1eacP KH\u1ea8U 100% H\u00c0N QU\u1ed0C S\u1ea3n ph\u1ea9m \u1eaec Quy ROCKET 12V 60Ah SMF 55D23R M\u00f4 T\u1ea3:\u00a0B\u00ecnh ROCKET c\u1ecdc thu\u1eadn, c\u1ecdc ti\u00eau [&hellip;]<\/p>\n","protected":false},"featured_media":872,"comment_status":"closed","ping_status":"closed","template":"","meta":[],"yoast_head":"<!-- This site is optimized with the Yoast SEO plugin v16.0.2 - https:\/\/yoast.com\/wordpress\/plugins\/seo\/ -->\n<title>SMF 55D23R - 60Ah - Rocket Battery<\/title>\n<meta property=\"og:locale\" content=\"vi_VN\" \/>\n<meta property=\"og:type\" content=\"article\" \/>\n<meta property=\"og:title\" content=\"SMF 55D23R - 60Ah - Rocket Battery\" \/>\n<meta property=\"og:description\" content=\"\u0110\u1eb6C \u0110I\u1ec2M S\u1ea2N PH\u1ea8M C\u00f4ng ngh\u1ec7 Lead-Acid Accumulators Dung l\u01b0\u1ee3ng 12V \u2013 60AH K\u00edch th\u01b0\u1edbc 232 x 173 x 225 (d\u00e0i x r\u1ed9ng x cao) H\u00e3ng s\u1ea3n xu\u1ea5t SEBANG GLOBAL BATTERY CO.,LTD Xu\u1ea5t X\u1ee9 NH\u1eacP KH\u1ea8U 100% H\u00c0N QU\u1ed0C S\u1ea3n ph\u1ea9m \u1eaec Quy ROCKET 12V 60Ah SMF 55D23R M\u00f4 T\u1ea3:\u00a0B\u00ecnh ROCKET c\u1ecdc thu\u1eadn, c\u1ecdc ti\u00eau [&hellip;]\" \/>\n<meta property=\"og:url\" content=\"https:\/\/khachhang4.web3b.com\/rocketbattery\/san-pham\/smf-55d23r-60ah\/\" \/>\n<meta property=\"og:site_name\" content=\"Rocket Battery\" \/>\n<meta property=\"article:modified_time\" content=\"2021-03-30T02:36:40+00:00\" \/>\n<meta property=\"og:image\" content=\"https:\/\/khachhang4.web3b.com\/rocketbattery\/wp-content\/uploads\/2018\/12\/60R.png\" \/>\n\t<meta property=\"og:image:width\" content=\"577\" \/>\n\t<meta property=\"og:image:height\" content=\"433\" \/>\n<meta name=\"twitter:card\" content=\"summary_large_image\" \/>\n<meta name=\"twitter:label1\" content=\"\u01af\u1edbc t\u00ednh th\u1eddi gian \u0111\u1ecdc\">\n\t<meta name=\"twitter:data1\" content=\"2 ph\u00fat\">\n<script type=\"application\/ld+json\" class=\"yoast-schema-graph\">{\"@context\":\"https:\/\/schema.org\",\"@graph\":[{\"@type\":\"WebSite\",\"@id\":\"https:\/\/khachhang4.web3b.com\/rocketbattery\/#website\",\"url\":\"https:\/\/khachhang4.web3b.com\/rocketbattery\/\",\"name\":\"Rocket Battery\",\"description\":\"\",\"potentialAction\":[{\"@type\":\"SearchAction\",\"target\":\"https:\/\/khachhang4.web3b.com\/rocketbattery\/?s={search_term_string}\",\"query-input\":\"required name=search_term_string\"}],\"inLanguage\":\"vi\"},{\"@type\":\"ImageObject\",\"@id\":\"https:\/\/khachhang4.web3b.com\/rocketbattery\/san-pham\/smf-55d23r-60ah\/#primaryimage\",\"inLanguage\":\"vi\",\"url\":\"https:\/\/khachhang4.web3b.com\/rocketbattery\/wp-content\/uploads\/2018\/12\/60R.png\",\"width\":577,\"height\":433},{\"@type\":\"WebPage\",\"@id\":\"https:\/\/khachhang4.web3b.com\/rocketbattery\/san-pham\/smf-55d23r-60ah\/#webpage\",\"url\":\"https:\/\/khachhang4.web3b.com\/rocketbattery\/san-pham\/smf-55d23r-60ah\/\",\"name\":\"SMF 55D23R - 60Ah - Rocket Battery\",\"isPartOf\":{\"@id\":\"https:\/\/khachhang4.web3b.com\/rocketbattery\/#website\"},\"primaryImageOfPage\":{\"@id\":\"https:\/\/khachhang4.web3b.com\/rocketbattery\/san-pham\/smf-55d23r-60ah\/#primaryimage\"},\"datePublished\":\"2018-12-27T04:10:56+00:00\",\"dateModified\":\"2021-03-30T02:36:40+00:00\",\"breadcrumb\":{\"@id\":\"https:\/\/khachhang4.web3b.com\/rocketbattery\/san-pham\/smf-55d23r-60ah\/#breadcrumb\"},\"inLanguage\":\"vi\",\"potentialAction\":[{\"@type\":\"ReadAction\",\"target\":[\"https:\/\/khachhang4.web3b.com\/rocketbattery\/san-pham\/smf-55d23r-60ah\/\"]}]},{\"@type\":\"BreadcrumbList\",\"@id\":\"https:\/\/khachhang4.web3b.com\/rocketbattery\/san-pham\/smf-55d23r-60ah\/#breadcrumb\",\"itemListElement\":[{\"@type\":\"ListItem\",\"position\":1,\"item\":{\"@type\":\"WebPage\",\"@id\":\"https:\/\/khachhang4.web3b.com\/rocketbattery\/\",\"url\":\"https:\/\/khachhang4.web3b.com\/rocketbattery\/\",\"name\":\"Trang ch\\u1ee7\"}},{\"@type\":\"ListItem\",\"position\":2,\"item\":{\"@type\":\"WebPage\",\"@id\":\"https:\/\/khachhang4.web3b.com\/rocketbattery\/san-pham\/\",\"url\":\"https:\/\/khachhang4.web3b.com\/rocketbattery\/san-pham\/\",\"name\":\"S\\u1ea3n ph\\u1ea9m\"}},{\"@type\":\"ListItem\",\"position\":3,\"item\":{\"@type\":\"WebPage\",\"@id\":\"https:\/\/khachhang4.web3b.com\/rocketbattery\/san-pham\/smf-55d23r-60ah\/\",\"url\":\"https:\/\/khachhang4.web3b.com\/rocketbattery\/san-pham\/smf-55d23r-60ah\/\",\"name\":\"SMF 55D23R &#8211; 60Ah\"}}]}]}<\/script>\n<!-- \/ Yoast SEO plugin. -->","_links":{"self":[{"href":"https:\/\/khachhang4.web3b.com\/rocketbattery\/wp-json\/wp\/v2\/product\/552"}],"collection":[{"href":"https:\/\/khachhang4.web3b.com\/rocketbattery\/wp-json\/wp\/v2\/product"}],"about":[{"href":"https:\/\/khachhang4.web3b.com\/rocketbattery\/wp-json\/wp\/v2\/types\/product"}],"replies":[{"embeddable":true,"href":"https:\/\/khachhang4.web3b.com\/rocketbattery\/wp-json\/wp\/v2\/comments?post=552"}],"wp:featuredmedia":[{"embeddable":true,"href":"https:\/\/khachhang4.web3b.com\/rocketbattery\/wp-json\/wp\/v2\/media\/872"}],"wp:attachment":[{"href":"https:\/\/khachhang4.web3b.com\/rocketbattery\/wp-json\/wp\/v2\/media?parent=552"}],"curies":[{"name":"wp","href":"https:\/\/api.w.org\/{rel}","templated":true}]}}