{"id":661,"date":"2020-10-30T14:45:26","date_gmt":"2020-10-30T07:45:26","guid":{"rendered":"https:\/\/rocketbattery.vn\/?post_type=product&#038;p=661"},"modified":"2020-10-30T15:06:40","modified_gmt":"2020-10-30T08:06:40","slug":"rocket-l-145-6v-260ah","status":"publish","type":"product","link":"https:\/\/khachhang4.web3b.com\/rocketbattery\/san-pham\/rocket-l-145-6v-260ah\/","title":{"rendered":"\u1eaeC QUY ROCKET L-145 (6V 260AH)"},"content":{"rendered":"<h1>\u1eaeC QUY ROCKET L-145 (6V 260AH)<\/h1>\n<h2>\u0110\u1eb7c t\u00ednh k\u1ef9 thu\u1eadt c\u1ee7a b\u00ecnh \u1eafc quy ROCKET L-145 (6V 260AH):<\/h2>\n<h3>C\u1ecdc b\u00ecnh \u0111i\u1ec7n ROCKET L-145<\/h3>\n<ul>\n<li>C\u1ecdc b\u00ecnh \u0111\u01b0\u1ee3c m\u1ea1 b\u1eb1ng ch\u1ea5t \u0111\u1eb7c bi\u1ec7t \u0111\u1ec3 gi\u1ea3m thi\u1ec3u s\u1ef1 sinh nhi\u1ec7t v\u00e0 \u0111i\u1ec7n tr\u1edf th\u1ea5p nh\u1ea5t.<\/li>\n<li>\u0110\u01b0\u1ee3c \u0111\u00fac b\u1eb1ng h\u1ee3p kim ch\u00ec \u0111\u1eb7c bi\u1ec7t h\u1ed7 tr\u1ee3 cho qu\u00e1 tr\u00ecnh ph\u00f3ng x\u1ea3 s\u00e2u.<\/li>\n<li>Thi\u1ebft k\u1ebf d\u1ea1ng Bulong\/ \u0111ai \u1ed1c gi\u00fap cho vi\u1ec7c th\u00e1o l\u1eafp s\u1eed d\u1ee5ng v\u00e0 b\u1ea3o tr\u00ec d\u1ec5 d\u00e0ng.<\/li>\n<li>\u0110\u1ea7u c\u1ecdc \u0111\u01b0\u1ee3c thi\u1ebft k\u1ebf c\u1ee9ng c\u00e1p tr\u00e1nh hi\u1ec7n t\u01b0\u1ee3ng m\u00f4 ve trong qu\u00e1 tr\u00ecnh s\u1eed d\u1ee5ng<\/li>\n<li>B\u1ea3n c\u1ef1c b\u00ecnh \u0111i\u1ec7n ROCKET L-145<\/li>\n<li>C\u1ef1c d\u01b0\u01a1ng b\u00ecnh \u0111i\u1ec7n \u0111\u01b0\u1ee3c thi\u1ebft k\u1ebf b\u1edfi d\u1ea1ng l\u01b0\u1edbi \u0111\u01b0\u1ee3c d\u00e1n c\u1ee9ng v\u1edbi kh\u1ea3 n\u0103ng ch\u00f3ng \u0103n m\u00f2n, \u0111\u01b0\u1ee3c th\u00eam v\u00e0o ph\u1ee5 gia \u0111\u1eb7c bi\u1ec7t cho m\u1ee5c \u0111\u00edch t\u1ed1i \u01b0u chu k\u1ef3 ph\u00f3ng x\u1ea3 s\u00e2u.<\/li>\n<li>B\u1ea3n c\u1ef1c \u00e2m c\u1ee7a b\u00ecnh \u0111i\u1ec7n \u0111\u01b0\u1ee3c s\u1ea3n xu\u1ea5t b\u1edfi ch\u00ec nguy\u00ean ch\u1ea5t (99%) k\u1ebft h\u1ee3p v\u1edbi ph\u1ee5 gia \u0111\u1eb7c bi\u1ec7t t\u0103ng kh\u1ea3 n\u0103ng ph\u00f3ng x\u1ea3 s\u00e2u.<\/li>\n<\/ul>\n<h3>T\u1ea5m c\u00e1ch gi\u1eefa c\u00e1c b\u1ea3n c\u1ef1c b\u00ecnh \u0111i\u1ec7n ROCKET L-145<\/h3>\n<ul>\n<li>T\u1ea5m c\u00e1ch \u0111\u01b0\u1ee3c s\u1ea3n xu\u1ea5t b\u1edfi cao su x\u1ed1p \u0111\u1eb7c bi\u1ec7t (d\u1ea1ng ph\u00e2n t\u1eed) ch\u1ed1ng s\u1ef1 \u0103n m\u00f2n c\u1ee7a axit<\/li>\n<li>H\u1ec7 th\u1ed1ng t\u1ea5m c\u00e1ch b\u1eb1ng s\u1ee3i th\u1ee7y tinh c\u00f3 kh\u1ea3 n\u0103ng th\u1ea9m th\u1ea5u dung d\u1ecbch t\u1ed1t v\u00e0 t\u00e1i t\u1ea1o n\u01b0\u1edbc ho\u00e0n h\u1ea3o.<\/li>\n<li>\u0110\u1eb7c t\u00ednh k\u1ef9 thu\u1eadt v\u1eadt l\u00fd ch\u1ed1ng \u0111i\u1ec7n tr\u1edf th\u1ea5p<\/li>\n<\/ul>\n<h3>V\u1ecf l\u01b0\u1edbi b\u00ean trong b\u00ecnh \u0111i\u1ec7n ROCKET L-145<\/h3>\n<ul>\n<li>Thi\u1ebft k\u1ebf \u0111\u1eb7c bi\u1ec7t ch\u1ed1ng ng\u1eafn m\u1ea1ch.<\/li>\n<li>V\u1ecf b\u00ecnh \u0111i\u1ec7n \u0111\u01b0\u1ee3c s\u1ea3n xu\u1ea5t b\u1edfi nh\u1ef1a PP cho kh\u1ea3 ch\u00f3ng s\u1ed1c t\u00f4t,si\u00eau nh\u1eb9, si\u00eau b\u1ec1n gi\u00fap gi\u1ea3m t\u1ea3i tr\u1ecdng v\u00e0 t\u1ed1i \u01b0u tr\u1ecdng l\u01b0\u1ee3ng c\u1ee7a xe.<\/li>\n<li>C\u1ea5u tr\u00fac thi\u1ebft k\u1ebf \u0111\u1eb7c bi\u1ec7t gi\u00fap h\u1ea1n ch\u1ebf t\u1ed1i \u0111a s\u1ef1 r\u01a1i r\u1ee5ng c\u1ee7a v\u1eadt li\u1ec7u ho\u1ea1t \u0111\u1ed9ng xu\u1ed1ng \u0111\u00e1y b\u00ecnh.<\/li>\n<li>N\u1eafp \u0111\u1eady\/ n\u00fat v\u1eb7n b\u00ecnh \u1eafc quy \u0111i\u1ec7n ROCKET L-145<\/li>\n<li>C\u01a1 c\u1ea5u k\u1ef9 thu\u1eadt tho\u00e1t kh\u00ed ra ngo\u00e0i<\/li>\n<li>Thu\u1eadn l\u1ee3i cho vi\u1ec7c ch\u00e2m n\u01b0\u1edbc c\u1ea5t ki\u1ec3m tra v\u00e0 b\u1ea3o d\u01b0\u1ee1ng b\u00ecnh \u0111i\u1ec7n.<\/li>\n<li>M\u00e1y n\u1ea1p\/ M\u00e1y s\u1ea1c chuy\u00ean d\u1ee5ng<\/li>\n<li>S\u1ea1c v\u1edbi 1\/10 dung l\u01b0\u1ee3ng b\u00ecnh \u0111i\u1ec7n gi\u00fap t\u1ed1i \u01b0u tu\u1ed5i th\u1ecd c\u1ee7a b\u00ecnh \u1eafc quy.<\/li>\n<li>C\u00f4ng su\u1ea5t m\u00e1y n\u1ea1p\/s\u1ea1c b\u00ecnh t\u1eeb 20A \u0111\u1ebfn 30A.<\/li>\n<li>S\u1eed d\u1ee5ng thi\u1ebft b\u1ecb s\u1ea1c ch\u1ea5t l\u01b0\u1ee3ng v\u00e0 c\u00f3 t\u00ednh n\u0103ng t\u1ef1 ng\u1eaft \u0111\u1ec3 t\u1ed1i \u01b0u tu\u1ed5i th\u1ecd b\u00ecnh \u1eafc quy v\u00e0 h\u1ea1n ch\u1ebf r\u1ee7i ro ch\u00e1y n\u1ed5.<\/li>\n<\/ul>\n<h2>\u1ee8ng d\u1ee5ng b\u00ecnh \u0111i\u1ec7n ROCKET L-145:<\/h2>\n<ul>\n<li>S\u1eed d\u1ee5ng cho: Xe golf , xe n\u00e2ng ng\u01b0\u1eddi, xe \u0111i\u1ec7n ch\u1edf ng\u01b0\u1eddi\/ ch\u1edd \u0111\u1ed3, m\u00e1y ch\u00e0 s\u00e0n, thi\u1ebft b\u1ecb v\u1ec7 sinh\u2026.<\/li>\n<li>C\u00e1c lo\u1ea1i xe \u0111i\u1ec7n \u1edf khu du l\u1ecbch, khu resort, khu d\u00e2n c\u01b0, b\u00e3i bi\u1ec3n<\/li>\n<li>C\u00e1c h\u1ec7 th\u1ed1ng t\u00edch \u0111i\u1ec7n n\u0103ng l\u01b0\u1ee3ng m\u1eb7t tr\u1eddi, ng\u00e0nh b\u01b0u ch\u00ednh vi\u1ec5n th\u00f4ng, \u0111i\u1ec7n l\u1ef1c, h\u1ec7 th\u1ed1ng b\u00e1o \u0111\u1ed9ng an ninh, h\u1ec7 th\u1ed1ng b\u00e1o \u0111\u1ed9ng h\u1ecfa ho\u1ea1n, ngu\u1ed3n d\u1ef1 ph\u00f2ng cho m\u00e1y t\u00ednh, \u0111\u00e8n b\u00e1o kh\u1ea9n c\u1ea5p v\u00e0 nhi\u1ec1u thi\u1ebft b\u1ecb chuy\u00ean d\u1ee5ng kh\u00e1c<\/li>\n<\/ul>\n<h2>H\u01b0\u1edbng d\u1eabn ki\u1ec3m tra dung d\u1ecbch \u0111i\u1ec7n ph\u00e2n b\u00ecnh \u0111i\u1ec7n ROCKET L-145:<\/h2>\n<ul>\n<li>Quy \u0111\u1ed5i kh\u1ed1i l\u01b0\u1ee3ng ri\u00eang ax\u00edt v\u1ec1 25\u00b0C. Theo c\u00f4ng th\u1ee9c sau: D25 = Dt + 0.0007(t-25)<\/li>\n<li>Ti\u00eau chu\u1ea9n kh\u1ed1i l\u01b0\u1ee3ng ri\u00eang c\u1ee7a dung d\u1ecbch khi \u1eaec quy n\u1ea1p \u0111\u1ea7y n\u1eb1m trong kho\u1ea3ng 1,280 \u0111\u1ebfn 1,300 (g\/cm3).<\/li>\n<li>Nh\u00ecn l\u1ea1i thang \u0111o c\u1ee7a d\u1ee5ng c\u1ee5 v\u00e0 hi\u1ec3u c\u00e1c th\u00f4ng s\u1ed1 tr\u00ean \u0111\u00f3 tr\u01b0\u1edbc khi \u0111o.<\/li>\n<li>Th\u00eam \u0111\u1ee7 n\u01b0\u1edbc tr\u01b0\u1edbc khi ki\u1ec3m tra dung d\u1ecbch \u0111i\u1ec7n ph\u00e2n.<\/li>\n<li>D\u00f9ng d\u1ee5ng c\u1ee5 \u0111o, b\u01a1m h\u00fat r\u1ed3i x\u1ea3 v\u00e0i l\u1ea7n tr\u01b0\u1edbc khi \u0111o kh\u1ed1i l\u01b0\u1ee3ng ri\u00eang (t\u1ef7 tr\u1ecdng) dung d\u1ecbch \u0111i\u1ec7n ph\u00e2n.<\/li>\n<li>N\u1ebfu ki\u1ec3m tra th\u1ea5y gi\u00e1 tr\u1ecb nh\u1ecf h\u01a1n gi\u00e1 tr\u1ecb ti\u00eau chu\u1ea9n th\u00ec b\u00ecnh \u1eafc quy ph\u1ea3i n\u1ea1p l\u1ea1i.<\/li>\n<li>Khi kh\u00f4ng th\u1ec3 n\u1ea1p \u0111\u1ea7y b\u1eb1ng m\u00e1y n\u1ea1p b\u00ecnh th\u01b0\u1eddng, c\u00f3 th\u1ec3 do c\u00e1c l\u00fd do sau:<\/li>\n<li>\u1eaec quy chu\u1ea9n b\u1ecb h\u1ebft kh\u1ea3 n\u0103ng l\u01b0u \u0111i\u1ec7n.<\/li>\n<li>L\u01b0u kho v\u1edbi th\u1eddi gian qu\u00e1 d\u00e0i sau khi ph\u00f3ng \u0111i\u1ec7n m\u00e0 kh\u00f4ng n\u1ea1p l\u1ea1i.<\/li>\n<li>\u1eaec quy b\u1ecb c\u1ea1n n\u01b0\u1edbc.<\/li>\n<li>\u1eaec quy b\u1ecb nhi\u1ec1u n\u01b0\u1edbc qu\u00e1.<\/li>\n<\/ul>\n<p>L\u01b0u \u00fd: Ph\u1ea3i ki\u1ec3m tra m\u1ed7i 02 th\u00e1ng m\u1ed9t l\u1ea7n.<\/p>\n","protected":false},"excerpt":{"rendered":"<p><strong>B\u00ecnh \u1eaec quy xe \u0111i\u1ec7n ROCKET L-145<\/strong> (6V 260AH) s\u1ea3n xu\u1ea5t t\u1ea1i H\u00e0n Qu\u1ed1c v\u00e0 \u0111\u01b0\u1ee3c nh\u1eadp kh\u1ea9u\u00a0 ph\u00e2n ph\u1ed1i ch\u00ednh h\u00e3ng b\u1edfi <a href=\"https:\/\/rocketbattery.vn\/\"><strong>Rocket Battery Vi\u1ec7t Nam<\/strong><\/a><strong>.<\/strong><\/p>\n<p><strong>B\u00ecnh \u1eaec quy ROCKET L-145<\/strong> (6V 260AH): 6V 260AH l\u00e0 lo\u1ea1i \u1eafc quy Axit ch\u00ec Deep Cycle \u0111\u01b0\u1ee3c s\u1eed d\u1ee5ng cho c\u00e1c lo\u1ea1i xe \u0111i\u1ec7n ch\u1ea1y \u1edf c\u00e1c khu c\u00f4ng nghi\u1ec7p, b\u00e3i bi\u1ec3n, khu du l\u1ecbch, xe golf ( xe ch\u1ea1y trong c\u00e1c s\u00e2n g\u00f4n ), xe n\u00e2ng ng\u01b0\u1eddi l\u00ean cao, xe n\u00e2ng h\u00e0ng, h\u1ec7 th\u1ed1ng \u0111i\u1ec7n n\u0103ng l\u01b0\u1ee3ng m\u1eb7t tr\u1eddi, v\u00e0 nhi\u1ec1u thi\u1ebft b\u1ecb chuy\u00ean d\u1ee5ng kh\u00e1c\u2026<\/p>\n<p>\u1eaec quy Rocket\u00a0 xu\u1ea5t x\u1ee9 nh\u1eadp kh\u1ea9u H\u00e0n Qu\u1ed1c l\u00e0 lo\u1ea1i \u1eafc quy ch\u00ec axit c\u00f3 kh\u1ea3 n\u0103ng x\u1ea3 s\u00e2u \u0111\u1ec3 duy tr\u00ec ho\u1ea1t \u0111\u1ed9ng cho c\u00e1c lo\u1ea1i xe n\u00e2ng, xe \u0111i\u1ec7n, xe s\u00e2n g\u00f4n \u2026. trong th\u1eddi gian d\u00e0i. Rocket battery Deep Cycle \u0111\u01b0\u1ee3c s\u1eed d\u1ee5ng r\u1ed9ng r\u00e3i t\u1ea1i Vi\u1ec7t Nam v\u00e0 xu\u1ea5t kh\u1ea9u \u0111\u1ebfn 150 qu\u1ed1c gia tr\u00ean th\u1ebf gi\u1edbi. Th\u01b0\u01a1ng hi\u1ec7u <a href=\"https:\/\/rocketbattery.vn\/\"><strong>Rocket battery<\/strong><\/a> l\u00e0 l\u1ef1a ch\u1ecdn h\u00e0ng \u0111\u1ea7u khi thay th\u1ebf \u0111\u01b0\u1ee3c kh\u00e1ch h\u00e0ng \u0111\u00e1nh gi\u00e1 l\u00e0 m\u1ed9t trong nh\u1eefng lo\u1ea1i \u1eafc quy t\u1ed1t nh\u1ea5t tr\u00ean th\u1ecb tr\u01b0\u1eddng hi\u1ec7n nay.<\/p>\n","protected":false},"featured_media":652,"comment_status":"closed","ping_status":"closed","template":"","meta":[],"yoast_head":"<!-- This site is optimized with the Yoast SEO plugin v16.0.2 - https:\/\/yoast.com\/wordpress\/plugins\/seo\/ -->\n<title>\u1eaeC QUY ROCKET L-145 (6V 260AH) - Rocket Battery<\/title>\n<meta property=\"og:locale\" content=\"vi_VN\" \/>\n<meta property=\"og:type\" content=\"article\" \/>\n<meta property=\"og:title\" content=\"\u1eaeC QUY ROCKET L-145 (6V 260AH) - Rocket Battery\" \/>\n<meta property=\"og:description\" content=\"B\u00ecnh \u1eaec quy xe \u0111i\u1ec7n ROCKET L-145 (6V 260AH) s\u1ea3n xu\u1ea5t t\u1ea1i H\u00e0n Qu\u1ed1c v\u00e0 \u0111\u01b0\u1ee3c nh\u1eadp kh\u1ea9u\u00a0 ph\u00e2n ph\u1ed1i ch\u00ednh h\u00e3ng b\u1edfi Rocket Battery Vi\u1ec7t Nam.  B\u00ecnh \u1eaec quy ROCKET L-145 (6V 260AH): 6V 260AH l\u00e0 lo\u1ea1i \u1eafc quy Axit ch\u00ec Deep Cycle \u0111\u01b0\u1ee3c s\u1eed d\u1ee5ng cho c\u00e1c lo\u1ea1i xe \u0111i\u1ec7n ch\u1ea1y \u1edf c\u00e1c khu c\u00f4ng nghi\u1ec7p, b\u00e3i bi\u1ec3n, khu du l\u1ecbch, xe golf ( xe ch\u1ea1y trong c\u00e1c s\u00e2n g\u00f4n ), xe n\u00e2ng ng\u01b0\u1eddi l\u00ean cao, xe n\u00e2ng h\u00e0ng, h\u1ec7 th\u1ed1ng \u0111i\u1ec7n n\u0103ng l\u01b0\u1ee3ng m\u1eb7t tr\u1eddi, v\u00e0 nhi\u1ec1u thi\u1ebft b\u1ecb chuy\u00ean d\u1ee5ng kh\u00e1c\u2026  \u1eaec quy Rocket\u00a0 xu\u1ea5t x\u1ee9 nh\u1eadp kh\u1ea9u H\u00e0n Qu\u1ed1c l\u00e0 lo\u1ea1i \u1eafc quy ch\u00ec axit c\u00f3 kh\u1ea3 n\u0103ng x\u1ea3 s\u00e2u \u0111\u1ec3 duy tr\u00ec ho\u1ea1t \u0111\u1ed9ng cho c\u00e1c lo\u1ea1i xe n\u00e2ng, xe \u0111i\u1ec7n, xe s\u00e2n g\u00f4n \u2026. trong th\u1eddi gian d\u00e0i. Rocket battery Deep Cycle \u0111\u01b0\u1ee3c s\u1eed d\u1ee5ng r\u1ed9ng r\u00e3i t\u1ea1i Vi\u1ec7t Nam v\u00e0 xu\u1ea5t kh\u1ea9u \u0111\u1ebfn 150 qu\u1ed1c gia tr\u00ean th\u1ebf gi\u1edbi. Th\u01b0\u01a1ng hi\u1ec7u Rocket battery l\u00e0 l\u1ef1a ch\u1ecdn h\u00e0ng \u0111\u1ea7u khi thay th\u1ebf \u0111\u01b0\u1ee3c kh\u00e1ch h\u00e0ng \u0111\u00e1nh gi\u00e1 l\u00e0 m\u1ed9t trong nh\u1eefng lo\u1ea1i \u1eafc quy t\u1ed1t nh\u1ea5t tr\u00ean th\u1ecb tr\u01b0\u1eddng hi\u1ec7n nay.\" \/>\n<meta property=\"og:url\" content=\"https:\/\/khachhang4.web3b.com\/rocketbattery\/san-pham\/rocket-l-145-6v-260ah\/\" \/>\n<meta property=\"og:site_name\" content=\"Rocket Battery\" \/>\n<meta property=\"article:modified_time\" content=\"2020-10-30T08:06:40+00:00\" \/>\n<meta property=\"og:image\" content=\"https:\/\/khachhang4.web3b.com\/rocketbattery\/wp-content\/uploads\/2020\/10\/ROCKET-L-145.jpg\" \/>\n\t<meta property=\"og:image:width\" content=\"225\" \/>\n\t<meta property=\"og:image:height\" content=\"225\" \/>\n<meta name=\"twitter:card\" content=\"summary_large_image\" \/>\n<meta name=\"twitter:label1\" content=\"\u01af\u1edbc t\u00ednh th\u1eddi gian \u0111\u1ecdc\">\n\t<meta name=\"twitter:data1\" content=\"5 ph\u00fat\">\n<script type=\"application\/ld+json\" class=\"yoast-schema-graph\">{\"@context\":\"https:\/\/schema.org\",\"@graph\":[{\"@type\":\"WebSite\",\"@id\":\"https:\/\/khachhang4.web3b.com\/rocketbattery\/#website\",\"url\":\"https:\/\/khachhang4.web3b.com\/rocketbattery\/\",\"name\":\"Rocket Battery\",\"description\":\"\",\"potentialAction\":[{\"@type\":\"SearchAction\",\"target\":\"https:\/\/khachhang4.web3b.com\/rocketbattery\/?s={search_term_string}\",\"query-input\":\"required name=search_term_string\"}],\"inLanguage\":\"vi\"},{\"@type\":\"ImageObject\",\"@id\":\"https:\/\/khachhang4.web3b.com\/rocketbattery\/san-pham\/rocket-l-145-6v-260ah\/#primaryimage\",\"inLanguage\":\"vi\",\"url\":\"https:\/\/khachhang4.web3b.com\/rocketbattery\/wp-content\/uploads\/2020\/10\/ROCKET-L-145.jpg\",\"width\":225,\"height\":225},{\"@type\":\"WebPage\",\"@id\":\"https:\/\/khachhang4.web3b.com\/rocketbattery\/san-pham\/rocket-l-145-6v-260ah\/#webpage\",\"url\":\"https:\/\/khachhang4.web3b.com\/rocketbattery\/san-pham\/rocket-l-145-6v-260ah\/\",\"name\":\"\\u1eaeC QUY ROCKET L-145 (6V 260AH) - Rocket Battery\",\"isPartOf\":{\"@id\":\"https:\/\/khachhang4.web3b.com\/rocketbattery\/#website\"},\"primaryImageOfPage\":{\"@id\":\"https:\/\/khachhang4.web3b.com\/rocketbattery\/san-pham\/rocket-l-145-6v-260ah\/#primaryimage\"},\"datePublished\":\"2020-10-30T07:45:26+00:00\",\"dateModified\":\"2020-10-30T08:06:40+00:00\",\"breadcrumb\":{\"@id\":\"https:\/\/khachhang4.web3b.com\/rocketbattery\/san-pham\/rocket-l-145-6v-260ah\/#breadcrumb\"},\"inLanguage\":\"vi\",\"potentialAction\":[{\"@type\":\"ReadAction\",\"target\":[\"https:\/\/khachhang4.web3b.com\/rocketbattery\/san-pham\/rocket-l-145-6v-260ah\/\"]}]},{\"@type\":\"BreadcrumbList\",\"@id\":\"https:\/\/khachhang4.web3b.com\/rocketbattery\/san-pham\/rocket-l-145-6v-260ah\/#breadcrumb\",\"itemListElement\":[{\"@type\":\"ListItem\",\"position\":1,\"item\":{\"@type\":\"WebPage\",\"@id\":\"https:\/\/khachhang4.web3b.com\/rocketbattery\/\",\"url\":\"https:\/\/khachhang4.web3b.com\/rocketbattery\/\",\"name\":\"Trang ch\\u1ee7\"}},{\"@type\":\"ListItem\",\"position\":2,\"item\":{\"@type\":\"WebPage\",\"@id\":\"https:\/\/khachhang4.web3b.com\/rocketbattery\/san-pham\/\",\"url\":\"https:\/\/khachhang4.web3b.com\/rocketbattery\/san-pham\/\",\"name\":\"S\\u1ea3n ph\\u1ea9m\"}},{\"@type\":\"ListItem\",\"position\":3,\"item\":{\"@type\":\"WebPage\",\"@id\":\"https:\/\/khachhang4.web3b.com\/rocketbattery\/san-pham\/rocket-l-145-6v-260ah\/\",\"url\":\"https:\/\/khachhang4.web3b.com\/rocketbattery\/san-pham\/rocket-l-145-6v-260ah\/\",\"name\":\"\\u1eaeC QUY ROCKET L-145 (6V 260AH)\"}}]}]}<\/script>\n<!-- \/ Yoast SEO plugin. -->","_links":{"self":[{"href":"https:\/\/khachhang4.web3b.com\/rocketbattery\/wp-json\/wp\/v2\/product\/661"}],"collection":[{"href":"https:\/\/khachhang4.web3b.com\/rocketbattery\/wp-json\/wp\/v2\/product"}],"about":[{"href":"https:\/\/khachhang4.web3b.com\/rocketbattery\/wp-json\/wp\/v2\/types\/product"}],"replies":[{"embeddable":true,"href":"https:\/\/khachhang4.web3b.com\/rocketbattery\/wp-json\/wp\/v2\/comments?post=661"}],"wp:featuredmedia":[{"embeddable":true,"href":"https:\/\/khachhang4.web3b.com\/rocketbattery\/wp-json\/wp\/v2\/media\/652"}],"wp:attachment":[{"href":"https:\/\/khachhang4.web3b.com\/rocketbattery\/wp-json\/wp\/v2\/media?parent=661"}],"curies":[{"name":"wp","href":"https:\/\/api.w.org\/{rel}","templated":true}]}}