{"id":672,"date":"2021-01-20T11:22:28","date_gmt":"2021-01-20T04:22:28","guid":{"rendered":"https:\/\/rocketbattery.vn\/?post_type=product&#038;p=672"},"modified":"2021-01-28T15:39:35","modified_gmt":"2021-01-28T08:39:35","slug":"ac-quy-cong-nghiep","status":"publish","type":"product","link":"https:\/\/khachhang4.web3b.com\/rocketbattery\/san-pham\/ac-quy-cong-nghiep\/","title":{"rendered":"\u1eaec Quy C\u00f4ng Nghi\u1ec7p"},"content":{"rendered":"<p>Sebang Gold Battery l\u00e0 h\u00e3ng s\u1ea3n xu\u1ea5t \u1eafc quy \u0111\u1ebfn t\u1eeb H\u00e0n Qu\u1ed1c, th\u1ebf m\u1ea1nh v\u1ec1 n\u1ec1n t\u1ea3ng d\u1ef1 tr\u1eef n\u0103ng l\u01b0\u1ee3ng qua nhi\u1ec1u d\u00f2ng s\u1ea3n ph\u1ea9m. \u0110\u1eb7c tr\u01b0ng l\u00e0 c\u00e1c d\u00f2ng s\u1ea3n ph\u1ea9m s\u1ea3 s\u00e2u ( deep cycle ) v\u1edbi c\u00e1c \u0111\u1eb7c t\u00ednh k\u1ef9 thu\u1eadt nh\u01b0 :<\/p>\n<p>V\u1ecf l\u01b0\u1edbi gi\u1ea3m kh\u1ed1i l\u01b0\u1ee3ng, ch\u1ed1ng s\u1ed1c v\u00e0 ch\u1ed1ng acid b\u1edfi nh\u1ef1a PP (c\u1ea5u tr\u00fac \u0111\u01b0\u1ee3c thi\u1ebft k\u1ebf \u0111\u1eb7c bi\u1ec7t \u0111\u1ec3 ng\u0103n hi\u1ec7n t\u01b0\u1ee3ng ng\u1eafn m\u1ea1ch do v\u1eadt li\u1ec7u ho\u1ea1t \u0111\u1ed9ng r\u01a1i r\u1ee5ng xu\u1ed1ng).<\/p>\n<p>C\u1ecdc b\u00ecnh : \u0111\u01b0\u1ee3c \u0111\u00fac v\u1edbi h\u1ee3p kim ch\u00ec \u0111\u1eb7c bi\u1ec7t, \u0111\u01b0\u1ee3c m\u1ea1 \u0111\u1eb7c bi\u1ec7t \u0111\u1ec3 ph\u00e1t sinh nhi\u1ec7t \u0111i\u1ec7n tr\u1edf th\u1ea5p nh\u1ea5t,\u0111\u01b0\u1ee3c thi\u1ebft k\u1ebf \u0111\u1ec3 ch\u1ed1ng rung khi di chuy\u1ec3n tr\u00ean \u0111\u1ecba h\u00ecnh g\u1ed3 gh\u1ec1, d\u1ec5 d\u00e0ng th\u00e1o r\u00e1p v\u1edbi c\u1ea5u tr\u00fac Bulon \u2013 \u0111ai \u1ed1c ti\u00eau chu\u1ea9n.<\/p>\n<p>N\u1eafp \u0111\u1eady : c\u00f3 c\u1ea5u tr\u00fac k\u1ef9 thu\u1eadt \u0111\u1eb7c bi\u1ec7t \u0111\u1ec3 cho kh\u00ed tho\u00e1t ra m\u1ed9t c\u00e1ch d\u1ec5 d\u00e0ng v\u00e0 nhanh nh\u1ea5t, d\u1ec5 d\u00e0ng ch\u00e2m n\u01b0\u1edbc v\u00e0 b\u1ea3o d\u01b0\u1ee1ng<\/p>\n<p>T\u1ea5m c\u00e1ch : s\u1eed d\u1ee5ng v\u1eadt li\u1ec7u cao su cao ph\u00e2n t\u1eed ch\u1ed1ng l\u1ea1i acid v\u00e0 s\u1ef1 \u0103n m\u00f2n, \u0111\u1eb7c t\u00ednh v\u1eadt l\u00fd ho\u00e0n h\u1ea3o v\u00e0 \u0111i\u1ec7n tr\u1edf th\u1ea5p,s\u1eed d\u1ee5ng c\u00e1c vi s\u1ee3i th\u1ee7y tinh \u0111\u1ec3 ch\u1ed1ng l\u1ea1i s\u1ef1 r\u1edbt r\u1ee5ng ch\u1ea5t ho\u1ea1t \u0111\u1ed9ng.<\/p>\n<p>B\u1ea3n c\u1ef1c : C\u1ef1c \u00e2m v\u1edbi 99.9% ch\u00ec nguy\u00ean ch\u1ea5t v\u1edbi \u0111\u1eb7c t\u00ednh tr\u00e1t c\u1ee9ng,c\u00e1c l\u01b0\u1edbi ch\u1ed1ng \u0103n m\u00f2n b\u1ea3n c\u1ef1c d\u01b0\u01a1ng v\u1edbi \u0111\u1eb7c t\u00ednh tr\u00e1t c\u1ee9ng, c\u00f9ngc\u00e1c ph\u1ee5 gia \u0111\u1eb7c bi\u1ec7t cho m\u1ee5c \u0111\u00edch ph\u00f3ng x\u1ea3 s\u00e2u.<\/p>\n","protected":false},"excerpt":{"rendered":"<p><img loading=\"lazy\" class=\"alignnone size-full wp-image-648\" src=\"https:\/\/rocketbattery.vn\/wp-content\/uploads\/2020\/10\/ROCKET-L-105-6V-225AH.jpg\" alt=\"\" width=\"225\" height=\"225\" srcset=\"https:\/\/khachhang4.web3b.com\/rocketbattery\/wp-content\/uploads\/2020\/10\/ROCKET-L-105-6V-225AH.jpg 225w, https:\/\/khachhang4.web3b.com\/rocketbattery\/wp-content\/uploads\/2020\/10\/ROCKET-L-105-6V-225AH-150x150.jpg 150w, https:\/\/khachhang4.web3b.com\/rocketbattery\/wp-content\/uploads\/2020\/10\/ROCKET-L-105-6V-225AH-74x74.jpg 74w, https:\/\/khachhang4.web3b.com\/rocketbattery\/wp-content\/uploads\/2020\/10\/ROCKET-L-105-6V-225AH-100x100.jpg 100w\" sizes=\"(max-width: 225px) 100vw, 225px\" \/><\/p>\n<p>\u1eaec Quy c\u00f4ng nghi\u1ec7p \u00a0Rocket l\u00e0 \u1eafc quy s\u1eed d\u1ee5ng cho:<\/p>\n<ul>\n<li>C\u00e1c lo\u1ea1i xe \u0111i\u1ec7n \u1edf khu du l\u1ecbch, khu resort, khu d\u00e2n c\u01b0, b\u00e3i bi\u1ec3n<\/li>\n<li>Xe \u0111i\u1ec7n s\u00e2n\u00a0Golf, m\u00e1y tr\u00e0 s\u00e0n, xe n\u00e2ng<\/li>\n<li>C\u00e1c h\u1ec7 th\u1ed1ng t\u00edch \u0111i\u1ec7n n\u0103ng l\u01b0\u1ee3ng m\u1eb7t tr\u1eddi<\/li>\n<\/ul>\n<p>&nbsp;<\/p>\n","protected":false},"featured_media":650,"comment_status":"closed","ping_status":"closed","template":"","meta":[],"yoast_head":"<!-- This site is optimized with the Yoast SEO plugin v16.0.2 - https:\/\/yoast.com\/wordpress\/plugins\/seo\/ -->\n<title>\u1eaec Quy C\u00f4ng Nghi\u1ec7p - Rocket Battery<\/title>\n<meta property=\"og:locale\" content=\"vi_VN\" \/>\n<meta property=\"og:type\" content=\"article\" \/>\n<meta property=\"og:title\" content=\"\u1eaec Quy C\u00f4ng Nghi\u1ec7p - Rocket Battery\" \/>\n<meta property=\"og:description\" content=\"\u1eaec Quy c\u00f4ng nghi\u1ec7p \u00a0Rocket l\u00e0 \u1eafc quy s\u1eed d\u1ee5ng cho:   C\u00e1c lo\u1ea1i xe \u0111i\u1ec7n \u1edf khu du l\u1ecbch, khu resort, khu d\u00e2n c\u01b0, b\u00e3i bi\u1ec3n  Xe \u0111i\u1ec7n s\u00e2n\u00a0Golf, m\u00e1y tr\u00e0 s\u00e0n, xe n\u00e2ng  C\u00e1c h\u1ec7 th\u1ed1ng t\u00edch \u0111i\u1ec7n n\u0103ng l\u01b0\u1ee3ng m\u1eb7t tr\u1eddi  &nbsp;\" \/>\n<meta property=\"og:url\" content=\"https:\/\/khachhang4.web3b.com\/rocketbattery\/san-pham\/ac-quy-cong-nghiep\/\" \/>\n<meta property=\"og:site_name\" content=\"Rocket Battery\" \/>\n<meta property=\"article:modified_time\" content=\"2021-01-28T08:39:35+00:00\" \/>\n<meta property=\"og:image\" content=\"https:\/\/khachhang4.web3b.com\/rocketbattery\/wp-content\/uploads\/2020\/10\/ROCKET-L-125-6V-240AH.jpg\" \/>\n\t<meta property=\"og:image:width\" content=\"382\" \/>\n\t<meta property=\"og:image:height\" content=\"400\" \/>\n<meta name=\"twitter:card\" content=\"summary_large_image\" \/>\n<meta name=\"twitter:label1\" content=\"\u01af\u1edbc t\u00ednh th\u1eddi gian \u0111\u1ecdc\">\n\t<meta name=\"twitter:data1\" content=\"2 ph\u00fat\">\n<script type=\"application\/ld+json\" class=\"yoast-schema-graph\">{\"@context\":\"https:\/\/schema.org\",\"@graph\":[{\"@type\":\"WebSite\",\"@id\":\"https:\/\/khachhang4.web3b.com\/rocketbattery\/#website\",\"url\":\"https:\/\/khachhang4.web3b.com\/rocketbattery\/\",\"name\":\"Rocket Battery\",\"description\":\"\",\"potentialAction\":[{\"@type\":\"SearchAction\",\"target\":\"https:\/\/khachhang4.web3b.com\/rocketbattery\/?s={search_term_string}\",\"query-input\":\"required name=search_term_string\"}],\"inLanguage\":\"vi\"},{\"@type\":\"ImageObject\",\"@id\":\"https:\/\/khachhang4.web3b.com\/rocketbattery\/san-pham\/ac-quy-cong-nghiep\/#primaryimage\",\"inLanguage\":\"vi\",\"url\":\"https:\/\/khachhang4.web3b.com\/rocketbattery\/wp-content\/uploads\/2020\/10\/ROCKET-L-125-6V-240AH.jpg\",\"width\":382,\"height\":400},{\"@type\":\"WebPage\",\"@id\":\"https:\/\/khachhang4.web3b.com\/rocketbattery\/san-pham\/ac-quy-cong-nghiep\/#webpage\",\"url\":\"https:\/\/khachhang4.web3b.com\/rocketbattery\/san-pham\/ac-quy-cong-nghiep\/\",\"name\":\"\\u1eaec Quy C\\u00f4ng Nghi\\u1ec7p - Rocket Battery\",\"isPartOf\":{\"@id\":\"https:\/\/khachhang4.web3b.com\/rocketbattery\/#website\"},\"primaryImageOfPage\":{\"@id\":\"https:\/\/khachhang4.web3b.com\/rocketbattery\/san-pham\/ac-quy-cong-nghiep\/#primaryimage\"},\"datePublished\":\"2021-01-20T04:22:28+00:00\",\"dateModified\":\"2021-01-28T08:39:35+00:00\",\"breadcrumb\":{\"@id\":\"https:\/\/khachhang4.web3b.com\/rocketbattery\/san-pham\/ac-quy-cong-nghiep\/#breadcrumb\"},\"inLanguage\":\"vi\",\"potentialAction\":[{\"@type\":\"ReadAction\",\"target\":[\"https:\/\/khachhang4.web3b.com\/rocketbattery\/san-pham\/ac-quy-cong-nghiep\/\"]}]},{\"@type\":\"BreadcrumbList\",\"@id\":\"https:\/\/khachhang4.web3b.com\/rocketbattery\/san-pham\/ac-quy-cong-nghiep\/#breadcrumb\",\"itemListElement\":[{\"@type\":\"ListItem\",\"position\":1,\"item\":{\"@type\":\"WebPage\",\"@id\":\"https:\/\/khachhang4.web3b.com\/rocketbattery\/\",\"url\":\"https:\/\/khachhang4.web3b.com\/rocketbattery\/\",\"name\":\"Trang ch\\u1ee7\"}},{\"@type\":\"ListItem\",\"position\":2,\"item\":{\"@type\":\"WebPage\",\"@id\":\"https:\/\/khachhang4.web3b.com\/rocketbattery\/san-pham\/\",\"url\":\"https:\/\/khachhang4.web3b.com\/rocketbattery\/san-pham\/\",\"name\":\"S\\u1ea3n ph\\u1ea9m\"}},{\"@type\":\"ListItem\",\"position\":3,\"item\":{\"@type\":\"WebPage\",\"@id\":\"https:\/\/khachhang4.web3b.com\/rocketbattery\/san-pham\/ac-quy-cong-nghiep\/\",\"url\":\"https:\/\/khachhang4.web3b.com\/rocketbattery\/san-pham\/ac-quy-cong-nghiep\/\",\"name\":\"\\u1eaec Quy C\\u00f4ng Nghi\\u1ec7p\"}}]}]}<\/script>\n<!-- \/ Yoast SEO plugin. -->","_links":{"self":[{"href":"https:\/\/khachhang4.web3b.com\/rocketbattery\/wp-json\/wp\/v2\/product\/672"}],"collection":[{"href":"https:\/\/khachhang4.web3b.com\/rocketbattery\/wp-json\/wp\/v2\/product"}],"about":[{"href":"https:\/\/khachhang4.web3b.com\/rocketbattery\/wp-json\/wp\/v2\/types\/product"}],"replies":[{"embeddable":true,"href":"https:\/\/khachhang4.web3b.com\/rocketbattery\/wp-json\/wp\/v2\/comments?post=672"}],"wp:featuredmedia":[{"embeddable":true,"href":"https:\/\/khachhang4.web3b.com\/rocketbattery\/wp-json\/wp\/v2\/media\/650"}],"wp:attachment":[{"href":"https:\/\/khachhang4.web3b.com\/rocketbattery\/wp-json\/wp\/v2\/media?parent=672"}],"curies":[{"name":"wp","href":"https:\/\/api.w.org\/{rel}","templated":true}]}}