{"id":674,"date":"2021-01-13T14:57:07","date_gmt":"2021-01-13T07:57:07","guid":{"rendered":"https:\/\/rocketbattery.vn\/?post_type=product&#038;p=674"},"modified":"2021-03-30T09:35:35","modified_gmt":"2021-03-30T02:35:35","slug":"ac-quy-khoi-dong","status":"publish","type":"product","link":"https:\/\/khachhang4.web3b.com\/rocketbattery\/san-pham\/ac-quy-khoi-dong\/","title":{"rendered":"\u1eaec Quy kh\u1edfi \u0111\u1ed9ng"},"content":{"rendered":"<p>C\u1ea5u t\u1ea1o \u1eafc quy kh\u1edfi \u0111\u1ed9ng: \u0110\u01b0\u1ee3c thi\u1ebft k\u1ebf v\u1edbi k\u00edch th\u01b0\u1edbc r\u1ea5t l\u1edbn v\u00e0 c\u00f3 c\u00e1c c\u1ecdc tr\u00f2n gi\u1ed1ng \u0111\u1ea7u ng\u00f3n tay (hay c\u00f2n g\u1ecdi l\u00e0 c\u00e1c c\u1ef1c c\u1ee7a \u1eafc quy). Dung l\u01b0\u1ee3ng \u1eafc quy kh\u1edfi \u0111\u1ed9ng c\u00e0ng l\u1edbn th\u00ec c\u1ecdc tr\u00f2n c\u00e0ng l\u1edbn v\u00e0 ng\u01b0\u1ee3c l\u1ea1i.<\/p>\n<p>C\u00f4ng d\u1ee5ng c\u1ee7a \u1eafc quy kh\u1edfi \u0111\u1ed9ng: Th\u01b0\u1eddng \u0111\u01b0\u1ee3c s\u1eed d\u1ee5ng \u0111\u1ec3 n\u1ed5 \u0111\u1ed9ng c\u01a1 hay kh\u1edfi \u0111\u1ed9ng cho nh\u1eefng thi\u1ebft b\u1ecb nh\u01b0 \u00f4 t\u00f4, xe g\u1eafn m\u00e1y, m\u00e1y n\u1ed5, m\u00e1y ph\u00e1t \u0111i\u1ec7n. N\u1ebfu s\u1eed d\u1ee5ng \u1eafc quy kh\u1edfi \u0111\u1ed9ng v\u1edbi m\u1ee5c \u0111\u00edch duy tr\u00ec d\u00f2ng \u0111i\u1ec7n nh\u01b0 c\u00e1c b\u1ed9 t\u00edch \u0111i\u1ec7n UPS, inverter, fax, h\u1ec7 th\u1ed1ng n\u0103ng l\u01b0\u1ee3ng m\u1eb7t tr\u1eddi,\u2026 th\u00ec trong kho\u1ea3ng 3 &#8211; 4 th\u00e1ng \u0111\u1ea7u \u1eafc quy ho\u1ea1t \u0111\u1ed9ng r\u1ea5t t\u1ed1t nh\u01b0ng sau \u0111\u00f3 n\u00f3 s\u1ebd ch\u1ec9 c\u00f3 th\u1ec3 t\u00edch \u0111i\u1ec7n m\u1ed9t l\u01b0\u1ee3ng kho\u1ea3ng b\u1eb1ng 1\/3 l\u01b0\u1ee3ng ban \u0111\u1ea7u ho\u1eb7c b\u1ecb h\u1ecfng n\u1ebfu x\u1ea3 ki\u1ec7t b\u00ecnh.<\/p>\n<p><img loading=\"lazy\" class=\"alignnone size-medium wp-image-509\" src=\"https:\/\/rocketbattery.vn\/wp-content\/uploads\/2018\/12\/binhacquyrocketsmf55d23l3-1-300x230.jpg\" alt=\"\" width=\"300\" height=\"230\" srcset=\"https:\/\/khachhang4.web3b.com\/rocketbattery\/wp-content\/uploads\/2018\/12\/binhacquyrocketsmf55d23l3-1-300x230.jpg 300w, https:\/\/khachhang4.web3b.com\/rocketbattery\/wp-content\/uploads\/2018\/12\/binhacquyrocketsmf55d23l3-1-350x270.jpg 350w, https:\/\/khachhang4.web3b.com\/rocketbattery\/wp-content\/uploads\/2018\/12\/binhacquyrocketsmf55d23l3-1-74x57.jpg 74w, https:\/\/khachhang4.web3b.com\/rocketbattery\/wp-content\/uploads\/2018\/12\/binhacquyrocketsmf55d23l3-1-600x461.jpg 600w, https:\/\/khachhang4.web3b.com\/rocketbattery\/wp-content\/uploads\/2018\/12\/binhacquyrocketsmf55d23l3-1.jpg 763w\" sizes=\"(max-width: 300px) 100vw, 300px\" \/><\/p>\n","protected":false},"excerpt":{"rendered":"<p>C\u1ea5u t\u1ea1o \u1eafc quy kh\u1edfi \u0111\u1ed9ng: \u0110\u01b0\u1ee3c thi\u1ebft k\u1ebf v\u1edbi k\u00edch th\u01b0\u1edbc r\u1ea5t l\u1edbn v\u00e0 c\u00f3 c\u00e1c c\u1ecdc tr\u00f2n gi\u1ed1ng \u0111\u1ea7u ng\u00f3n tay (hay c\u00f2n g\u1ecdi l\u00e0 c\u00e1c c\u1ef1c c\u1ee7a \u1eafc quy). Dung l\u01b0\u1ee3ng \u1eafc quy kh\u1edfi \u0111\u1ed9ng c\u00e0ng l\u1edbn th\u00ec c\u1ecdc tr\u00f2n c\u00e0ng l\u1edbn v\u00e0 ng\u01b0\u1ee3c l\u1ea1i. C\u00f4ng d\u1ee5ng c\u1ee7a \u1eafc quy kh\u1edfi \u0111\u1ed9ng: [&hellip;]<\/p>\n","protected":false},"featured_media":0,"comment_status":"closed","ping_status":"closed","template":"","meta":[],"yoast_head":"<!-- This site is optimized with the Yoast SEO plugin v16.0.2 - https:\/\/yoast.com\/wordpress\/plugins\/seo\/ -->\n<title>\u1eaec Quy kh\u1edfi \u0111\u1ed9ng - Rocket Battery<\/title>\n<meta property=\"og:locale\" content=\"vi_VN\" \/>\n<meta property=\"og:type\" content=\"article\" \/>\n<meta property=\"og:title\" content=\"\u1eaec Quy kh\u1edfi \u0111\u1ed9ng - Rocket Battery\" \/>\n<meta property=\"og:description\" content=\"C\u1ea5u t\u1ea1o \u1eafc quy kh\u1edfi \u0111\u1ed9ng: \u0110\u01b0\u1ee3c thi\u1ebft k\u1ebf v\u1edbi k\u00edch th\u01b0\u1edbc r\u1ea5t l\u1edbn v\u00e0 c\u00f3 c\u00e1c c\u1ecdc tr\u00f2n gi\u1ed1ng \u0111\u1ea7u ng\u00f3n tay (hay c\u00f2n g\u1ecdi l\u00e0 c\u00e1c c\u1ef1c c\u1ee7a \u1eafc quy). Dung l\u01b0\u1ee3ng \u1eafc quy kh\u1edfi \u0111\u1ed9ng c\u00e0ng l\u1edbn th\u00ec c\u1ecdc tr\u00f2n c\u00e0ng l\u1edbn v\u00e0 ng\u01b0\u1ee3c l\u1ea1i. C\u00f4ng d\u1ee5ng c\u1ee7a \u1eafc quy kh\u1edfi \u0111\u1ed9ng: [&hellip;]\" \/>\n<meta property=\"og:url\" content=\"https:\/\/khachhang4.web3b.com\/rocketbattery\/san-pham\/ac-quy-khoi-dong\/\" \/>\n<meta property=\"og:site_name\" content=\"Rocket Battery\" \/>\n<meta property=\"article:modified_time\" content=\"2021-03-30T02:35:35+00:00\" \/>\n<meta property=\"og:image\" content=\"https:\/\/rocketbattery.vn\/wp-content\/uploads\/2018\/12\/binhacquyrocketsmf55d23l3-1-300x230.jpg\" \/>\n<meta name=\"twitter:card\" content=\"summary_large_image\" \/>\n<meta name=\"twitter:label1\" content=\"\u01af\u1edbc t\u00ednh th\u1eddi gian \u0111\u1ecdc\">\n\t<meta name=\"twitter:data1\" content=\"1 ph\u00fat\">\n<script type=\"application\/ld+json\" class=\"yoast-schema-graph\">{\"@context\":\"https:\/\/schema.org\",\"@graph\":[{\"@type\":\"WebSite\",\"@id\":\"https:\/\/khachhang4.web3b.com\/rocketbattery\/#website\",\"url\":\"https:\/\/khachhang4.web3b.com\/rocketbattery\/\",\"name\":\"Rocket Battery\",\"description\":\"\",\"potentialAction\":[{\"@type\":\"SearchAction\",\"target\":\"https:\/\/khachhang4.web3b.com\/rocketbattery\/?s={search_term_string}\",\"query-input\":\"required name=search_term_string\"}],\"inLanguage\":\"vi\"},{\"@type\":\"ImageObject\",\"@id\":\"https:\/\/khachhang4.web3b.com\/rocketbattery\/san-pham\/ac-quy-khoi-dong\/#primaryimage\",\"inLanguage\":\"vi\",\"url\":\"https:\/\/rocketbattery.vn\/wp-content\/uploads\/2018\/12\/binhacquyrocketsmf55d23l3-1-300x230.jpg\"},{\"@type\":\"WebPage\",\"@id\":\"https:\/\/khachhang4.web3b.com\/rocketbattery\/san-pham\/ac-quy-khoi-dong\/#webpage\",\"url\":\"https:\/\/khachhang4.web3b.com\/rocketbattery\/san-pham\/ac-quy-khoi-dong\/\",\"name\":\"\\u1eaec Quy kh\\u1edfi \\u0111\\u1ed9ng - Rocket Battery\",\"isPartOf\":{\"@id\":\"https:\/\/khachhang4.web3b.com\/rocketbattery\/#website\"},\"primaryImageOfPage\":{\"@id\":\"https:\/\/khachhang4.web3b.com\/rocketbattery\/san-pham\/ac-quy-khoi-dong\/#primaryimage\"},\"datePublished\":\"2021-01-13T07:57:07+00:00\",\"dateModified\":\"2021-03-30T02:35:35+00:00\",\"breadcrumb\":{\"@id\":\"https:\/\/khachhang4.web3b.com\/rocketbattery\/san-pham\/ac-quy-khoi-dong\/#breadcrumb\"},\"inLanguage\":\"vi\",\"potentialAction\":[{\"@type\":\"ReadAction\",\"target\":[\"https:\/\/khachhang4.web3b.com\/rocketbattery\/san-pham\/ac-quy-khoi-dong\/\"]}]},{\"@type\":\"BreadcrumbList\",\"@id\":\"https:\/\/khachhang4.web3b.com\/rocketbattery\/san-pham\/ac-quy-khoi-dong\/#breadcrumb\",\"itemListElement\":[{\"@type\":\"ListItem\",\"position\":1,\"item\":{\"@type\":\"WebPage\",\"@id\":\"https:\/\/khachhang4.web3b.com\/rocketbattery\/\",\"url\":\"https:\/\/khachhang4.web3b.com\/rocketbattery\/\",\"name\":\"Trang ch\\u1ee7\"}},{\"@type\":\"ListItem\",\"position\":2,\"item\":{\"@type\":\"WebPage\",\"@id\":\"https:\/\/khachhang4.web3b.com\/rocketbattery\/san-pham\/\",\"url\":\"https:\/\/khachhang4.web3b.com\/rocketbattery\/san-pham\/\",\"name\":\"S\\u1ea3n ph\\u1ea9m\"}},{\"@type\":\"ListItem\",\"position\":3,\"item\":{\"@type\":\"WebPage\",\"@id\":\"https:\/\/khachhang4.web3b.com\/rocketbattery\/san-pham\/ac-quy-khoi-dong\/\",\"url\":\"https:\/\/khachhang4.web3b.com\/rocketbattery\/san-pham\/ac-quy-khoi-dong\/\",\"name\":\"\\u1eaec Quy kh\\u1edfi \\u0111\\u1ed9ng\"}}]}]}<\/script>\n<!-- \/ Yoast SEO plugin. -->","_links":{"self":[{"href":"https:\/\/khachhang4.web3b.com\/rocketbattery\/wp-json\/wp\/v2\/product\/674"}],"collection":[{"href":"https:\/\/khachhang4.web3b.com\/rocketbattery\/wp-json\/wp\/v2\/product"}],"about":[{"href":"https:\/\/khachhang4.web3b.com\/rocketbattery\/wp-json\/wp\/v2\/types\/product"}],"replies":[{"embeddable":true,"href":"https:\/\/khachhang4.web3b.com\/rocketbattery\/wp-json\/wp\/v2\/comments?post=674"}],"wp:attachment":[{"href":"https:\/\/khachhang4.web3b.com\/rocketbattery\/wp-json\/wp\/v2\/media?parent=674"}],"curies":[{"name":"wp","href":"https:\/\/api.w.org\/{rel}","templated":true}]}}