{"id":715,"date":"2021-03-03T11:06:29","date_gmt":"2021-03-03T04:06:29","guid":{"rendered":"https:\/\/rocketbattery.vn\/?post_type=product&#038;p=715"},"modified":"2021-03-30T09:33:28","modified_gmt":"2021-03-30T02:33:28","slug":"smf-nx110-5l-70ah","status":"publish","type":"product","link":"https:\/\/khachhang4.web3b.com\/rocketbattery\/san-pham\/smf-nx110-5l-70ah\/","title":{"rendered":"SMF NX110-5L \u2013 70AH ( Ng\u01b0\u1ee3c)"},"content":{"rendered":"<p><strong>\u0110\u1eb6C \u0110I\u1ec2M S\u1ea2N PH\u1ea8M<\/strong><\/p>\n<table>\n<tbody>\n<tr>\n<td><\/td>\n<td>C\u00f4ng ngh\u1ec7 Lead-Acid Accumulators<\/td>\n<\/tr>\n<tr>\n<td><strong>Dung l\u01b0\u1ee3ng<\/strong><\/td>\n<td>12V \u2013 70AH<\/td>\n<\/tr>\n<tr>\n<td><strong>K\u00edch th\u01b0\u1edbc<\/strong><\/td>\n<td>260 x 173 x 222 (d\u00e0i x r\u1ed9ng x cao)<\/td>\n<\/tr>\n<tr>\n<td><strong>H\u00e3ng s\u1ea3n xu\u1ea5t<\/strong><\/td>\n<td>SEBANG GLOBAL BATTERY CO.,LTD<\/td>\n<\/tr>\n<tr>\n<td><strong>Xu\u1ea5t X\u1ee9<\/strong><\/td>\n<td>NH\u1eacP KH\u1ea8U 100% H\u00c0N QU\u1ed0C<\/td>\n<\/tr>\n<\/tbody>\n<\/table>\n<p><strong>S\u1ea3n ph\u1ea9m \u1eaec Quy GN ROCKET 12V 70Ah\u00a0SMF NX110-5L<\/strong><\/p>\n<p><strong>\u00a0 \u00a0M\u00f4 T\u1ea3: <\/strong>B\u00ecnh GN ROCKET c\u1ecdc ng\u01b0\u1ee3c, c\u1ecdc ti\u00eau chu\u1ea9n.<\/p>\n<p><strong>\u00a0 \u00a0\u0110\u1eb7c T\u00ednh:-<\/strong><\/p>\n<p><strong>&#8211;\u00a0<\/strong>B\u00ecnh \u1eafc quy kh\u00f4 GN ROCKET C\u00f4ng ngh\u1ec7 Lead-Acid Accumulators, mi\u1ec5n b\u1ea3o d\u01b0\u1ee1ng, kh\u00f4ng c\u1ea7n ch\u00e2m n\u01b0\u1edbc.<\/p>\n<p>&#8211; Acquy GN ROCKET m\u1edbi \u0111\u00e3 ch\u00e2m dung d\u1ecbch a xit, n\u1ea1p \u0111\u1ea7y \u0111i\u1ec7n, l\u1eafp \u0111\u1eb7t cho \u00f4 t\u00f4 s\u1eed d\u1ee5ng \u0111\u01b0\u1ee3c ngay.<\/p>\n<p><strong>\u00a0 \u00a0\u01afu \u0110i\u1ec3m:<\/strong><\/p>\n<p>\u2013 \u1eaec quy d\u00f9ng cho d\u00f2ng kh\u1edfi \u0111\u1ed9ng nhanh, m\u1ea1nh m\u1ebd, ph\u00f9 h\u1ee3p kh\u00ed h\u1eadu Vi\u1ec7t Nam.<\/p>\n<p>\u2013 C\u00f4ng su\u1ea5t kh\u1edfi \u0111\u1ed9ng \u0111\u00e1ng tin c\u1eady v\u1edbi c\u00f4ng ngh\u1ec7 Lead-Acid Accumulators.<\/p>\n<p>\u2013 C\u00f4ng ngh\u1ec7 t\u1ea5m c\u00f3 \u0111\u1ed9 b\u1ec1n cao mang l\u1ea1i tu\u1ed5i th\u1ecd l\u00e2u h\u01a1n.<\/p>\n<p>\u2013 M\u1ed9t ph\u1ea1m vi ho\u00e0n ch\u1ec9nh \u0111\u01b0\u1ee3c cung c\u1ea5p cho 99% xe tr\u00ean th\u1ecb tr\u01b0\u1eddng.<\/p>\n<p><strong>\u00a0 \u00a0Ch\u00fa \u00fd:<\/strong><\/p>\n<p>\u2013 Lu\u00f4n \u0111\u1ec3 b\u00ecnh kh\u00f4 GN ROCKET th\u1eb3ng \u0111\u1ee9ng, tr\u00e1nh ti\u1ebfp x\u00fac tr\u1ef1c ti\u1ebfp v\u1edbi \u00e1nh n\u1eafng m\u1eb7t tr\u1eddi.<\/p>\n<p>\u2013 Gi\u1eef pin s\u1ea1ch s\u1ebd v\u00e0 lu\u00f4n lu\u00f4n l\u01b0u tr\u1eef \u1edf n\u01a1i m\u00e1t m\u1ebb, kh\u00f4 r\u00e1o.<\/p>\n<p>\u2013 Kh\u00f4ng bao gi\u1edd x\u1ebfp ch\u1ed3ng l\u00ean tr\u00ean 4 l\u1edbp.<\/p>\n<p><strong>\u00a0 \u00a0\u1eaec Quy GN ROCKET 12V 70Ah SMF NX110-5L \u0111\u01b0\u1ee3c l\u1eafp cho c\u00e1c d\u00f2ng xe \u00f4t\u00f4 SUV th\u1ec3 thao, m\u1ea1nh m\u1ebd:<\/strong><\/p>\n<p>\u2013 Xe TOYOTA: LANCRUISER 4.5,\u00a0 HIGHLANDER, SIENNA, RAV 4, VENZA, PRADO,\u00a0HILUX 2.5, DAIHATSU CITIVAN, FJ CRUISER, PREVIA, HIACE.<\/p>\n<p>\u2013\u00a0Xe TOYOTA: Toyota Hiace m\u00e1y x\u0103ng, Toyota Fortuner 2.7V, Toyota Fortuner 2.5G, Toyota Camry 3.5, Toyota Camry 3.0, Toyota Camry 2.5, Toyota Camry 2.4, Toyota Camry 2.0E, Toyota Camry, Toyota Corolla 1.8 nh\u1eadp.<\/p>\n<p>\u2013 Xe FORD: ESCAPE 3.0\/2.0,\u00a0FORD TUNNER.<\/p>\n<p>\u2013 Xe ISUZU: RODEO, VEHICROSS.<\/p>\n<p>\u2013 Xe HONDA: ODYSSEY, PILOT 3.5 2005, ACURA MDX, ACCORD 3.5.<\/p>\n<p>\u2013 Xe KIA: AVELLA, CAPITAL, OPIRUS, OPTIMA, RETONA, SORENTO ACURA, MDX\u00a0HYUNDAI, TUSCANI, VERACRUZ, VERNA, TUCSON,\u00a0CARNIVAL, SORENTO m\u00e1y x\u0103ng, PORTAGE.<\/p>\n<p>\u2013 Xe t\u1ea3i Hino 1.9 t\u1ea5n, Xe t\u1ea3i Isuzu FRR90N 6.2 t\u1ea5n, Xe t\u1ea3i Isuzu NQR 75L 5.5 t\u1ea5n, Xe t\u1ea3i Isuzu NPR85K 3.5 t\u1ea5n, Xe t\u1ea3i Isuzu NMR85E 1.9 t\u1ea5n, Xe t\u1ea3i Isuzu NLR55E 1.4 t\u1ea5n.<\/p>\n<p>\u2013\u00a0 Xe NISSAN: Nissan Juke, Nissan Rogue, Nissan Murano, Nissan 370Z, Nissan X-trail, Nissan Teana.<\/p>\n<p>\u2013\u00a0Xe Infiniti,\u00a0Xe Peugeot 408.<\/p>\n<p>\u2013 Xe MITSUBISHI: Mitsubishi Attrage, Mitsubishi Outlander, Mitsubishi Grandis, Mitsubishi Pajero Sport, Mitsubishi Mirage, Mitsubishi Zinger, Mitsubishi Triton.<\/p>\n<p>\u2013 Xe MAZDA: Mazda CX-3, Mazda CX-7, Mazda MX5, Mazda BT50, Mazda CX-9, Mazda CX-5, Mazda 6, Mazda 3.<\/p>\n<p>\u2013 Xe LEXUS: Lexus LS460L, Lexus ES350, Lexus IS 250C, Lexus GX460, Lexus GS350, Lexus GS300, Lexus RX 400h, Lexus RX 350.<\/p>\n<p>&nbsp;<\/p>\n","protected":false},"excerpt":{"rendered":"<p>\u0110\u1eb6C \u0110I\u1ec2M S\u1ea2N PH\u1ea8M C\u00f4ng ngh\u1ec7 Lead-Acid Accumulators Dung l\u01b0\u1ee3ng 12V \u2013 70AH K\u00edch th\u01b0\u1edbc 260 x 173 x 222 (d\u00e0i x r\u1ed9ng x cao) H\u00e3ng s\u1ea3n xu\u1ea5t SEBANG GLOBAL BATTERY CO.,LTD Xu\u1ea5t X\u1ee9 NH\u1eacP KH\u1ea8U 100% H\u00c0N QU\u1ed0C S\u1ea3n ph\u1ea9m \u1eaec Quy GN ROCKET 12V 70Ah\u00a0SMF NX110-5L \u00a0 \u00a0M\u00f4 T\u1ea3: B\u00ecnh GN ROCKET c\u1ecdc [&hellip;]<\/p>\n","protected":false},"featured_media":868,"comment_status":"closed","ping_status":"closed","template":"","meta":[],"yoast_head":"<!-- This site is optimized with the Yoast SEO plugin v16.0.2 - https:\/\/yoast.com\/wordpress\/plugins\/seo\/ -->\n<title>SMF NX110-5L \u2013 70AH ( Ng\u01b0\u1ee3c) - Rocket Battery<\/title>\n<meta property=\"og:locale\" content=\"vi_VN\" \/>\n<meta property=\"og:type\" content=\"article\" \/>\n<meta property=\"og:title\" content=\"SMF NX110-5L \u2013 70AH ( Ng\u01b0\u1ee3c) - Rocket Battery\" \/>\n<meta property=\"og:description\" content=\"\u0110\u1eb6C \u0110I\u1ec2M S\u1ea2N PH\u1ea8M C\u00f4ng ngh\u1ec7 Lead-Acid Accumulators Dung l\u01b0\u1ee3ng 12V \u2013 70AH K\u00edch th\u01b0\u1edbc 260 x 173 x 222 (d\u00e0i x r\u1ed9ng x cao) H\u00e3ng s\u1ea3n xu\u1ea5t SEBANG GLOBAL BATTERY CO.,LTD Xu\u1ea5t X\u1ee9 NH\u1eacP KH\u1ea8U 100% H\u00c0N QU\u1ed0C S\u1ea3n ph\u1ea9m \u1eaec Quy GN ROCKET 12V 70Ah\u00a0SMF NX110-5L \u00a0 \u00a0M\u00f4 T\u1ea3: B\u00ecnh GN ROCKET c\u1ecdc [&hellip;]\" \/>\n<meta property=\"og:url\" content=\"https:\/\/khachhang4.web3b.com\/rocketbattery\/san-pham\/smf-nx110-5l-70ah\/\" \/>\n<meta property=\"og:site_name\" content=\"Rocket Battery\" \/>\n<meta property=\"article:modified_time\" content=\"2021-03-30T02:33:28+00:00\" \/>\n<meta property=\"og:image\" content=\"https:\/\/khachhang4.web3b.com\/rocketbattery\/wp-content\/uploads\/2021\/03\/70L.png\" \/>\n\t<meta property=\"og:image:width\" content=\"577\" \/>\n\t<meta property=\"og:image:height\" content=\"432\" \/>\n<meta name=\"twitter:card\" content=\"summary_large_image\" \/>\n<meta name=\"twitter:label1\" content=\"\u01af\u1edbc t\u00ednh th\u1eddi gian \u0111\u1ecdc\">\n\t<meta name=\"twitter:data1\" content=\"3 ph\u00fat\">\n<script type=\"application\/ld+json\" class=\"yoast-schema-graph\">{\"@context\":\"https:\/\/schema.org\",\"@graph\":[{\"@type\":\"WebSite\",\"@id\":\"https:\/\/khachhang4.web3b.com\/rocketbattery\/#website\",\"url\":\"https:\/\/khachhang4.web3b.com\/rocketbattery\/\",\"name\":\"Rocket Battery\",\"description\":\"\",\"potentialAction\":[{\"@type\":\"SearchAction\",\"target\":\"https:\/\/khachhang4.web3b.com\/rocketbattery\/?s={search_term_string}\",\"query-input\":\"required name=search_term_string\"}],\"inLanguage\":\"vi\"},{\"@type\":\"ImageObject\",\"@id\":\"https:\/\/khachhang4.web3b.com\/rocketbattery\/san-pham\/smf-nx110-5l-70ah\/#primaryimage\",\"inLanguage\":\"vi\",\"url\":\"https:\/\/khachhang4.web3b.com\/rocketbattery\/wp-content\/uploads\/2021\/03\/70L.png\",\"width\":577,\"height\":432},{\"@type\":\"WebPage\",\"@id\":\"https:\/\/khachhang4.web3b.com\/rocketbattery\/san-pham\/smf-nx110-5l-70ah\/#webpage\",\"url\":\"https:\/\/khachhang4.web3b.com\/rocketbattery\/san-pham\/smf-nx110-5l-70ah\/\",\"name\":\"SMF NX110-5L \\u2013 70AH ( Ng\\u01b0\\u1ee3c) - Rocket Battery\",\"isPartOf\":{\"@id\":\"https:\/\/khachhang4.web3b.com\/rocketbattery\/#website\"},\"primaryImageOfPage\":{\"@id\":\"https:\/\/khachhang4.web3b.com\/rocketbattery\/san-pham\/smf-nx110-5l-70ah\/#primaryimage\"},\"datePublished\":\"2021-03-03T04:06:29+00:00\",\"dateModified\":\"2021-03-30T02:33:28+00:00\",\"breadcrumb\":{\"@id\":\"https:\/\/khachhang4.web3b.com\/rocketbattery\/san-pham\/smf-nx110-5l-70ah\/#breadcrumb\"},\"inLanguage\":\"vi\",\"potentialAction\":[{\"@type\":\"ReadAction\",\"target\":[\"https:\/\/khachhang4.web3b.com\/rocketbattery\/san-pham\/smf-nx110-5l-70ah\/\"]}]},{\"@type\":\"BreadcrumbList\",\"@id\":\"https:\/\/khachhang4.web3b.com\/rocketbattery\/san-pham\/smf-nx110-5l-70ah\/#breadcrumb\",\"itemListElement\":[{\"@type\":\"ListItem\",\"position\":1,\"item\":{\"@type\":\"WebPage\",\"@id\":\"https:\/\/khachhang4.web3b.com\/rocketbattery\/\",\"url\":\"https:\/\/khachhang4.web3b.com\/rocketbattery\/\",\"name\":\"Trang ch\\u1ee7\"}},{\"@type\":\"ListItem\",\"position\":2,\"item\":{\"@type\":\"WebPage\",\"@id\":\"https:\/\/khachhang4.web3b.com\/rocketbattery\/san-pham\/\",\"url\":\"https:\/\/khachhang4.web3b.com\/rocketbattery\/san-pham\/\",\"name\":\"S\\u1ea3n ph\\u1ea9m\"}},{\"@type\":\"ListItem\",\"position\":3,\"item\":{\"@type\":\"WebPage\",\"@id\":\"https:\/\/khachhang4.web3b.com\/rocketbattery\/san-pham\/smf-nx110-5l-70ah\/\",\"url\":\"https:\/\/khachhang4.web3b.com\/rocketbattery\/san-pham\/smf-nx110-5l-70ah\/\",\"name\":\"SMF NX110-5L \\u2013 70AH ( Ng\\u01b0\\u1ee3c)\"}}]}]}<\/script>\n<!-- \/ Yoast SEO plugin. -->","_links":{"self":[{"href":"https:\/\/khachhang4.web3b.com\/rocketbattery\/wp-json\/wp\/v2\/product\/715"}],"collection":[{"href":"https:\/\/khachhang4.web3b.com\/rocketbattery\/wp-json\/wp\/v2\/product"}],"about":[{"href":"https:\/\/khachhang4.web3b.com\/rocketbattery\/wp-json\/wp\/v2\/types\/product"}],"replies":[{"embeddable":true,"href":"https:\/\/khachhang4.web3b.com\/rocketbattery\/wp-json\/wp\/v2\/comments?post=715"}],"wp:featuredmedia":[{"embeddable":true,"href":"https:\/\/khachhang4.web3b.com\/rocketbattery\/wp-json\/wp\/v2\/media\/868"}],"wp:attachment":[{"href":"https:\/\/khachhang4.web3b.com\/rocketbattery\/wp-json\/wp\/v2\/media?parent=715"}],"curies":[{"name":"wp","href":"https:\/\/api.w.org\/{rel}","templated":true}]}}