{"id":775,"date":"2021-03-12T10:21:09","date_gmt":"2021-03-12T03:21:09","guid":{"rendered":"https:\/\/rocketbattery.vn\/?post_type=product&#038;p=775"},"modified":"2021-03-30T14:14:38","modified_gmt":"2021-03-30T07:14:38","slug":"rocket-stz5s-12v-4ah","status":"publish","type":"product","link":"https:\/\/khachhang4.web3b.com\/rocketbattery\/san-pham\/rocket-stz5s-12v-4ah\/","title":{"rendered":"Rocket STZ5S 12V-4Ah"},"content":{"rendered":"<p><strong>Th\u00f4ng tin sa\u0309n ph\u00e2\u0309m<\/strong><\/p>\n<table style=\"border-collapse: collapse; width: 100%;\">\n<tbody>\n<tr>\n<td style=\"width: 35.9355%;\">Model<\/td>\n<td style=\"width: 64.0645%; text-align: justify;\">\u00a0 \u00a0 Rocket STZ5S<\/td>\n<\/tr>\n<tr>\n<td style=\"width: 35.9355%;\">\u0110i\u00ea\u0323n a\u0301p<\/td>\n<td style=\"width: 64.0645%; text-align: justify;\">\u00a0 \u00a012V<\/td>\n<\/tr>\n<tr>\n<td style=\"width: 35.9355%;\">Dung l\u01b0\u01a1\u0323ng<\/td>\n<td style=\"width: 64.0645%; text-align: justify;\">\u00a0 \u00a04Ah<\/td>\n<\/tr>\n<tr>\n<td style=\"width: 35.9355%;\">Ki\u0301ch th\u01b0\u01a1\u0301c ( Da\u0300i x R\u00f4\u0323ng x Cao)<\/td>\n<td style=\"width: 64.0645%; text-align: justify;\">\u00a0 \u00a0114 x 71x 86 mm<\/td>\n<\/tr>\n<tr>\n<td style=\"width: 35.9355%;\">Ca\u0301c do\u0300ng xe s\u01b0\u0309 du\u0323ng<\/td>\n<td style=\"width: 64.0645%; text-align: justify;\">\n<ul>\n<li><strong>Honda: <\/strong>Wawe Alpha110, Blade, Wawe RSX, Future sau 2008, Winner.<\/li>\n<li><strong>Yamaha:<\/strong> Jupiter, Exciter, Nouvo, Luvias, Janus, Mio, Nozza, FZ150, TFX150, R15.<\/li>\n<li><strong>Suzuki:<\/strong> Axelo, Viva, X-Bike, Revo, Hayate.<\/li>\n<li><strong>Kawasaki :<\/strong> Z125.<\/li>\n<li><strong>SYM:\u00a0<\/strong>Starx, Galaxy.<\/li>\n<\/ul>\n<\/td>\n<\/tr>\n<\/tbody>\n<\/table>\n<p><strong>\u0110\u0103\u0323c Ti\u0301nh:<\/strong><\/p>\n<ul>\n<li>Bi\u0300nh \u0103\u0301c quy Rocket \u0111\u01b0\u01a1\u0323c sa\u0309n xu\u00e2\u0301t ta\u0323i Vi\u00ea\u0323t Nam v\u01a1\u0301i c\u00f4ng ngh\u00ea\u0323 va\u0300 quy tri\u0300nh t\u01b0\u0300 Ha\u0300n Qu\u00f4\u0301c, mi\u00ea\u0303n ba\u0309o d\u01b0\u01a1\u0303ng, i\u0301t hao mo\u0300n dung di\u0323ch, thi\u00ea\u0301t k\u00ea\u0301 b\u00ea\u0300n bi\u0309 va\u0300 tu\u00f4\u0309i tho\u0323 l\u00e2u b\u00ea\u0300n.<\/li>\n<li>C\u00f4ng ngh\u00ea\u0323 AGM phu\u0300 h\u01a1\u0323p cho ca\u0301c do\u0300ng xe START\/STOP, IDLING STOP.<\/li>\n<li>\u0110a\u0303 na\u0323p \u0111i\u00ea\u0323n \u0111\u00e2\u0300y, co\u0301 th\u00ea\u0309 l\u0103\u0301p \u0111\u0103\u0323t va\u0300 s\u01b0\u0309 du\u0323ng ngay cho xe ma\u0301y, xe m\u00f4 t\u00f4 ph\u00e2n kh\u00f4\u0301i l\u01a1\u0301n\u2026<\/li>\n<\/ul>\n","protected":false},"excerpt":{"rendered":"<p>Th\u00f4ng tin sa\u0309n ph\u00e2\u0309m Model \u00a0 \u00a0 Rocket STZ5S \u0110i\u00ea\u0323n a\u0301p \u00a0 \u00a012V Dung l\u01b0\u01a1\u0323ng \u00a0 \u00a04Ah Ki\u0301ch th\u01b0\u01a1\u0301c ( Da\u0300i x R\u00f4\u0323ng x Cao) \u00a0 \u00a0114 x 71x 86 mm Ca\u0301c do\u0300ng xe s\u01b0\u0309 du\u0323ng Honda: Wawe Alpha110, Blade, Wawe RSX, Future sau 2008, Winner. Yamaha: Jupiter, Exciter, Nouvo, Luvias, Janus, Mio, Nozza, FZ150, [&hellip;]<\/p>\n","protected":false},"featured_media":884,"comment_status":"closed","ping_status":"closed","template":"","meta":[],"yoast_head":"<!-- This site is optimized with the Yoast SEO plugin v16.0.2 - https:\/\/yoast.com\/wordpress\/plugins\/seo\/ -->\n<title>Rocket STZ5S 12V-4Ah - Rocket Battery<\/title>\n<meta property=\"og:locale\" content=\"vi_VN\" \/>\n<meta property=\"og:type\" content=\"article\" \/>\n<meta property=\"og:title\" content=\"Rocket STZ5S 12V-4Ah - Rocket Battery\" \/>\n<meta property=\"og:description\" content=\"Th\u00f4ng tin sa\u0309n ph\u00e2\u0309m Model \u00a0 \u00a0 Rocket STZ5S \u0110i\u00ea\u0323n a\u0301p \u00a0 \u00a012V Dung l\u01b0\u01a1\u0323ng \u00a0 \u00a04Ah Ki\u0301ch th\u01b0\u01a1\u0301c ( Da\u0300i x R\u00f4\u0323ng x Cao) \u00a0 \u00a0114 x 71x 86 mm Ca\u0301c do\u0300ng xe s\u01b0\u0309 du\u0323ng Honda: Wawe Alpha110, Blade, Wawe RSX, Future sau 2008, Winner. Yamaha: Jupiter, Exciter, Nouvo, Luvias, Janus, Mio, Nozza, FZ150, [&hellip;]\" \/>\n<meta property=\"og:url\" content=\"https:\/\/khachhang4.web3b.com\/rocketbattery\/san-pham\/rocket-stz5s-12v-4ah\/\" \/>\n<meta property=\"og:site_name\" content=\"Rocket Battery\" \/>\n<meta property=\"article:modified_time\" content=\"2021-03-30T07:14:38+00:00\" \/>\n<meta property=\"og:image\" content=\"https:\/\/khachhang4.web3b.com\/rocketbattery\/wp-content\/uploads\/2021\/03\/STZ5S.png\" \/>\n\t<meta property=\"og:image:width\" content=\"576\" \/>\n\t<meta property=\"og:image:height\" content=\"433\" \/>\n<meta name=\"twitter:card\" content=\"summary_large_image\" \/>\n<meta name=\"twitter:label1\" content=\"\u01af\u1edbc t\u00ednh th\u1eddi gian \u0111\u1ecdc\">\n\t<meta name=\"twitter:data1\" content=\"1 ph\u00fat\">\n<script type=\"application\/ld+json\" class=\"yoast-schema-graph\">{\"@context\":\"https:\/\/schema.org\",\"@graph\":[{\"@type\":\"WebSite\",\"@id\":\"https:\/\/khachhang4.web3b.com\/rocketbattery\/#website\",\"url\":\"https:\/\/khachhang4.web3b.com\/rocketbattery\/\",\"name\":\"Rocket Battery\",\"description\":\"\",\"potentialAction\":[{\"@type\":\"SearchAction\",\"target\":\"https:\/\/khachhang4.web3b.com\/rocketbattery\/?s={search_term_string}\",\"query-input\":\"required name=search_term_string\"}],\"inLanguage\":\"vi\"},{\"@type\":\"ImageObject\",\"@id\":\"https:\/\/khachhang4.web3b.com\/rocketbattery\/san-pham\/rocket-stz5s-12v-4ah\/#primaryimage\",\"inLanguage\":\"vi\",\"url\":\"https:\/\/khachhang4.web3b.com\/rocketbattery\/wp-content\/uploads\/2021\/03\/STZ5S.png\",\"width\":576,\"height\":433},{\"@type\":\"WebPage\",\"@id\":\"https:\/\/khachhang4.web3b.com\/rocketbattery\/san-pham\/rocket-stz5s-12v-4ah\/#webpage\",\"url\":\"https:\/\/khachhang4.web3b.com\/rocketbattery\/san-pham\/rocket-stz5s-12v-4ah\/\",\"name\":\"Rocket STZ5S 12V-4Ah - Rocket Battery\",\"isPartOf\":{\"@id\":\"https:\/\/khachhang4.web3b.com\/rocketbattery\/#website\"},\"primaryImageOfPage\":{\"@id\":\"https:\/\/khachhang4.web3b.com\/rocketbattery\/san-pham\/rocket-stz5s-12v-4ah\/#primaryimage\"},\"datePublished\":\"2021-03-12T03:21:09+00:00\",\"dateModified\":\"2021-03-30T07:14:38+00:00\",\"breadcrumb\":{\"@id\":\"https:\/\/khachhang4.web3b.com\/rocketbattery\/san-pham\/rocket-stz5s-12v-4ah\/#breadcrumb\"},\"inLanguage\":\"vi\",\"potentialAction\":[{\"@type\":\"ReadAction\",\"target\":[\"https:\/\/khachhang4.web3b.com\/rocketbattery\/san-pham\/rocket-stz5s-12v-4ah\/\"]}]},{\"@type\":\"BreadcrumbList\",\"@id\":\"https:\/\/khachhang4.web3b.com\/rocketbattery\/san-pham\/rocket-stz5s-12v-4ah\/#breadcrumb\",\"itemListElement\":[{\"@type\":\"ListItem\",\"position\":1,\"item\":{\"@type\":\"WebPage\",\"@id\":\"https:\/\/khachhang4.web3b.com\/rocketbattery\/\",\"url\":\"https:\/\/khachhang4.web3b.com\/rocketbattery\/\",\"name\":\"Trang ch\\u1ee7\"}},{\"@type\":\"ListItem\",\"position\":2,\"item\":{\"@type\":\"WebPage\",\"@id\":\"https:\/\/khachhang4.web3b.com\/rocketbattery\/san-pham\/\",\"url\":\"https:\/\/khachhang4.web3b.com\/rocketbattery\/san-pham\/\",\"name\":\"S\\u1ea3n ph\\u1ea9m\"}},{\"@type\":\"ListItem\",\"position\":3,\"item\":{\"@type\":\"WebPage\",\"@id\":\"https:\/\/khachhang4.web3b.com\/rocketbattery\/san-pham\/rocket-stz5s-12v-4ah\/\",\"url\":\"https:\/\/khachhang4.web3b.com\/rocketbattery\/san-pham\/rocket-stz5s-12v-4ah\/\",\"name\":\"Rocket STZ5S 12V-4Ah\"}}]}]}<\/script>\n<!-- \/ Yoast SEO plugin. -->","_links":{"self":[{"href":"https:\/\/khachhang4.web3b.com\/rocketbattery\/wp-json\/wp\/v2\/product\/775"}],"collection":[{"href":"https:\/\/khachhang4.web3b.com\/rocketbattery\/wp-json\/wp\/v2\/product"}],"about":[{"href":"https:\/\/khachhang4.web3b.com\/rocketbattery\/wp-json\/wp\/v2\/types\/product"}],"replies":[{"embeddable":true,"href":"https:\/\/khachhang4.web3b.com\/rocketbattery\/wp-json\/wp\/v2\/comments?post=775"}],"wp:featuredmedia":[{"embeddable":true,"href":"https:\/\/khachhang4.web3b.com\/rocketbattery\/wp-json\/wp\/v2\/media\/884"}],"wp:attachment":[{"href":"https:\/\/khachhang4.web3b.com\/rocketbattery\/wp-json\/wp\/v2\/media?parent=775"}],"curies":[{"name":"wp","href":"https:\/\/api.w.org\/{rel}","templated":true}]}}