{"id":814,"date":"2021-03-29T08:49:52","date_gmt":"2021-03-29T01:49:52","guid":{"rendered":"https:\/\/rocketbattery.vn\/?post_type=product&#038;p=814"},"modified":"2021-03-29T15:51:12","modified_gmt":"2021-03-29T08:51:12","slug":"smf-n150-12v-150ah","status":"publish","type":"product","link":"https:\/\/khachhang4.web3b.com\/rocketbattery\/san-pham\/smf-n150-12v-150ah\/","title":{"rendered":"SMF N150 12V 150AH"},"content":{"rendered":"<p><strong>\u0110\u1eb6C \u0110I\u1ec2M S\u1ea2N PH\u1ea8M<\/strong><\/p>\n<table>\n<tbody>\n<tr>\n<td><\/td>\n<td>C\u00f4ng ngh\u1ec7 Lead-Acid Accumulators<\/td>\n<\/tr>\n<tr>\n<td><strong>Dung l\u01b0\u1ee3ng<\/strong><\/td>\n<td>12V \u2013 150AH<\/td>\n<\/tr>\n<tr>\n<td><strong>K\u00edch th\u01b0\u1edbc<\/strong><\/td>\n<td>508 x 222 x 241 (d\u00e0i x r\u1ed9ng x cao)<\/td>\n<\/tr>\n<tr>\n<td><strong>H\u00e3ng s\u1ea3n xu\u1ea5t<\/strong><\/td>\n<td>SEBANG GLOBAL BATTERY CO.,LTD<\/td>\n<\/tr>\n<tr>\n<td><strong>Xu\u1ea5t X\u1ee9<\/strong><\/td>\n<td>NH\u1eacP KH\u1ea8U 100% H\u00c0N QU\u1ed0C<\/td>\n<\/tr>\n<\/tbody>\n<\/table>\n<p><strong>S\u1ea3n ph\u1ea9m \u1eaec Quy ROCKET 12V 150AH SMF SMF N150<\/strong><\/p>\n<p><strong>M\u00f4 T\u1ea3<\/strong>:\u00a0B\u00ecnh ROCKET c\u1ecdc ti\u00eau chu\u1ea9n.<\/p>\n<p><strong>\u0110\u1eb7c T\u00ednh<\/strong>:\u00a0B\u00ecnh \u1eafc quy kh\u00f4 ROCKET C\u00f4ng ngh\u1ec7 Lead-Acid Accumulators, mi\u1ec5n b\u1ea3o d\u01b0\u1ee1ng, kh\u00f4ng c\u1ea7n ch\u00e2m n\u01b0\u1edbc.<\/p>\n<p>\u2013 Acquy \u00a0ROCKET m\u1edbi \u0111\u00e3 ch\u00e2m dung d\u1ecbch axit, n\u1ea1p \u0111\u1ea7y \u0111i\u1ec7n, l\u1eafp \u0111\u1eb7t cho \u00f4 t\u00f4 s\u1eed d\u1ee5ng \u0111\u01b0\u1ee3c ngay.<\/p>\n<p><strong>\u01afu \u0110i\u1ec3m<\/strong>:<\/p>\n<p>\u2013 \u1eaec quy d\u00f9ng cho d\u00f2ng kh\u1edfi \u0111\u1ed9ng nhanh, m\u1ea1nh m\u1ebd, ph\u00f9 h\u1ee3p kh\u00ed h\u1eadu Vi\u1ec7t Nam.<\/p>\n<p>\u2013 C\u00f4ng su\u1ea5t kh\u1edfi \u0111\u1ed9ng \u0111\u00e1ng tin c\u1eady v\u1edbi c\u00f4ng ngh\u1ec7 Lead-Acid Accumulators.<\/p>\n<p>\u2013 C\u00f4ng ngh\u1ec7 t\u1ea5m c\u00f3 \u0111\u1ed9 b\u1ec1n cao mang l\u1ea1i tu\u1ed5i th\u1ecd l\u00e2u h\u01a1n.<\/p>\n<p>\u2013 M\u1ed9t ph\u1ea1m vi ho\u00e0n ch\u1ec9nh \u0111\u01b0\u1ee3c cung c\u1ea5p cho 99% xe tr\u00ean th\u1ecb tr\u01b0\u1eddng.<\/p>\n<p><strong>Ch\u00fa \u00fd:<\/strong><\/p>\n<p>\u2013 Lu\u00f4n \u0111\u1ec3 b\u00ecnh kh\u00f4 ROCKET th\u1eb3ng \u0111\u1ee9ng, tr\u00e1nh ti\u1ebfp x\u00fac tr\u1ef1c ti\u1ebfp v\u1edbi \u00e1nh n\u1eafng m\u1eb7t tr\u1eddi.<\/p>\n<p>\u2013 Gi\u1eef \u1eafc quy\u00a0s\u1ea1ch s\u1ebd v\u00e0 lu\u00f4n lu\u00f4n l\u01b0u tr\u1eef \u1edf n\u01a1i m\u00e1t m\u1ebb, kh\u00f4 r\u00e1o.<\/p>\n<p>\u2013 Kh\u00f4ng bao gi\u1edd x\u1ebfp ch\u1ed3ng l\u00ean tr\u00ean 4 l\u1edbp.<\/p>\n<p>&nbsp;<\/p>\n","protected":false},"excerpt":{"rendered":"<p>\u0110\u1eb6C \u0110I\u1ec2M S\u1ea2N PH\u1ea8M C\u00f4ng ngh\u1ec7 Lead-Acid Accumulators Dung l\u01b0\u1ee3ng 12V \u2013 150AH K\u00edch th\u01b0\u1edbc 508 x 222 x 241 (d\u00e0i x r\u1ed9ng x cao) H\u00e3ng s\u1ea3n xu\u1ea5t SEBANG GLOBAL BATTERY CO.,LTD Xu\u1ea5t X\u1ee9 NH\u1eacP KH\u1ea8U 100% H\u00c0N QU\u1ed0C S\u1ea3n ph\u1ea9m \u1eaec Quy ROCKET 12V 150AH SMF SMF N150 M\u00f4 T\u1ea3:\u00a0B\u00ecnh ROCKET c\u1ecdc ti\u00eau chu\u1ea9n. [&hellip;]<\/p>\n","protected":false},"featured_media":826,"comment_status":"closed","ping_status":"closed","template":"","meta":[],"yoast_head":"<!-- This site is optimized with the Yoast SEO plugin v16.0.2 - https:\/\/yoast.com\/wordpress\/plugins\/seo\/ -->\n<title>SMF N150 12V 150AH - Rocket Battery<\/title>\n<meta property=\"og:locale\" content=\"vi_VN\" \/>\n<meta property=\"og:type\" content=\"article\" \/>\n<meta property=\"og:title\" content=\"SMF N150 12V 150AH - Rocket Battery\" \/>\n<meta property=\"og:description\" content=\"\u0110\u1eb6C \u0110I\u1ec2M S\u1ea2N PH\u1ea8M C\u00f4ng ngh\u1ec7 Lead-Acid Accumulators Dung l\u01b0\u1ee3ng 12V \u2013 150AH K\u00edch th\u01b0\u1edbc 508 x 222 x 241 (d\u00e0i x r\u1ed9ng x cao) H\u00e3ng s\u1ea3n xu\u1ea5t SEBANG GLOBAL BATTERY CO.,LTD Xu\u1ea5t X\u1ee9 NH\u1eacP KH\u1ea8U 100% H\u00c0N QU\u1ed0C S\u1ea3n ph\u1ea9m \u1eaec Quy ROCKET 12V 150AH SMF SMF N150 M\u00f4 T\u1ea3:\u00a0B\u00ecnh ROCKET c\u1ecdc ti\u00eau chu\u1ea9n. [&hellip;]\" \/>\n<meta property=\"og:url\" content=\"https:\/\/khachhang4.web3b.com\/rocketbattery\/san-pham\/smf-n150-12v-150ah\/\" \/>\n<meta property=\"og:site_name\" content=\"Rocket Battery\" \/>\n<meta property=\"article:modified_time\" content=\"2021-03-29T08:51:12+00:00\" \/>\n<meta property=\"og:image\" content=\"https:\/\/khachhang4.web3b.com\/rocketbattery\/wp-content\/uploads\/2021\/03\/150.png\" \/>\n\t<meta property=\"og:image:width\" content=\"577\" \/>\n\t<meta property=\"og:image:height\" content=\"433\" \/>\n<meta name=\"twitter:card\" content=\"summary_large_image\" \/>\n<meta name=\"twitter:label1\" content=\"\u01af\u1edbc t\u00ednh th\u1eddi gian \u0111\u1ecdc\">\n\t<meta name=\"twitter:data1\" content=\"1 ph\u00fat\">\n<script type=\"application\/ld+json\" class=\"yoast-schema-graph\">{\"@context\":\"https:\/\/schema.org\",\"@graph\":[{\"@type\":\"WebSite\",\"@id\":\"https:\/\/khachhang4.web3b.com\/rocketbattery\/#website\",\"url\":\"https:\/\/khachhang4.web3b.com\/rocketbattery\/\",\"name\":\"Rocket Battery\",\"description\":\"\",\"potentialAction\":[{\"@type\":\"SearchAction\",\"target\":\"https:\/\/khachhang4.web3b.com\/rocketbattery\/?s={search_term_string}\",\"query-input\":\"required name=search_term_string\"}],\"inLanguage\":\"vi\"},{\"@type\":\"ImageObject\",\"@id\":\"https:\/\/khachhang4.web3b.com\/rocketbattery\/san-pham\/smf-n150-12v-150ah\/#primaryimage\",\"inLanguage\":\"vi\",\"url\":\"https:\/\/khachhang4.web3b.com\/rocketbattery\/wp-content\/uploads\/2021\/03\/150.png\",\"width\":577,\"height\":433},{\"@type\":\"WebPage\",\"@id\":\"https:\/\/khachhang4.web3b.com\/rocketbattery\/san-pham\/smf-n150-12v-150ah\/#webpage\",\"url\":\"https:\/\/khachhang4.web3b.com\/rocketbattery\/san-pham\/smf-n150-12v-150ah\/\",\"name\":\"SMF N150 12V 150AH - Rocket Battery\",\"isPartOf\":{\"@id\":\"https:\/\/khachhang4.web3b.com\/rocketbattery\/#website\"},\"primaryImageOfPage\":{\"@id\":\"https:\/\/khachhang4.web3b.com\/rocketbattery\/san-pham\/smf-n150-12v-150ah\/#primaryimage\"},\"datePublished\":\"2021-03-29T01:49:52+00:00\",\"dateModified\":\"2021-03-29T08:51:12+00:00\",\"breadcrumb\":{\"@id\":\"https:\/\/khachhang4.web3b.com\/rocketbattery\/san-pham\/smf-n150-12v-150ah\/#breadcrumb\"},\"inLanguage\":\"vi\",\"potentialAction\":[{\"@type\":\"ReadAction\",\"target\":[\"https:\/\/khachhang4.web3b.com\/rocketbattery\/san-pham\/smf-n150-12v-150ah\/\"]}]},{\"@type\":\"BreadcrumbList\",\"@id\":\"https:\/\/khachhang4.web3b.com\/rocketbattery\/san-pham\/smf-n150-12v-150ah\/#breadcrumb\",\"itemListElement\":[{\"@type\":\"ListItem\",\"position\":1,\"item\":{\"@type\":\"WebPage\",\"@id\":\"https:\/\/khachhang4.web3b.com\/rocketbattery\/\",\"url\":\"https:\/\/khachhang4.web3b.com\/rocketbattery\/\",\"name\":\"Trang ch\\u1ee7\"}},{\"@type\":\"ListItem\",\"position\":2,\"item\":{\"@type\":\"WebPage\",\"@id\":\"https:\/\/khachhang4.web3b.com\/rocketbattery\/san-pham\/\",\"url\":\"https:\/\/khachhang4.web3b.com\/rocketbattery\/san-pham\/\",\"name\":\"S\\u1ea3n ph\\u1ea9m\"}},{\"@type\":\"ListItem\",\"position\":3,\"item\":{\"@type\":\"WebPage\",\"@id\":\"https:\/\/khachhang4.web3b.com\/rocketbattery\/san-pham\/smf-n150-12v-150ah\/\",\"url\":\"https:\/\/khachhang4.web3b.com\/rocketbattery\/san-pham\/smf-n150-12v-150ah\/\",\"name\":\"SMF N150 12V 150AH\"}}]}]}<\/script>\n<!-- \/ Yoast SEO plugin. -->","_links":{"self":[{"href":"https:\/\/khachhang4.web3b.com\/rocketbattery\/wp-json\/wp\/v2\/product\/814"}],"collection":[{"href":"https:\/\/khachhang4.web3b.com\/rocketbattery\/wp-json\/wp\/v2\/product"}],"about":[{"href":"https:\/\/khachhang4.web3b.com\/rocketbattery\/wp-json\/wp\/v2\/types\/product"}],"replies":[{"embeddable":true,"href":"https:\/\/khachhang4.web3b.com\/rocketbattery\/wp-json\/wp\/v2\/comments?post=814"}],"wp:featuredmedia":[{"embeddable":true,"href":"https:\/\/khachhang4.web3b.com\/rocketbattery\/wp-json\/wp\/v2\/media\/826"}],"wp:attachment":[{"href":"https:\/\/khachhang4.web3b.com\/rocketbattery\/wp-json\/wp\/v2\/media?parent=814"}],"curies":[{"name":"wp","href":"https:\/\/api.w.org\/{rel}","templated":true}]}}