{"id":896,"date":"2021-03-31T09:30:50","date_gmt":"2021-03-31T02:30:50","guid":{"rendered":"https:\/\/rocketbattery.vn\/?post_type=product&#038;p=896"},"modified":"2021-03-31T09:34:29","modified_gmt":"2021-03-31T02:34:29","slug":"rocket-agm-l3-70ah","status":"publish","type":"product","link":"https:\/\/khachhang4.web3b.com\/rocketbattery\/san-pham\/rocket-agm-l3-70ah\/","title":{"rendered":"ROCKET AGM L3- 70AH"},"content":{"rendered":"<p><strong>\u0110\u1eb6C \u0110I\u1ec2M S\u1ea2N PH\u1ea8M<\/strong><\/p>\n<table>\n<tbody>\n<tr>\n<td><\/td>\n<td>C\u00f4ng ngh\u1ec7 AGM<\/td>\n<\/tr>\n<tr>\n<td>Dung l\u01b0\u1ee3ng<\/td>\n<td>12V \u2013 70AH<\/td>\n<\/tr>\n<tr>\n<td>K\u00edch th\u01b0\u1edbc<\/td>\n<td>277 x 175 x 190 (d\u00e0i x r\u1ed9ng x cao)<\/td>\n<\/tr>\n<tr>\n<td>H\u00e3ng s\u1ea3n xu\u1ea5t<\/td>\n<td>SEBANG GLOBAL BATTERY CO.,LTD<\/td>\n<\/tr>\n<tr>\n<td>Xu\u1ea5t X\u1ee9<\/td>\n<td>NH\u1eacP KH\u1ea8U 100% H\u00c0N QU\u1ed0C<\/td>\n<\/tr>\n<\/tbody>\n<\/table>\n<p>&nbsp;<\/p>\n<p><strong>S\u1ea3n ph\u1ea9m \u1eaec Quy ROCKET 12V 70Ah AGM L3<\/strong><\/p>\n<p><strong>M\u00f4 T\u1ea3:\u00a0<\/strong>B\u00ecnh ROCKET c\u1ecdc ti\u00eau chu\u1ea9n.<\/p>\n<p><strong>\u0110\u1eb7c T\u00ednh:<\/strong>\u00a0B\u00ecnh \u1eafc quy kh\u00f4 ROCKET c\u00f4ng ngh\u1ec7 AGM d\u00e0nh ri\u00eang cho d\u00f2ng xe Start Stop, mi\u1ec5n b\u1ea3o d\u01b0\u1ee1ng, kh\u00f4ng c\u1ea7n ch\u00e2m n\u01b0\u1edbc.<\/p>\n<p>\u2013 \u1eaec Quy ROCKET m\u1edbi \u0111\u00e3 ch\u00e2m dung d\u1ecbch a xit, n\u1ea1p \u0111\u1ea7y \u0111i\u1ec7n, l\u1eafp \u0111\u1eb7t cho \u00f4 t\u00f4 s\u1eed d\u1ee5ng \u0111\u01b0\u1ee3c ngay.<\/p>\n<p><strong>\u01afu \u0110i\u1ec3m:<\/strong><\/p>\n<p>\u2013 \u1eaec quy d\u00f9ng cho d\u00f2ng kh\u1edfi \u0111\u1ed9ng nhanh, m\u1ea1nh m\u1ebd, ph\u00f9 h\u1ee3p kh\u00ed h\u1eadu Vi\u1ec7t Nam.<\/p>\n<p>\u2013 Tu\u1ed5i th\u1ecd cao h\u01a1n \u2013 Th\u1eddi gian s\u1ea1c g\u1ea5p 130%.<\/p>\n<p>\u2013 N\u0103ng l\u01b0\u1ee3ng kh\u1edfi \u0111\u1ed9ng h\u01a1n: 115% \u0111\u1ec3 ph\u00f9 h\u1ee3p cho vi\u1ec7c kh\u1edfi \u0111\u1ed9ng l\u1ea1i nhi\u1ec1u l\u1ea7n trong ng\u00e0y.<\/p>\n<p><strong>Ch\u00fa \u00fd:<\/strong><\/p>\n<p>\u2013 Lu\u00f4n \u0111\u1ec3 b\u00ecnh ROCKET th\u1eb3ng \u0111\u1ee9ng, tr\u00e1nh \u0111\u1ec3 b\u00ecnh nghi\u00eang ng\u1ea3 g\u00e2y r\u00f2 r\u1ec9 axit ra ngo\u00e0i.<\/p>\n<p>\u2013 Gi\u1eef \u1eafc quy s\u1ea1ch s\u1ebd v\u00e0 lu\u00f4n lu\u00f4n l\u01b0u tr\u1eef \u1edf n\u01a1i m\u00e1t m\u1ebb, kh\u00f4 r\u00e1o.<\/p>\n<p>\u2013 Lu\u00f4n tu\u00e2n th\u1ee7 quy tr\u00ecnh l\u1eafp \u0111\u1eb7t, l\u1eafp c\u1ef1c d\u01b0\u01a1ng (+) tr\u01b0\u1edbc, th\u00e1o c\u1ef1c \u00e2m (-) tr\u01b0\u1edbc.<\/p>\n<p>\u2013 Ki\u1ec3m tra v\u00e0 s\u1eed d\u1ee5ng \u1eafc quy th\u01b0\u1eddng xuy\u00ean \u0111\u1ec3 c\u00f3 ph\u01b0\u01a1ng an x\u1eed l\u00fd ho\u1eb7c thay th\u1ebf.<\/p>\n<p>\u2013 L\u01b0u kho qu\u00e1 6 th\u00e1ng c\u1ea7n n\u1ea1p tr\u01b0\u1edbc khi b\u00e1n.<\/p>\n<p><strong>\u1eaec Quy ROCKET 12V 70AH AGM L3<\/strong><strong> \u0111\u01b0\u1ee3c l\u1eafp cho c\u00e1c d\u00f2ng xe \u00f4t\u00f4 cao c\u1ea5p \u0111\u01b0\u1ee3c trang b\u1ecb h\u1ec7 th\u1ed1ng start\/stop nh\u01b0 c\u00e1c h\u00e3ng xe:<\/strong>\u00a0Bentley, BMW, Citro\u00ebn, General Motors, Jaguar, Land Rover, Mahindra &amp; Mahindra, Volkswagen, \u2026<\/p>\n<p>&nbsp;<\/p>\n","protected":false},"excerpt":{"rendered":"<p>\u0110\u1eb6C \u0110I\u1ec2M S\u1ea2N PH\u1ea8M C\u00f4ng ngh\u1ec7 AGM Dung l\u01b0\u1ee3ng 12V \u2013 70AH K\u00edch th\u01b0\u1edbc 277 x 175 x 190 (d\u00e0i x r\u1ed9ng x cao) H\u00e3ng s\u1ea3n xu\u1ea5t SEBANG GLOBAL BATTERY CO.,LTD Xu\u1ea5t X\u1ee9 NH\u1eacP KH\u1ea8U 100% H\u00c0N QU\u1ed0C &nbsp; S\u1ea3n ph\u1ea9m \u1eaec Quy ROCKET 12V 70Ah AGM L3 M\u00f4 T\u1ea3:\u00a0B\u00ecnh ROCKET c\u1ecdc ti\u00eau chu\u1ea9n. \u0110\u1eb7c [&hellip;]<\/p>\n","protected":false},"featured_media":897,"comment_status":"closed","ping_status":"closed","template":"","meta":[],"yoast_head":"<!-- This site is optimized with the Yoast SEO plugin v16.0.2 - https:\/\/yoast.com\/wordpress\/plugins\/seo\/ -->\n<title>ROCKET AGM L3- 70AH - Rocket Battery<\/title>\n<meta property=\"og:locale\" content=\"vi_VN\" \/>\n<meta property=\"og:type\" content=\"article\" \/>\n<meta property=\"og:title\" content=\"ROCKET AGM L3- 70AH - Rocket Battery\" \/>\n<meta property=\"og:description\" content=\"\u0110\u1eb6C \u0110I\u1ec2M S\u1ea2N PH\u1ea8M C\u00f4ng ngh\u1ec7 AGM Dung l\u01b0\u1ee3ng 12V \u2013 70AH K\u00edch th\u01b0\u1edbc 277 x 175 x 190 (d\u00e0i x r\u1ed9ng x cao) H\u00e3ng s\u1ea3n xu\u1ea5t SEBANG GLOBAL BATTERY CO.,LTD Xu\u1ea5t X\u1ee9 NH\u1eacP KH\u1ea8U 100% H\u00c0N QU\u1ed0C &nbsp; S\u1ea3n ph\u1ea9m \u1eaec Quy ROCKET 12V 70Ah AGM L3 M\u00f4 T\u1ea3:\u00a0B\u00ecnh ROCKET c\u1ecdc ti\u00eau chu\u1ea9n. \u0110\u1eb7c [&hellip;]\" \/>\n<meta property=\"og:url\" content=\"https:\/\/khachhang4.web3b.com\/rocketbattery\/san-pham\/rocket-agm-l3-70ah\/\" \/>\n<meta property=\"og:site_name\" content=\"Rocket Battery\" \/>\n<meta property=\"article:modified_time\" content=\"2021-03-31T02:34:29+00:00\" \/>\n<meta property=\"og:image\" content=\"https:\/\/khachhang4.web3b.com\/rocketbattery\/wp-content\/uploads\/2021\/03\/AGM-L3.png\" \/>\n\t<meta property=\"og:image:width\" content=\"575\" \/>\n\t<meta property=\"og:image:height\" content=\"434\" \/>\n<meta name=\"twitter:card\" content=\"summary_large_image\" \/>\n<meta name=\"twitter:label1\" content=\"\u01af\u1edbc t\u00ednh th\u1eddi gian \u0111\u1ecdc\">\n\t<meta name=\"twitter:data1\" content=\"2 ph\u00fat\">\n<script type=\"application\/ld+json\" class=\"yoast-schema-graph\">{\"@context\":\"https:\/\/schema.org\",\"@graph\":[{\"@type\":\"WebSite\",\"@id\":\"https:\/\/khachhang4.web3b.com\/rocketbattery\/#website\",\"url\":\"https:\/\/khachhang4.web3b.com\/rocketbattery\/\",\"name\":\"Rocket Battery\",\"description\":\"\",\"potentialAction\":[{\"@type\":\"SearchAction\",\"target\":\"https:\/\/khachhang4.web3b.com\/rocketbattery\/?s={search_term_string}\",\"query-input\":\"required name=search_term_string\"}],\"inLanguage\":\"vi\"},{\"@type\":\"ImageObject\",\"@id\":\"https:\/\/khachhang4.web3b.com\/rocketbattery\/san-pham\/rocket-agm-l3-70ah\/#primaryimage\",\"inLanguage\":\"vi\",\"url\":\"https:\/\/khachhang4.web3b.com\/rocketbattery\/wp-content\/uploads\/2021\/03\/AGM-L3.png\",\"width\":575,\"height\":434},{\"@type\":\"WebPage\",\"@id\":\"https:\/\/khachhang4.web3b.com\/rocketbattery\/san-pham\/rocket-agm-l3-70ah\/#webpage\",\"url\":\"https:\/\/khachhang4.web3b.com\/rocketbattery\/san-pham\/rocket-agm-l3-70ah\/\",\"name\":\"ROCKET AGM L3- 70AH - Rocket Battery\",\"isPartOf\":{\"@id\":\"https:\/\/khachhang4.web3b.com\/rocketbattery\/#website\"},\"primaryImageOfPage\":{\"@id\":\"https:\/\/khachhang4.web3b.com\/rocketbattery\/san-pham\/rocket-agm-l3-70ah\/#primaryimage\"},\"datePublished\":\"2021-03-31T02:30:50+00:00\",\"dateModified\":\"2021-03-31T02:34:29+00:00\",\"breadcrumb\":{\"@id\":\"https:\/\/khachhang4.web3b.com\/rocketbattery\/san-pham\/rocket-agm-l3-70ah\/#breadcrumb\"},\"inLanguage\":\"vi\",\"potentialAction\":[{\"@type\":\"ReadAction\",\"target\":[\"https:\/\/khachhang4.web3b.com\/rocketbattery\/san-pham\/rocket-agm-l3-70ah\/\"]}]},{\"@type\":\"BreadcrumbList\",\"@id\":\"https:\/\/khachhang4.web3b.com\/rocketbattery\/san-pham\/rocket-agm-l3-70ah\/#breadcrumb\",\"itemListElement\":[{\"@type\":\"ListItem\",\"position\":1,\"item\":{\"@type\":\"WebPage\",\"@id\":\"https:\/\/khachhang4.web3b.com\/rocketbattery\/\",\"url\":\"https:\/\/khachhang4.web3b.com\/rocketbattery\/\",\"name\":\"Trang ch\\u1ee7\"}},{\"@type\":\"ListItem\",\"position\":2,\"item\":{\"@type\":\"WebPage\",\"@id\":\"https:\/\/khachhang4.web3b.com\/rocketbattery\/san-pham\/\",\"url\":\"https:\/\/khachhang4.web3b.com\/rocketbattery\/san-pham\/\",\"name\":\"S\\u1ea3n ph\\u1ea9m\"}},{\"@type\":\"ListItem\",\"position\":3,\"item\":{\"@type\":\"WebPage\",\"@id\":\"https:\/\/khachhang4.web3b.com\/rocketbattery\/san-pham\/rocket-agm-l3-70ah\/\",\"url\":\"https:\/\/khachhang4.web3b.com\/rocketbattery\/san-pham\/rocket-agm-l3-70ah\/\",\"name\":\"ROCKET AGM L3- 70AH\"}}]}]}<\/script>\n<!-- \/ Yoast SEO plugin. -->","_links":{"self":[{"href":"https:\/\/khachhang4.web3b.com\/rocketbattery\/wp-json\/wp\/v2\/product\/896"}],"collection":[{"href":"https:\/\/khachhang4.web3b.com\/rocketbattery\/wp-json\/wp\/v2\/product"}],"about":[{"href":"https:\/\/khachhang4.web3b.com\/rocketbattery\/wp-json\/wp\/v2\/types\/product"}],"replies":[{"embeddable":true,"href":"https:\/\/khachhang4.web3b.com\/rocketbattery\/wp-json\/wp\/v2\/comments?post=896"}],"wp:featuredmedia":[{"embeddable":true,"href":"https:\/\/khachhang4.web3b.com\/rocketbattery\/wp-json\/wp\/v2\/media\/897"}],"wp:attachment":[{"href":"https:\/\/khachhang4.web3b.com\/rocketbattery\/wp-json\/wp\/v2\/media?parent=896"}],"curies":[{"name":"wp","href":"https:\/\/api.w.org\/{rel}","templated":true}]}}