{"id":977,"date":"2021-04-23T15:20:35","date_gmt":"2021-04-23T08:20:35","guid":{"rendered":"https:\/\/rocketbattery.vn\/?post_type=product&#038;p=977"},"modified":"2021-04-23T15:20:36","modified_gmt":"2021-04-23T08:20:36","slug":"rocket-es-26-12-12v-26ah","status":"publish","type":"product","link":"https:\/\/khachhang4.web3b.com\/rocketbattery\/san-pham\/rocket-es-26-12-12v-26ah\/","title":{"rendered":"Rocket ES 26-12 12V 26AH"},"content":{"rendered":"<p>&nbsp;<\/p>\n<p><strong>\u0110\u1eb6C \u0110I\u1ec2M S\u1ea2N PH\u1ea8M<\/strong><\/p>\n<table>\n<tbody>\n<tr>\n<td><strong>\u00a0<\/strong><\/td>\n<td><strong>C\u00f4ng ngh\u1ec7 Rocket AGM &#8211; VRLA<\/strong><\/td>\n<\/tr>\n<tr>\n<td><strong>Dung l\u01b0\u1ee3ng<\/strong><\/td>\n<td><strong>12V \u2013 26AH<\/strong><\/td>\n<\/tr>\n<tr>\n<td><strong>K\u00edch th\u01b0\u1edbc<\/strong><\/td>\n<td><strong>166 x 175 x 125 (d\u00e0i x r\u1ed9ng x cao)<\/strong><\/td>\n<\/tr>\n<tr>\n<td><strong>H\u00e3ng s\u1ea3n xu\u1ea5t<\/strong><\/td>\n<td><strong>SEBANG GLOBAL BATTERY CO.,LTD<\/strong><\/td>\n<\/tr>\n<tr>\n<td><strong>Xu\u1ea5t X\u1ee9<\/strong><\/td>\n<td><strong>NH\u1eacP KH\u1ea8U 100% H\u00c0N QU\u1ed0C<\/strong><\/td>\n<\/tr>\n<\/tbody>\n<\/table>\n<p><strong>S\u1ea3n ph\u1ea9m \u1eaec Quy ROCKET 12V 26AH ES 26-12<\/strong><\/p>\n<p><strong>M\u00f4 T\u1ea3:\u00a0B\u00ecnh ROCKET \u00a0c\u1ecdc ti\u00eau chu\u1ea9n.<\/strong><\/p>\n<p><strong>\u0110\u1eb6C T\u00cdNH K\u1ef8 THU\u1eacT<\/strong><\/p>\n<p><strong>H\u1ec7 th\u1ed1ng t\u1ea5m l\u00f3t k\u00ednh h\u1ea5p th\u1ee5 trong x\u00e2y d\u1ef1ng k\u00edn kh\u00f4ng th\u1ec3 t\u00e1ch r\u1eddi (H\u1ec7 th\u1ed1ng AGM)<\/strong><\/p>\n<p><strong>H\u1ed9p \u0111\u1ef1ng v\u00e0 n\u1eafp \u0111\u1eady b\u1eb1ng ABS (Acrylonitrile Butadiene Styrene)<\/strong> <strong>\u00a0<\/strong><\/p>\n<p><strong>Tu\u1ed5i th\u1ecd cao<\/strong><\/p>\n<p><strong>Mi\u1ec5n <\/strong><strong>B\u1ea3o tr\u00ec &#8211; V\u1eadn h\u00e0nh <\/strong><\/p>\n<p><strong>H\u1ec7 th\u1ed1ng th\u00f4ng gi\u00f3 \u00e1p su\u1ea5t th\u1ea5p<\/strong><strong>\u00a0\u00a0\u00a0\u00a0\u00a0\u00a0\u00a0\u00a0\u00a0\u00a0\u00a0\u00a0\u00a0\u00a0\u00a0\u00a0\u00a0\u00a0\u00a0\u00a0\u00a0\u00a0\u00a0\u00a0\u00a0\u00a0\u00a0\u00a0\u00a0\u00a0\u00a0\u00a0\u00a0\u00a0\u00a0\u00a0\u00a0\u00a0\u00a0\u00a0\u00a0\u00a0\u00a0\u00a0\u00a0\u00a0\u00a0\u00a0\u00a0\u00a0\u00a0\u00a0\u00a0\u00a0\u00a0\u00a0\u00a0\u00a0\u00a0\u00a0\u00a0\u00a0 <\/strong><\/p>\n<p><strong>Ph\u1ea1m vi nhi\u1ec7t \u0111\u1ed9 <\/strong><strong>ho\u1ea1t \u0111\u1ed9ng r\u1ed9ng (An to\u00e0n v\u00e0 hi\u1ec7u qu\u1ea3) \u00a0\u00a0\u00a0<\/strong><\/p>\n<p><strong>Ti\u00eau chu\u1ea9n Rocket ES<\/strong><\/p>\n<p><strong>\u1ee8ng D\u1ee5ng: <\/strong><\/p>\n<p><strong>\u2013 <\/strong><strong>UPS<\/strong><strong>\u00a0\u00a0\u00a0\u00a0\u00a0\u00a0\u00a0\u00a0\u00a0\u00a0\u00a0\u00a0\u00a0\u00a0\u00a0\u00a0\u00a0\u00a0\u00a0\u00a0\u00a0\u00a0\u00a0\u00a0\u00a0\u00a0\u00a0\u00a0\u00a0\u00a0\u00a0\u00a0\u00a0\u00a0\u00a0\u00a0\u00a0\u00a0\u00a0\u00a0\u00a0\u00a0\u00a0\u00a0\u00a0\u00a0\u00a0\u00a0\u00a0\u00a0\u00a0\u00a0\u00a0\u00a0\u00a0\u00a0\u00a0\u00a0\u00a0\u00a0\u00a0\u00a0\u00a0\u00a0\u00a0\u00a0\u00a0\u00a0\u00a0 <\/strong><\/p>\n<p><strong>\u2013<\/strong> <strong>Thi\u1ebft b\u1ecb th\u00f4ng tin li\u00ean l\u1ea1c vi\u1ec5n th\u00f4ng\u00a0\u00a0\u00a0\u00a0\u00a0\u00a0\u00a0\u00a0\u00a0 <\/strong><\/p>\n<p><strong>\u2013 <\/strong><strong>H\u1ec7 th\u1ed1ng b\u00e1o ch\u00e1y &amp; an ninh<\/strong><strong>\u00a0\u00a0\u00a0\u00a0\u00a0\u00a0\u00a0\u00a0\u00a0\u00a0\u00a0\u00a0\u00a0\u00a0\u00a0\u00a0\u00a0\u00a0\u00a0\u00a0\u00a0\u00a0\u00a0\u00a0\u00a0 <\/strong><\/p>\n<p><strong>\u2013 Thi\u1ebft B\u1ecb<\/strong><strong> Y t\u1ebf<\/strong><strong>\u00a0\u00a0\u00a0\u00a0\u00a0\u00a0\u00a0\u00a0\u00a0\u00a0\u00a0\u00a0\u00a0\u00a0\u00a0\u00a0\u00a0\u00a0\u00a0\u00a0\u00a0\u00a0\u00a0\u00a0\u00a0\u00a0\u00a0\u00a0\u00a0\u00a0\u00a0\u00a0\u00a0\u00a0\u00a0\u00a0\u00a0\u00a0\u00a0\u00a0\u00a0\u00a0\u00a0\u00a0\u00a0\u00a0\u00a0\u00a0\u00a0 <\/strong><\/p>\n<p><strong>Ch\u00fa \u00fd:<\/strong><\/p>\n<p><strong>\u2013 Lu\u00f4n \u0111\u1ec3 b\u00ecnh kh\u00f4 ROCKET th\u1eb3ng \u0111\u1ee9ng, tr\u00e1nh ti\u1ebfp x\u00fac tr\u1ef1c ti\u1ebfp v\u1edbi \u00e1nh n\u1eafng m\u1eb7t tr\u1eddi.<\/strong><\/p>\n<p><strong>\u2013 Gi\u1eef \u1eafc quy\u00a0s\u1ea1ch s\u1ebd v\u00e0 lu\u00f4n lu\u00f4n l\u01b0u tr\u1eef \u1edf n\u01a1i m\u00e1t m\u1ebb, kh\u00f4 r\u00e1o.<\/strong><\/p>\n<p><strong>\u2013 Kh\u00f4ng bao gi\u1edd x\u1ebfp ch\u1ed3ng l\u00ean tr\u00ean 4 l\u1edbp.<\/strong><\/p>\n<p>&nbsp;<\/p>\n<p>&nbsp;<\/p>\n<p>&nbsp;<\/p>\n<p>&nbsp;<\/p>\n","protected":false},"excerpt":{"rendered":"<p>&nbsp; \u0110\u1eb6C \u0110I\u1ec2M S\u1ea2N PH\u1ea8M \u00a0 C\u00f4ng ngh\u1ec7 Rocket AGM &#8211; VRLA Dung l\u01b0\u1ee3ng 12V \u2013 26AH K\u00edch th\u01b0\u1edbc 166 x 175 x 125 (d\u00e0i x r\u1ed9ng x cao) H\u00e3ng s\u1ea3n xu\u1ea5t SEBANG GLOBAL BATTERY CO.,LTD Xu\u1ea5t X\u1ee9 NH\u1eacP KH\u1ea8U 100% H\u00c0N QU\u1ed0C S\u1ea3n ph\u1ea9m \u1eaec Quy ROCKET 12V 26AH ES 26-12 M\u00f4 T\u1ea3:\u00a0B\u00ecnh ROCKET [&hellip;]<\/p>\n","protected":false},"featured_media":978,"comment_status":"closed","ping_status":"closed","template":"","meta":[],"yoast_head":"<!-- This site is optimized with the Yoast SEO plugin v16.0.2 - https:\/\/yoast.com\/wordpress\/plugins\/seo\/ -->\n<title>Rocket ES 26-12 12V 26AH - Rocket Battery<\/title>\n<meta property=\"og:locale\" content=\"vi_VN\" \/>\n<meta property=\"og:type\" content=\"article\" \/>\n<meta property=\"og:title\" content=\"Rocket ES 26-12 12V 26AH - Rocket Battery\" \/>\n<meta property=\"og:description\" content=\"&nbsp; \u0110\u1eb6C \u0110I\u1ec2M S\u1ea2N PH\u1ea8M \u00a0 C\u00f4ng ngh\u1ec7 Rocket AGM &#8211; VRLA Dung l\u01b0\u1ee3ng 12V \u2013 26AH K\u00edch th\u01b0\u1edbc 166 x 175 x 125 (d\u00e0i x r\u1ed9ng x cao) H\u00e3ng s\u1ea3n xu\u1ea5t SEBANG GLOBAL BATTERY CO.,LTD Xu\u1ea5t X\u1ee9 NH\u1eacP KH\u1ea8U 100% H\u00c0N QU\u1ed0C S\u1ea3n ph\u1ea9m \u1eaec Quy ROCKET 12V 26AH ES 26-12 M\u00f4 T\u1ea3:\u00a0B\u00ecnh ROCKET [&hellip;]\" \/>\n<meta property=\"og:url\" content=\"https:\/\/khachhang4.web3b.com\/rocketbattery\/san-pham\/rocket-es-26-12-12v-26ah\/\" \/>\n<meta property=\"og:site_name\" content=\"Rocket Battery\" \/>\n<meta property=\"article:modified_time\" content=\"2021-04-23T08:20:36+00:00\" \/>\n<meta property=\"og:image\" content=\"https:\/\/khachhang4.web3b.com\/rocketbattery\/wp-content\/uploads\/2021\/04\/ES26-12.jpg\" \/>\n\t<meta property=\"og:image:width\" content=\"2560\" \/>\n\t<meta property=\"og:image:height\" content=\"1920\" \/>\n<meta name=\"twitter:card\" content=\"summary_large_image\" \/>\n<meta name=\"twitter:label1\" content=\"\u01af\u1edbc t\u00ednh th\u1eddi gian \u0111\u1ecdc\">\n\t<meta name=\"twitter:data1\" content=\"1 ph\u00fat\">\n<script type=\"application\/ld+json\" class=\"yoast-schema-graph\">{\"@context\":\"https:\/\/schema.org\",\"@graph\":[{\"@type\":\"WebSite\",\"@id\":\"https:\/\/khachhang4.web3b.com\/rocketbattery\/#website\",\"url\":\"https:\/\/khachhang4.web3b.com\/rocketbattery\/\",\"name\":\"Rocket Battery\",\"description\":\"\",\"potentialAction\":[{\"@type\":\"SearchAction\",\"target\":\"https:\/\/khachhang4.web3b.com\/rocketbattery\/?s={search_term_string}\",\"query-input\":\"required name=search_term_string\"}],\"inLanguage\":\"vi\"},{\"@type\":\"ImageObject\",\"@id\":\"https:\/\/khachhang4.web3b.com\/rocketbattery\/san-pham\/rocket-es-26-12-12v-26ah\/#primaryimage\",\"inLanguage\":\"vi\",\"url\":\"https:\/\/khachhang4.web3b.com\/rocketbattery\/wp-content\/uploads\/2021\/04\/ES26-12.jpg\",\"width\":2560,\"height\":1920},{\"@type\":\"WebPage\",\"@id\":\"https:\/\/khachhang4.web3b.com\/rocketbattery\/san-pham\/rocket-es-26-12-12v-26ah\/#webpage\",\"url\":\"https:\/\/khachhang4.web3b.com\/rocketbattery\/san-pham\/rocket-es-26-12-12v-26ah\/\",\"name\":\"Rocket ES 26-12 12V 26AH - Rocket Battery\",\"isPartOf\":{\"@id\":\"https:\/\/khachhang4.web3b.com\/rocketbattery\/#website\"},\"primaryImageOfPage\":{\"@id\":\"https:\/\/khachhang4.web3b.com\/rocketbattery\/san-pham\/rocket-es-26-12-12v-26ah\/#primaryimage\"},\"datePublished\":\"2021-04-23T08:20:35+00:00\",\"dateModified\":\"2021-04-23T08:20:36+00:00\",\"breadcrumb\":{\"@id\":\"https:\/\/khachhang4.web3b.com\/rocketbattery\/san-pham\/rocket-es-26-12-12v-26ah\/#breadcrumb\"},\"inLanguage\":\"vi\",\"potentialAction\":[{\"@type\":\"ReadAction\",\"target\":[\"https:\/\/khachhang4.web3b.com\/rocketbattery\/san-pham\/rocket-es-26-12-12v-26ah\/\"]}]},{\"@type\":\"BreadcrumbList\",\"@id\":\"https:\/\/khachhang4.web3b.com\/rocketbattery\/san-pham\/rocket-es-26-12-12v-26ah\/#breadcrumb\",\"itemListElement\":[{\"@type\":\"ListItem\",\"position\":1,\"item\":{\"@type\":\"WebPage\",\"@id\":\"https:\/\/khachhang4.web3b.com\/rocketbattery\/\",\"url\":\"https:\/\/khachhang4.web3b.com\/rocketbattery\/\",\"name\":\"Trang ch\\u1ee7\"}},{\"@type\":\"ListItem\",\"position\":2,\"item\":{\"@type\":\"WebPage\",\"@id\":\"https:\/\/khachhang4.web3b.com\/rocketbattery\/san-pham\/\",\"url\":\"https:\/\/khachhang4.web3b.com\/rocketbattery\/san-pham\/\",\"name\":\"S\\u1ea3n ph\\u1ea9m\"}},{\"@type\":\"ListItem\",\"position\":3,\"item\":{\"@type\":\"WebPage\",\"@id\":\"https:\/\/khachhang4.web3b.com\/rocketbattery\/san-pham\/rocket-es-26-12-12v-26ah\/\",\"url\":\"https:\/\/khachhang4.web3b.com\/rocketbattery\/san-pham\/rocket-es-26-12-12v-26ah\/\",\"name\":\"Rocket ES 26-12 12V 26AH\"}}]}]}<\/script>\n<!-- \/ Yoast SEO plugin. -->","_links":{"self":[{"href":"https:\/\/khachhang4.web3b.com\/rocketbattery\/wp-json\/wp\/v2\/product\/977"}],"collection":[{"href":"https:\/\/khachhang4.web3b.com\/rocketbattery\/wp-json\/wp\/v2\/product"}],"about":[{"href":"https:\/\/khachhang4.web3b.com\/rocketbattery\/wp-json\/wp\/v2\/types\/product"}],"replies":[{"embeddable":true,"href":"https:\/\/khachhang4.web3b.com\/rocketbattery\/wp-json\/wp\/v2\/comments?post=977"}],"wp:featuredmedia":[{"embeddable":true,"href":"https:\/\/khachhang4.web3b.com\/rocketbattery\/wp-json\/wp\/v2\/media\/978"}],"wp:attachment":[{"href":"https:\/\/khachhang4.web3b.com\/rocketbattery\/wp-json\/wp\/v2\/media?parent=977"}],"curies":[{"name":"wp","href":"https:\/\/api.w.org\/{rel}","templated":true}]}}